{"id":6727,"date":"2022-01-23T22:48:48","date_gmt":"2022-01-23T21:48:48","guid":{"rendered":"https:\/\/www.hml-fetish.de\/shop\/?post_type=product&#038;p=6727"},"modified":"2025-01-15T14:16:20","modified_gmt":"2025-01-15T13:16:20","slug":"top-verbinder","status":"publish","type":"product","link":"https:\/\/www.hml-fetish.de\/shop\/top-verbinder\/","title":{"rendered":"Top Verbinder"},"content":{"rendered":"<p><P>Verl\u00e4ngert deinen Top-Harness nach unten mit einem Cockring. Ein 3 cm breiter Ledergurt aus schwarzem Rindleder mit Druckkn\u00f6pfen. Einen 50 mm Nirosta-Cockring liefern wir mit (oder jede andere Gr\u00f6\u00dfe, die Du uns beim Auschecken Deiner Bestellung im Kommentarfeld nennst).<\/P><br \/>\n<P>Es gibt dieses praktische Teil in vier verschiedenen Gr\u00f6\u00dfen:<BR><br \/>\nGr\u00f6\u00dfe M ist verstellbar von ca. 29 cm bis zu 35 cm.<BR><br \/>\nGr\u00f6\u00dfe L ist verstellbar von ca. 35 cm bis zu 41 cm.<BR><br \/>\nGr\u00f6\u00dfe XL ist verstellbar von ca. 41 cm bis zu 47 cm.<BR><br \/>\nGr\u00f6\u00dfe XXL ist verstellbar von ca. 47 cm bis zu 53 cm.<\/P><br \/>\n<P><B>Produktsicherheit:<\/B><BR><br \/>\nAllergiehinweis: Material Rindleder, Metallteile mit Hautkontakt sind rost- und nickelfrei<BR><br \/>\nVerantwortliche Person<BR><br \/>\nHML, Inhaber Dr. Detlef Moller<BR><br \/>\nNeukirchstra\u00dfe 18<BR><br \/>\n28215 Bremen<BR><br \/>\nDeutschland<BR><br \/>\ninfo@hml-fetish.de<\/P><\/p>\n","protected":false},"excerpt":{"rendered":"<h4>Top Verbinder<\/h4>\n<p><P>Verl\u00e4ngert deinen Top-Harness nach unten mit einem Cockring. Ein 3 cm breiter Ledergurt aus schwarzem Rindleder mit Druckkn\u00f6pfen. Einen 50 mm Nirosta-Cockring liefern wir mit (oder jede andere Gr\u00f6\u00dfe, die Du uns beim Auschecken Deiner Bestellung im Kommentarfeld nennst).<\/P><\/p>\n","protected":false},"featured_media":23406,"comment_status":"open","ping_status":"closed","template":"","meta":[],"product_brand":[],"product_cat":[156,167],"product_tag":[4398],"class_list":{"0":"post-6727","1":"product","2":"type-product","3":"status-publish","4":"has-post-thumbnail","6":"product_cat-harnesse","7":"product_cat-cockringe","8":"product_tag-hml-fetish-original","9":"product_shipping_class-brief","11":"first","12":"instock","13":"taxable","14":"shipping-taxable","15":"purchasable","16":"product-type-variable"},"_links":{"self":[{"href":"https:\/\/www.hml-fetish.de\/shop\/wp-json\/wp\/v2\/product\/6727","targetHints":{"allow":["GET"]}}],"collection":[{"href":"https:\/\/www.hml-fetish.de\/shop\/wp-json\/wp\/v2\/product"}],"about":[{"href":"https:\/\/www.hml-fetish.de\/shop\/wp-json\/wp\/v2\/types\/product"}],"replies":[{"embeddable":true,"href":"https:\/\/www.hml-fetish.de\/shop\/wp-json\/wp\/v2\/comments?post=6727"}],"version-history":[{"count":0,"href":"https:\/\/www.hml-fetish.de\/shop\/wp-json\/wp\/v2\/product\/6727\/revisions"}],"wp:featuredmedia":[{"embeddable":true,"href":"https:\/\/www.hml-fetish.de\/shop\/wp-json\/wp\/v2\/media\/23406"}],"wp:attachment":[{"href":"https:\/\/www.hml-fetish.de\/shop\/wp-json\/wp\/v2\/media?parent=6727"}],"wp:term":[{"taxonomy":"product_brand","embeddable":true,"href":"https:\/\/www.hml-fetish.de\/shop\/wp-json\/wp\/v2\/product_brand?post=6727"},{"taxonomy":"product_cat","embeddable":true,"href":"https:\/\/www.hml-fetish.de\/shop\/wp-json\/wp\/v2\/product_cat?post=6727"},{"taxonomy":"product_tag","embeddable":true,"href":"https:\/\/www.hml-fetish.de\/shop\/wp-json\/wp\/v2\/product_tag?post=6727"}],"curies":[{"name":"wp","href":"https:\/\/api.w.org\/{rel}","templated":true}]}}