{"id":6725,"date":"2022-01-23T22:48:48","date_gmt":"2022-01-23T21:48:48","guid":{"rendered":"https:\/\/www.hml-fetish.de\/shop\/?post_type=product&#038;p=6725"},"modified":"2025-01-15T14:09:18","modified_gmt":"2025-01-15T13:09:18","slug":"top-harness-mit-schnallen","status":"publish","type":"product","link":"https:\/\/www.hml-fetish.de\/shop\/top-harness-mit-schnallen\/","title":{"rendered":"Top-Harness mit Schnallen"},"content":{"rendered":"<p>Oberk\u00f6rper-Harnesse mit wahlweise 3 cm oder 4 cm breiten Ledergurten aus Rind-Nappa. Die Gurte sind etwa 2,6 mm dick und durch das gew\u00e4hlte Material und unsere Verarbeitungstechnik besonders langlebig. Auf der Brust und im R\u00fccken sind sie mit Stahlringen verbunden. Schnallen und Ringe sind hochgl\u00e4nzend vernickelt, Druckkn\u00f6pfe und Nieten (Hautkontakt!) sind rost- und nickelfrei.<\/p>\n<p>Diese Version ist \u00fcber der Brust und an den Seiten mit Schnallen verstellbar und wirkt durch den Metallglanz der schweren Schnallen besonders kerlig.<\/p>\n<p><img decoding=\"async\" title=\"Gr\u00f6\u00dfentabelle\" src=\"\/GIF\/size_unisex_up.gif\" alt=\"Gr\u00f6\u00dfentabelle\" width=\"114\" height=\"194\" border=\"0\" \/><br \/>\n<P><B>Produktsicherheit:<\/B><BR><br \/>\nAllergiehinweis: Material Rindleder, Metallteile mit Hautkontakt sind rost- und nickelfrei<BR><br \/>\nVerantwortliche Person<BR><br \/>\nHML, Inhaber Dr. Detlef Moller<BR><br \/>\nNeukirchstra\u00dfe 18<BR><br \/>\n28215 Bremen<BR><br \/>\nDeutschland<BR><br \/>\ninfo@hml-fetish.de<\/P><\/p>\n","protected":false},"excerpt":{"rendered":"<h4>Top-Harness mit Schnallen<\/h4>\n<p>Oberk\u00f6rper-Harnesse mit wahlweise 3 cm oder 4 cm breiten Ledergurten aus Rind-Nappa. Die Gurte sind etwa 2,6 mm dick und durch das gew\u00e4hlte Material und unsere Verarbeitungstechnik besonders langlebig. Auf der Brust und im R\u00fccken sind sie mit Stahlringen verbunden. Schnallen und Ringe sind hochgl\u00e4nzend vernickelt, Druckkn\u00f6pfe und Nieten (Hautkontakt!) sind rost- und nickelfrei.<\/p>\n","protected":false},"featured_media":23428,"comment_status":"open","ping_status":"closed","template":"","meta":[],"product_brand":[],"product_cat":[156,95,163],"product_tag":[4398],"class_list":{"0":"post-6725","1":"product","2":"type-product","3":"status-publish","4":"has-post-thumbnail","6":"product_cat-harnesse","7":"product_cat-bestseller","8":"product_cat-lederfesseln","9":"product_tag-hml-fetish-original","10":"product_shipping_class-paket","12":"first","13":"instock","14":"taxable","15":"shipping-taxable","16":"purchasable","17":"product-type-variable"},"_links":{"self":[{"href":"https:\/\/www.hml-fetish.de\/shop\/wp-json\/wp\/v2\/product\/6725","targetHints":{"allow":["GET"]}}],"collection":[{"href":"https:\/\/www.hml-fetish.de\/shop\/wp-json\/wp\/v2\/product"}],"about":[{"href":"https:\/\/www.hml-fetish.de\/shop\/wp-json\/wp\/v2\/types\/product"}],"replies":[{"embeddable":true,"href":"https:\/\/www.hml-fetish.de\/shop\/wp-json\/wp\/v2\/comments?post=6725"}],"version-history":[{"count":0,"href":"https:\/\/www.hml-fetish.de\/shop\/wp-json\/wp\/v2\/product\/6725\/revisions"}],"wp:featuredmedia":[{"embeddable":true,"href":"https:\/\/www.hml-fetish.de\/shop\/wp-json\/wp\/v2\/media\/23428"}],"wp:attachment":[{"href":"https:\/\/www.hml-fetish.de\/shop\/wp-json\/wp\/v2\/media?parent=6725"}],"wp:term":[{"taxonomy":"product_brand","embeddable":true,"href":"https:\/\/www.hml-fetish.de\/shop\/wp-json\/wp\/v2\/product_brand?post=6725"},{"taxonomy":"product_cat","embeddable":true,"href":"https:\/\/www.hml-fetish.de\/shop\/wp-json\/wp\/v2\/product_cat?post=6725"},{"taxonomy":"product_tag","embeddable":true,"href":"https:\/\/www.hml-fetish.de\/shop\/wp-json\/wp\/v2\/product_tag?post=6725"}],"curies":[{"name":"wp","href":"https:\/\/api.w.org\/{rel}","templated":true}]}}