{"id":6722,"date":"2022-01-23T22:48:47","date_gmt":"2022-01-23T21:48:47","guid":{"rendered":"https:\/\/www.hml-fetish.de\/shop\/?post_type=product&#038;p=6722"},"modified":"2025-01-15T14:26:50","modified_gmt":"2025-01-15T13:26:50","slug":"voll-harness-3-cm-mit-schnallen","status":"publish","type":"product","link":"https:\/\/www.hml-fetish.de\/shop\/voll-harness-3-cm-mit-schnallen\/","title":{"rendered":"Voll-Harness 3 cm mit Schnallen"},"content":{"rendered":"<p><P>Ein Ganzk\u00f6rper-Harness aus 3 cm breiten Rindnappa-Ledergurten. Die Gurte sind etwa 2,6 mm dick. Mit dem Leder, das wir daf\u00fcr ausgesucht haben, und durch unsere Art der Fertigung sind sie geschmeidig und sie k\u00f6nnen durchaus auch mal etwas feuchtere Spiele ab.<\/P><br \/>\n<P>In dieser Version sind die Gurte mit Schnallen verstellbar. Der Harness ist so gearbeitet, da\u00df du auch nur das Oberteil einzeln tragen kannst (das Unterteil ergibt \u00fcbrigens einen geilen String). Zu beiden geh\u00f6rt je ein Nirosta-Cockring mit 50 mm Innendurchmesser, oder jeder anderen Gr\u00f6\u00dfe, die Du uns beim Auschecken Deiner Bestellung im Kommentarfeld nennst. Die Nieten und Druckkn\u00f6pfe (Hautkontakt!) bestehen aus rost- und nickelfreiem Material.<br \/>\n<BR><img decoding=\"async\" src=\"\/GIF\/size_unisex_up.gif\" alt=\"Gr\u00f6\u00dfentabelle\" title=\"Gr\u00f6\u00dfentabelle\" border=\"0\" height=\"194\" width=\"114\"><\/P><br \/>\n<P><B>Produktsicherheit:<\/B><BR><br \/>\nAllergiehinweis: Material Rindleder, Metallteile mit Hautkontakt sind rost- und nickelfrei<BR><br \/>\nVerantwortliche Person<BR><br \/>\nHML, Inhaber Dr. Detlef Moller<BR><br \/>\nNeukirchstra\u00dfe 18<BR><br \/>\n28215 Bremen<BR><br \/>\nDeutschland<BR><br \/>\ninfo@hml-fetish.de<\/P><\/p>\n","protected":false},"excerpt":{"rendered":"<h4>Voll-Harness 3 cm mit Schnallen<\/h4>\n<p><P>Ein Ganzk\u00f6rper Harness aus 3 cm breiten Rindnappa-Ledergurten. Die Gurte sind etwa 2,6 mm dick. Mit dem Leder, das wir daf\u00fcr ausgesucht haben, und durch unsere Art der Fertigung sind sie geschmeidig und sie k\u00f6nnen durchaus auch mal etwas feuchtere Spiele ab.<\/P><\/p>\n","protected":false},"featured_media":23540,"comment_status":"open","ping_status":"closed","template":"","meta":[],"product_brand":[],"product_cat":[156,95],"product_tag":[4398],"class_list":{"0":"post-6722","1":"product","2":"type-product","3":"status-publish","4":"has-post-thumbnail","6":"product_cat-harnesse","7":"product_cat-bestseller","8":"product_tag-hml-fetish-original","9":"product_shipping_class-paket","11":"first","12":"instock","13":"taxable","14":"shipping-taxable","15":"purchasable","16":"product-type-variable"},"_links":{"self":[{"href":"https:\/\/www.hml-fetish.de\/shop\/wp-json\/wp\/v2\/product\/6722","targetHints":{"allow":["GET"]}}],"collection":[{"href":"https:\/\/www.hml-fetish.de\/shop\/wp-json\/wp\/v2\/product"}],"about":[{"href":"https:\/\/www.hml-fetish.de\/shop\/wp-json\/wp\/v2\/types\/product"}],"replies":[{"embeddable":true,"href":"https:\/\/www.hml-fetish.de\/shop\/wp-json\/wp\/v2\/comments?post=6722"}],"version-history":[{"count":0,"href":"https:\/\/www.hml-fetish.de\/shop\/wp-json\/wp\/v2\/product\/6722\/revisions"}],"wp:featuredmedia":[{"embeddable":true,"href":"https:\/\/www.hml-fetish.de\/shop\/wp-json\/wp\/v2\/media\/23540"}],"wp:attachment":[{"href":"https:\/\/www.hml-fetish.de\/shop\/wp-json\/wp\/v2\/media?parent=6722"}],"wp:term":[{"taxonomy":"product_brand","embeddable":true,"href":"https:\/\/www.hml-fetish.de\/shop\/wp-json\/wp\/v2\/product_brand?post=6722"},{"taxonomy":"product_cat","embeddable":true,"href":"https:\/\/www.hml-fetish.de\/shop\/wp-json\/wp\/v2\/product_cat?post=6722"},{"taxonomy":"product_tag","embeddable":true,"href":"https:\/\/www.hml-fetish.de\/shop\/wp-json\/wp\/v2\/product_tag?post=6722"}],"curies":[{"name":"wp","href":"https:\/\/api.w.org\/{rel}","templated":true}]}}