{"id":6721,"date":"2022-01-23T22:48:47","date_gmt":"2022-01-23T21:48:47","guid":{"rendered":"https:\/\/www.hml-fetish.de\/shop\/?post_type=product&#038;p=6721"},"modified":"2026-02-10T17:14:43","modified_gmt":"2026-02-10T16:14:43","slug":"guertelschnalle","status":"publish","type":"product","link":"https:\/\/www.hml-fetish.de\/shop\/guertelschnalle\/","title":{"rendered":"G\u00fcrtelschnalle"},"content":{"rendered":"<p><P>Passend zum 38 mm breiten <a href=\"https:\/\/www.hml-fetish.de\/shop\/garrison-guertel\/\" target=\"_blank\" title=\"Garrison-G\u00fcrtel\" rel=\"noopener\">Garrison-G\u00fcrtel<\/a> und zum ca. 55 mm breiten <a href=\"https:\/\/www.hml-fetish.de\/shop\/sam-browne-guertel\/\" target=\"_blank\" title=\"Sam-Brown-G\u00fcrtel\" rel=\"noopener\">Sam-Brown-G\u00fcrtel<\/a> hier die passenden Schnallen zum Wechseln. F\u00fcr den Garrison-G\u00fcrtel einfach die alte Schnalle abkn\u00f6pfen, die Neue einlegen und die Druckkn\u00f6pfe wieder schlie\u00dfen. F\u00fcr den Sam-Brown-G\u00fcrtel ist gar keine Befestigung n\u00f6tig, weil die Schnallen in die G\u00fcrtel lediglich eingeh\u00e4ngt werden.<\/P><br \/>\n<P>Wir haben diese Schnallen in vernickelter Version (silberfarben) und in vermessingter Version (goldfarben). Es handelt sich um hochwertige Hardware, die wir von einem Police Supplier aus den Staaten importieren. Die breitere Schnalle pa\u00dft \u00fcbrigens auch in unseren <a href=\"https:\/\/www.hml-fetish.de\/shop\/55-mm-lederguertel\/\" target=\"_blank\" title=\"55 mm Lederg\u00fcrtel\" rel=\"noopener\">55 mm Lederg\u00fcrtel<\/a>!<\/P><\/p>\n","protected":false},"excerpt":{"rendered":"<h4>G\u00fcrtelschnalle<\/h4>\n<p><P>Passend zum 38 mm breiten Garrison G\u00fcrtel und zum ca. 55 mm breiten Sam-Brown-G\u00fcrtel hier die passenden Schnallen zum Wechseln. F\u00fcr den Garrison-G\u00fcrtel einfach die alte Schnalle abkn\u00f6pfen, die Neue einlegen und die Druckkn\u00f6pfe wieder schlie\u00dfen. F\u00fcr den Sam-Brown-G\u00fcrtel ist gar keine Befestigung n\u00f6tig, weil die Schnallen in die G\u00fcrtel lediglich eingeh\u00e4ngt werden.<\/P><\/p>\n","protected":false},"featured_media":23566,"comment_status":"open","ping_status":"closed","template":"","meta":[],"product_brand":[],"product_cat":[155,148],"product_tag":[4382],"class_list":{"0":"post-6721","1":"product","2":"type-product","3":"status-publish","4":"has-post-thumbnail","6":"product_cat-guertel-gurte-2","7":"product_cat-guertel-gurte","8":"product_tag-bestseller-police","9":"product_shipping_class-brief","11":"first","12":"instock","13":"taxable","14":"shipping-taxable","15":"purchasable","16":"product-type-variable"},"_links":{"self":[{"href":"https:\/\/www.hml-fetish.de\/shop\/wp-json\/wp\/v2\/product\/6721","targetHints":{"allow":["GET"]}}],"collection":[{"href":"https:\/\/www.hml-fetish.de\/shop\/wp-json\/wp\/v2\/product"}],"about":[{"href":"https:\/\/www.hml-fetish.de\/shop\/wp-json\/wp\/v2\/types\/product"}],"replies":[{"embeddable":true,"href":"https:\/\/www.hml-fetish.de\/shop\/wp-json\/wp\/v2\/comments?post=6721"}],"version-history":[{"count":0,"href":"https:\/\/www.hml-fetish.de\/shop\/wp-json\/wp\/v2\/product\/6721\/revisions"}],"wp:featuredmedia":[{"embeddable":true,"href":"https:\/\/www.hml-fetish.de\/shop\/wp-json\/wp\/v2\/media\/23566"}],"wp:attachment":[{"href":"https:\/\/www.hml-fetish.de\/shop\/wp-json\/wp\/v2\/media?parent=6721"}],"wp:term":[{"taxonomy":"product_brand","embeddable":true,"href":"https:\/\/www.hml-fetish.de\/shop\/wp-json\/wp\/v2\/product_brand?post=6721"},{"taxonomy":"product_cat","embeddable":true,"href":"https:\/\/www.hml-fetish.de\/shop\/wp-json\/wp\/v2\/product_cat?post=6721"},{"taxonomy":"product_tag","embeddable":true,"href":"https:\/\/www.hml-fetish.de\/shop\/wp-json\/wp\/v2\/product_tag?post=6721"}],"curies":[{"name":"wp","href":"https:\/\/api.w.org\/{rel}","templated":true}]}}