{"id":6719,"date":"2022-01-23T22:48:46","date_gmt":"2022-01-23T21:48:46","guid":{"rendered":"https:\/\/www.hml-fetish.de\/shop\/?post_type=product&#038;p=6719"},"modified":"2026-02-05T12:50:19","modified_gmt":"2026-02-05T11:50:19","slug":"latex-struempfe-2","status":"publish","type":"product","link":"https:\/\/www.hml-fetish.de\/shop\/latex-struempfe-2\/","title":{"rendered":"Latex Str\u00fcmpfe"},"content":{"rendered":"<p><P>Schwarzes 0,35 mm d\u00fcnnes Latex. Diese Gummi Socken sind zusammen mit passenden Handschuhen die ideale Erg\u00e4nzung zu einem Ganzanzug. Rubber total. Alternativ: hohe Str\u00fcmpfe bis hinauf zum Oberschenkel &#8211; passend z. B. zu einem Tom Suit, um das Outfit zu komplettieren. Wer k\u00e4me bei diesen Gummi-Str\u00fcmpfen nicht ins Schwitzen?<br \/>\n<BR>Wir f\u00fchren folgende Gr\u00f6\u00dfen:<br \/>\n<BR>S &#8211; Gr\u00f6\u00dfe 40 \/ 7 UK \/ 7,5 US<br \/>\n<BR>M &#8211; Gr\u00f6\u00dfe 40-42 \/ 8 UK \/ 8,5 US<br \/>\n<BR>L &#8211; Gr\u00f6\u00dfe 42-44 \/ 9 UK \/ 9,5 US<br \/>\n<BR>XL &#8211; Gr\u00f6\u00dfe 44-46 \/ 10,5 UK \/ 11US<\/P><\/p>\n","protected":false},"excerpt":{"rendered":"<h4>Latex Str\u00fcmpfe<\/h4>\n<p><P>Schwarzes 0,35 mm d\u00fcnnes Latex. Diese Socken sind zusammen mit passenden Handschuhen die ideale Erg\u00e4nzung zu einem Ganzanzug. Gummi total. Alternativ: hohe Str\u00fcmpfe bis hinauf zum Oberschenkel &#8211; passend z. B. zu einem Tom Suit, um das Outfit zu komplettieren.<\/P><\/p>\n","protected":false},"featured_media":23597,"comment_status":"open","ping_status":"closed","template":"","meta":[],"product_brand":[],"product_cat":[172,121],"product_tag":[],"class_list":{"0":"post-6719","1":"product","2":"type-product","3":"status-publish","4":"has-post-thumbnail","6":"product_cat-gummi-accessoires","7":"product_cat-socken-struempfe","8":"product_shipping_class-brief","10":"first","11":"instock","12":"sale","13":"taxable","14":"shipping-taxable","15":"purchasable","16":"product-type-variable"},"_links":{"self":[{"href":"https:\/\/www.hml-fetish.de\/shop\/wp-json\/wp\/v2\/product\/6719","targetHints":{"allow":["GET"]}}],"collection":[{"href":"https:\/\/www.hml-fetish.de\/shop\/wp-json\/wp\/v2\/product"}],"about":[{"href":"https:\/\/www.hml-fetish.de\/shop\/wp-json\/wp\/v2\/types\/product"}],"replies":[{"embeddable":true,"href":"https:\/\/www.hml-fetish.de\/shop\/wp-json\/wp\/v2\/comments?post=6719"}],"version-history":[{"count":0,"href":"https:\/\/www.hml-fetish.de\/shop\/wp-json\/wp\/v2\/product\/6719\/revisions"}],"wp:featuredmedia":[{"embeddable":true,"href":"https:\/\/www.hml-fetish.de\/shop\/wp-json\/wp\/v2\/media\/23597"}],"wp:attachment":[{"href":"https:\/\/www.hml-fetish.de\/shop\/wp-json\/wp\/v2\/media?parent=6719"}],"wp:term":[{"taxonomy":"product_brand","embeddable":true,"href":"https:\/\/www.hml-fetish.de\/shop\/wp-json\/wp\/v2\/product_brand?post=6719"},{"taxonomy":"product_cat","embeddable":true,"href":"https:\/\/www.hml-fetish.de\/shop\/wp-json\/wp\/v2\/product_cat?post=6719"},{"taxonomy":"product_tag","embeddable":true,"href":"https:\/\/www.hml-fetish.de\/shop\/wp-json\/wp\/v2\/product_tag?post=6719"}],"curies":[{"name":"wp","href":"https:\/\/api.w.org\/{rel}","templated":true}]}}