{"id":6715,"date":"2022-01-23T22:48:45","date_gmt":"2022-01-23T21:48:45","guid":{"rendered":"https:\/\/www.hml-fetish.de\/shop\/?post_type=product&#038;p=6715"},"modified":"2026-04-20T12:58:20","modified_gmt":"2026-04-20T10:58:20","slug":"rude-rider-silicone","status":"publish","type":"product","link":"https:\/\/www.hml-fetish.de\/shop\/rude-rider-silicone\/","title":{"rendered":"Rude Rider Silicone"},"content":{"rendered":"<p><P>Rude Rider Silicone ist ein neu entwickeltes Gleitmittel, das mit einer extra d\u00fcnnen Textur und besonders lang anhaltender Gleitf\u00e4higkeit besticht. Wir haben&#8217;s ganz uneigenn\u00fctzig selbst getestet und sind begeistert! Rude Rider Silicone ist hautfreundlich (enth\u00e4lt Provitamin E), schleimhautvertr\u00e4glich, hypoallergen sowie geruchs- und geschmacksneutral und frei von Farb- und Konservierungsstoffen.<\/P><br \/>\n<P>Bei uns gibt es dieses Premium Gleitmittel drei Packungsgr\u00f6\u00dfen: als 30 ml Fl\u00e4schchen f\u00fcr unterwegs und f\u00fcr 5,90 &euro; (19,67 &euro;\/100 ml), die 100 ml Flasche f\u00fcr g\u00fcnstige 11,90 &euro; und die 250 ml Vorratsflasche f\u00fcr 24,90 &euro; (9,96 &euro;\/ 100 ml).<\/P><br \/>\n<P>Wie alle Gleitmittel auf Silikon-Basis ist auch dieses Produkt au\u00dferdem ein hervorragendes Massage\u00f6l. In geringer Menge aufgebracht und einpoliert, macht es auch Dein Gummi sch\u00f6n gl\u00e4nzend. Nicht nur das Deines Kondoms.<\/P><\/p>\n","protected":false},"excerpt":{"rendered":"<h4>Rude Rider Silicone<\/h4>\n<p><P>Bei diesem Produkt handelt es sich um ein neu entwickeltes Gleitmittel, das mit einer extra d\u00fcnnen Textur und besonders lang anhaltender Gleitf\u00e4higkeit besticht. Wir haben&#8217;s ganz uneigenn\u00fctzig selbst getestet und sind begeistert! Rude Rider Silicone ist hautfreundlich (enth\u00e4lt Provitamin E), schleimhautvertr\u00e4glich, hypoallergen sowie geruchs- und geschmacksneutral und frei von Farb- und Konservierungsstoffen.<\/P><\/p>\n","protected":false},"featured_media":23688,"comment_status":"open","ping_status":"closed","template":"","meta":[],"product_brand":[],"product_cat":[144,178,105],"product_tag":[],"class_list":{"0":"post-6715","1":"product","2":"type-product","3":"status-publish","4":"has-post-thumbnail","6":"product_cat-kondome-gleitmittel","7":"product_cat-gummipflege","8":"product_cat-sonderangebote","9":"product_shipping_class-paket","11":"first","12":"instock","13":"taxable","14":"shipping-taxable","15":"purchasable","16":"product-type-variable"},"_links":{"self":[{"href":"https:\/\/www.hml-fetish.de\/shop\/wp-json\/wp\/v2\/product\/6715","targetHints":{"allow":["GET"]}}],"collection":[{"href":"https:\/\/www.hml-fetish.de\/shop\/wp-json\/wp\/v2\/product"}],"about":[{"href":"https:\/\/www.hml-fetish.de\/shop\/wp-json\/wp\/v2\/types\/product"}],"replies":[{"embeddable":true,"href":"https:\/\/www.hml-fetish.de\/shop\/wp-json\/wp\/v2\/comments?post=6715"}],"version-history":[{"count":2,"href":"https:\/\/www.hml-fetish.de\/shop\/wp-json\/wp\/v2\/product\/6715\/revisions"}],"predecessor-version":[{"id":39857,"href":"https:\/\/www.hml-fetish.de\/shop\/wp-json\/wp\/v2\/product\/6715\/revisions\/39857"}],"wp:featuredmedia":[{"embeddable":true,"href":"https:\/\/www.hml-fetish.de\/shop\/wp-json\/wp\/v2\/media\/23688"}],"wp:attachment":[{"href":"https:\/\/www.hml-fetish.de\/shop\/wp-json\/wp\/v2\/media?parent=6715"}],"wp:term":[{"taxonomy":"product_brand","embeddable":true,"href":"https:\/\/www.hml-fetish.de\/shop\/wp-json\/wp\/v2\/product_brand?post=6715"},{"taxonomy":"product_cat","embeddable":true,"href":"https:\/\/www.hml-fetish.de\/shop\/wp-json\/wp\/v2\/product_cat?post=6715"},{"taxonomy":"product_tag","embeddable":true,"href":"https:\/\/www.hml-fetish.de\/shop\/wp-json\/wp\/v2\/product_tag?post=6715"}],"curies":[{"name":"wp","href":"https:\/\/api.w.org\/{rel}","templated":true}]}}