{"id":6711,"date":"2022-01-23T22:48:44","date_gmt":"2022-01-23T21:48:44","guid":{"rendered":"https:\/\/www.hml-fetish.de\/shop\/?post_type=product&#038;p=6711"},"modified":"2024-11-26T18:39:20","modified_gmt":"2024-11-26T17:39:20","slug":"eros-bodyglide","status":"publish","type":"product","link":"https:\/\/www.hml-fetish.de\/shop\/eros-bodyglide\/","title":{"rendered":"eros bodyglide"},"content":{"rendered":"<p><P>Sehr ergiebig und trocknet nicht ein, weil auf Silikonbasis. Seit Jahrzehnten wohl das bekannteste Gleitmittel. Eros ist hautfreundlich, schleimhautvertr\u00e4glich, hypoallergen sowie geruchs- und geschmacksneutral und frei von Farb- und Konservierungsstoffen. Bei uns besonders g\u00fcnstig und in mehreren Packungsgr\u00f6\u00dfen:<\/P><br \/>\n<P>Als 30 ml Fl\u00e4schchen f\u00fcr unterwegs und f\u00fcr 6,90 &euro; (23 &euro;\/100 ml) und die 100 ml Flasche f\u00fcr 14,90 &euro;, au\u00dferdem 250 ml f\u00fcr 29,90 &euro; (11,96 &euro;\/100 ml) und 1 Liter f\u00fcr 99,90 &#038;euro. Wie alle Gleitmittel auf Silikonbasis ist eros au\u00dferdem ein hervorragendes Massage\u00f6l. In geringer Menge aufgebracht und einpoliert, macht es auch Dein Gummi sch\u00f6n gl\u00e4nzend. Nicht nur das Deines Kondoms.<\/P><\/p>\n","protected":false},"excerpt":{"rendered":"<h4>eros bodyglide<\/h4>\n<p><P>Sehr ergiebig und trocknet nicht ein, weil auf Silikonbasis. Seit Jahrzehnten wohl das bekannteste Gleitmittel. Eros ist hautfreundlich, schleimhautvertr\u00e4glich, hypoallergen sowie geruchs- und geschmacksneutral und frei von Farb- und Konservierungsstoffen.<\/P><\/p>\n","protected":false},"featured_media":23750,"comment_status":"open","ping_status":"closed","template":"","meta":[],"product_brand":[],"product_cat":[144,95,178],"product_tag":[],"class_list":{"0":"post-6711","1":"product","2":"type-product","3":"status-publish","4":"has-post-thumbnail","6":"product_cat-kondome-gleitmittel","7":"product_cat-bestseller","8":"product_cat-gummipflege","9":"product_shipping_class-paket","11":"first","12":"instock","13":"taxable","14":"shipping-taxable","15":"purchasable","16":"product-type-variable"},"_links":{"self":[{"href":"https:\/\/www.hml-fetish.de\/shop\/wp-json\/wp\/v2\/product\/6711","targetHints":{"allow":["GET"]}}],"collection":[{"href":"https:\/\/www.hml-fetish.de\/shop\/wp-json\/wp\/v2\/product"}],"about":[{"href":"https:\/\/www.hml-fetish.de\/shop\/wp-json\/wp\/v2\/types\/product"}],"replies":[{"embeddable":true,"href":"https:\/\/www.hml-fetish.de\/shop\/wp-json\/wp\/v2\/comments?post=6711"}],"version-history":[{"count":0,"href":"https:\/\/www.hml-fetish.de\/shop\/wp-json\/wp\/v2\/product\/6711\/revisions"}],"wp:featuredmedia":[{"embeddable":true,"href":"https:\/\/www.hml-fetish.de\/shop\/wp-json\/wp\/v2\/media\/23750"}],"wp:attachment":[{"href":"https:\/\/www.hml-fetish.de\/shop\/wp-json\/wp\/v2\/media?parent=6711"}],"wp:term":[{"taxonomy":"product_brand","embeddable":true,"href":"https:\/\/www.hml-fetish.de\/shop\/wp-json\/wp\/v2\/product_brand?post=6711"},{"taxonomy":"product_cat","embeddable":true,"href":"https:\/\/www.hml-fetish.de\/shop\/wp-json\/wp\/v2\/product_cat?post=6711"},{"taxonomy":"product_tag","embeddable":true,"href":"https:\/\/www.hml-fetish.de\/shop\/wp-json\/wp\/v2\/product_tag?post=6711"}],"curies":[{"name":"wp","href":"https:\/\/api.w.org\/{rel}","templated":true}]}}