{"id":6707,"date":"2022-01-23T22:48:24","date_gmt":"2022-01-23T21:48:24","guid":{"rendered":"https:\/\/www.hml-fetish.de\/shop\/?post_type=product&#038;p=6707"},"modified":"2025-02-11T13:59:43","modified_gmt":"2025-02-11T12:59:43","slug":"gummiguertel","status":"publish","type":"product","link":"https:\/\/www.hml-fetish.de\/shop\/gummiguertel\/","title":{"rendered":"Gummig\u00fcrtel"},"content":{"rendered":"<p><P>Ein G\u00fcrtel aus schwerem, 2,5 mm dickem Gummi. Besonders belastbar durch eine hauchd\u00fcnne Textileinlage. Der G\u00fcrtel tr\u00e4gt eine schwere, silberfarbene Rollschnalle und metallverst\u00e4rkte \u00d6sen. Es gibt ihn in 40 mm und in 50 mm Breite und in verschieddenen Gr\u00f6\u00dfen.<br \/>\n<BR><img decoding=\"async\" title=\"Gr\u00f6\u00dfentabelle\" src=\"\/GIF\/size_belt2.gif\" alt=\"Gr\u00f6\u00dfentabelle\" width=\"135\" height=\"196\" border=\"0\" \/><\/P><\/p>\n","protected":false},"excerpt":{"rendered":"<h4>Gummig\u00fcrtel<\/h4>\n<p><P>Ein G\u00fcrtel aus schwerem, 2,5 mm dickem Gummi. Besonders belastbar durch eine hauchd\u00fcnne Textileinlage. Der G\u00fcrtel tr\u00e4gt eine schwere, silberfarbene Rollschnalle und metallverst\u00e4rkte \u00d6sen.<\/P><\/p>\n","protected":false},"featured_media":23820,"comment_status":"open","ping_status":"closed","template":"","meta":[],"product_brand":[],"product_cat":[172,155,108],"product_tag":[],"class_list":{"0":"post-6707","1":"product","2":"type-product","3":"status-publish","4":"has-post-thumbnail","6":"product_cat-gummi-accessoires","7":"product_cat-guertel-gurte-2","8":"product_cat-restposten-einzelstuecke","9":"product_shipping_class-paket","11":"first","12":"instock","13":"taxable","14":"shipping-taxable","15":"purchasable","16":"product-type-variable"},"_links":{"self":[{"href":"https:\/\/www.hml-fetish.de\/shop\/wp-json\/wp\/v2\/product\/6707","targetHints":{"allow":["GET"]}}],"collection":[{"href":"https:\/\/www.hml-fetish.de\/shop\/wp-json\/wp\/v2\/product"}],"about":[{"href":"https:\/\/www.hml-fetish.de\/shop\/wp-json\/wp\/v2\/types\/product"}],"replies":[{"embeddable":true,"href":"https:\/\/www.hml-fetish.de\/shop\/wp-json\/wp\/v2\/comments?post=6707"}],"version-history":[{"count":0,"href":"https:\/\/www.hml-fetish.de\/shop\/wp-json\/wp\/v2\/product\/6707\/revisions"}],"wp:featuredmedia":[{"embeddable":true,"href":"https:\/\/www.hml-fetish.de\/shop\/wp-json\/wp\/v2\/media\/23820"}],"wp:attachment":[{"href":"https:\/\/www.hml-fetish.de\/shop\/wp-json\/wp\/v2\/media?parent=6707"}],"wp:term":[{"taxonomy":"product_brand","embeddable":true,"href":"https:\/\/www.hml-fetish.de\/shop\/wp-json\/wp\/v2\/product_brand?post=6707"},{"taxonomy":"product_cat","embeddable":true,"href":"https:\/\/www.hml-fetish.de\/shop\/wp-json\/wp\/v2\/product_cat?post=6707"},{"taxonomy":"product_tag","embeddable":true,"href":"https:\/\/www.hml-fetish.de\/shop\/wp-json\/wp\/v2\/product_tag?post=6707"}],"curies":[{"name":"wp","href":"https:\/\/api.w.org\/{rel}","templated":true}]}}