{"id":6706,"date":"2022-01-23T22:48:24","date_gmt":"2022-01-23T21:48:24","guid":{"rendered":"https:\/\/www.hml-fetish.de\/shop\/?post_type=product&#038;p=6706"},"modified":"2026-01-20T15:28:03","modified_gmt":"2026-01-20T14:28:03","slug":"55-mm-lederguertel","status":"publish","type":"product","link":"https:\/\/www.hml-fetish.de\/shop\/55-mm-lederguertel\/","title":{"rendered":"55 mm Lederg\u00fcrtel"},"content":{"rendered":"<p>Dies ist einer unserer High-End Leder-G\u00fcrtel &#8211; hier in einer ultrabreiten Version. Mit einer 2-Dorn-Rollschnalle genau wie bei einem amerikanischen Sam-Brown G\u00fcrtel (den tragen die Cops!), wirkt er optisch extrem beeindruckend. Durch seine besondere Verarbeitung &#8211; drei Lagen Rindnappa-Oberleder sorgf\u00e4ltig verklebt, vern\u00e4ht, dekorativ abgesteppt und bald 4 mm stark &#8211; ist er fast unzerst\u00f6rbar und h\u00e4lt ein Leben lang. Ein G\u00fcrtel in dieser Art von Verarbeitung kostet normalerweise satt dreistellig.<\/p>\n<p>Wir liefern diesen G\u00fcrtel in zwei Farbvariationen: mit silberfarbiger, vernickelter Schnalle oder mit einer goldfarbenen, vermessingten Schnalle.<\/p>\n<p><img decoding=\"async\" title=\"Gr\u00f6\u00dfentabelle\" src=\"\/GIF\/size_belt.gif\" alt=\"Gr\u00f6\u00dfentabelle\" width=\"135\" height=\"196\" border=\"0\" \/><\/p>\n","protected":false},"excerpt":{"rendered":"<h4>55 mm Lederg\u00fcrtel<\/h4>\n<p>Dies ist einer unserer High-End G\u00fcrtel &#8211; hier in einer ultrabreiten Version. Mit einer 2-Dorn-Rollschnalle genau wie bei einem amerikanischen Sam-Brown G\u00fcrtel (den tragen die Cops!), wirkt er optisch extrem beeindruckend. Durch seine besondere Verarbeitung &#8211; drei Lagen Rindnappa-Oberleder sorgf\u00e4ltig verklebt, vern\u00e4ht, dekorativ abgesteppt und bald 4 mm stark &#8211; ist er fast unzerst\u00f6rbar und h\u00e4lt ein Leben lang.<\/p>\n","protected":false},"featured_media":23892,"comment_status":"open","ping_status":"closed","template":"","meta":[],"product_brand":[],"product_cat":[155,148],"product_tag":[4382,4398],"class_list":{"0":"post-6706","1":"product","2":"type-product","3":"status-publish","4":"has-post-thumbnail","6":"product_cat-guertel-gurte-2","7":"product_cat-guertel-gurte","8":"product_tag-bestseller-police","9":"product_tag-hml-fetish-original","10":"product_shipping_class-paket","12":"first","13":"instock","14":"taxable","15":"shipping-taxable","16":"purchasable","17":"product-type-variable"},"_links":{"self":[{"href":"https:\/\/www.hml-fetish.de\/shop\/wp-json\/wp\/v2\/product\/6706","targetHints":{"allow":["GET"]}}],"collection":[{"href":"https:\/\/www.hml-fetish.de\/shop\/wp-json\/wp\/v2\/product"}],"about":[{"href":"https:\/\/www.hml-fetish.de\/shop\/wp-json\/wp\/v2\/types\/product"}],"replies":[{"embeddable":true,"href":"https:\/\/www.hml-fetish.de\/shop\/wp-json\/wp\/v2\/comments?post=6706"}],"version-history":[{"count":0,"href":"https:\/\/www.hml-fetish.de\/shop\/wp-json\/wp\/v2\/product\/6706\/revisions"}],"wp:featuredmedia":[{"embeddable":true,"href":"https:\/\/www.hml-fetish.de\/shop\/wp-json\/wp\/v2\/media\/23892"}],"wp:attachment":[{"href":"https:\/\/www.hml-fetish.de\/shop\/wp-json\/wp\/v2\/media?parent=6706"}],"wp:term":[{"taxonomy":"product_brand","embeddable":true,"href":"https:\/\/www.hml-fetish.de\/shop\/wp-json\/wp\/v2\/product_brand?post=6706"},{"taxonomy":"product_cat","embeddable":true,"href":"https:\/\/www.hml-fetish.de\/shop\/wp-json\/wp\/v2\/product_cat?post=6706"},{"taxonomy":"product_tag","embeddable":true,"href":"https:\/\/www.hml-fetish.de\/shop\/wp-json\/wp\/v2\/product_tag?post=6706"}],"curies":[{"name":"wp","href":"https:\/\/api.w.org\/{rel}","templated":true}]}}