{"id":6704,"date":"2022-01-23T22:48:23","date_gmt":"2022-01-23T21:48:23","guid":{"rendered":"https:\/\/www.hml-fetish.de\/shop\/?post_type=product&#038;p=6704"},"modified":"2025-03-21T17:13:55","modified_gmt":"2025-03-21T16:13:55","slug":"50-mm-lederguertel","status":"publish","type":"product","link":"https:\/\/www.hml-fetish.de\/shop\/50-mm-lederguertel\/","title":{"rendered":"50 mm Lederg\u00fcrtel"},"content":{"rendered":"<p><P>Dies ist unser High-End G\u00fcrtel. Mit einer 2-Dorn-Rollschnalle, Leder-Schlaufe und verst\u00e4rkten \u00d6sen wirkt er wie eine Reminiszenz an die alten Zeiten, als \u00bbmade in Germany\u00ab sich durch die Qualit\u00e4t der Produkte seinen heutigen Ruf in der Welt eroberte. Durch seine besondere Verarbeitung &#8211; drei Lagen Rindnappa-Oberleder sorgf\u00e4ltig verklebt und vern\u00e4ht und bald 4 mm stark &#8211; ist er fast unzerst\u00f6rbar und h\u00e4lt ein Leben lang.<\/P><br \/>\n<P>Die Kanten sind durch unsere mehrlagige Verarbeitung abgerundet und schneiden nicht ein. Wir liefern diesen G\u00fcrtel mit zweidorniger Schnalle. M\u00f6chtest Du ihn lieber mit eindorniger Schnalle tragen, so vermerke das bitte w\u00e4hrend der Bestellung im Feld \u00bbKommentare\u00ab.<br \/>\n<BR><img decoding=\"async\" src=\"\/GIF\/size_unisex_down.gif\" alt=\"Gr\u00f6\u00dfentabelle\" title=\"Gr\u00f6\u00dfentabelle\" border=\"0\" height=\"194\" width=\"114\"><\/P><br \/>\n<P><B>Produktsicherheit:<\/B><BR><br \/>\nAllergiehinweis: Material Rindleder, Metallteile mit Hautkontakt sind rost- und nickelfrei<BR><br \/>\nVerantwortliche Person<BR><br \/>\nHML, Inhaber Dr. Detlef Moller<BR><br \/>\nNeukirchstra\u00dfe 18<BR><br \/>\n28215 Bremen<BR><br \/>\nDeutschland<BR><br \/>\ninfo@hml-fetish.de<\/P><\/p>\n","protected":false},"excerpt":{"rendered":"<h4>50 mm Lederg\u00fcrtel<\/h4>\n<p><P>Dies ist unser High-End G\u00fcrtel. Mit einer 2-Dorn Rollschnalle, Leder-Schlaufe und verst\u00e4rkten \u00d6sen wirkt er optisch sehr beeindruckend. Durch seine besondere Verarbeitung &#8211; drei Lagen Rindnappa-Oberleder sorgf\u00e4ltig verklebt und vern\u00e4ht und bald 4 mm stark &#8211; ist er fast unzerst\u00f6rbar und h\u00e4lt ein Leben lang.<\/P><\/p>\n","protected":false},"featured_media":23949,"comment_status":"open","ping_status":"closed","template":"","meta":[],"product_brand":[],"product_cat":[155,179],"product_tag":[4398],"class_list":{"0":"post-6704","1":"product","2":"type-product","3":"status-publish","4":"has-post-thumbnail","6":"product_cat-guertel-gurte-2","7":"product_cat-kleidung","8":"product_tag-hml-fetish-original","9":"product_shipping_class-paket","11":"first","12":"instock","13":"taxable","14":"shipping-taxable","15":"purchasable","16":"product-type-variable"},"_links":{"self":[{"href":"https:\/\/www.hml-fetish.de\/shop\/wp-json\/wp\/v2\/product\/6704","targetHints":{"allow":["GET"]}}],"collection":[{"href":"https:\/\/www.hml-fetish.de\/shop\/wp-json\/wp\/v2\/product"}],"about":[{"href":"https:\/\/www.hml-fetish.de\/shop\/wp-json\/wp\/v2\/types\/product"}],"replies":[{"embeddable":true,"href":"https:\/\/www.hml-fetish.de\/shop\/wp-json\/wp\/v2\/comments?post=6704"}],"version-history":[{"count":0,"href":"https:\/\/www.hml-fetish.de\/shop\/wp-json\/wp\/v2\/product\/6704\/revisions"}],"wp:featuredmedia":[{"embeddable":true,"href":"https:\/\/www.hml-fetish.de\/shop\/wp-json\/wp\/v2\/media\/23949"}],"wp:attachment":[{"href":"https:\/\/www.hml-fetish.de\/shop\/wp-json\/wp\/v2\/media?parent=6704"}],"wp:term":[{"taxonomy":"product_brand","embeddable":true,"href":"https:\/\/www.hml-fetish.de\/shop\/wp-json\/wp\/v2\/product_brand?post=6704"},{"taxonomy":"product_cat","embeddable":true,"href":"https:\/\/www.hml-fetish.de\/shop\/wp-json\/wp\/v2\/product_cat?post=6704"},{"taxonomy":"product_tag","embeddable":true,"href":"https:\/\/www.hml-fetish.de\/shop\/wp-json\/wp\/v2\/product_tag?post=6704"}],"curies":[{"name":"wp","href":"https:\/\/api.w.org\/{rel}","templated":true}]}}