{"id":6686,"date":"2022-01-23T22:48:18","date_gmt":"2022-01-23T21:48:18","guid":{"rendered":"https:\/\/www.hml-fetish.de\/shop\/?post_type=product&#038;p=6686"},"modified":"2024-06-25T18:26:20","modified_gmt":"2024-06-25T16:26:20","slug":"magnet-ringgewicht","status":"publish","type":"product","link":"https:\/\/www.hml-fetish.de\/shop\/magnet-ringgewicht\/","title":{"rendered":"Magnet-Ringgewicht"},"content":{"rendered":"<p><P>Ben\u00f6tigt nur 30 Sekunden zum Anlegen: der erste Ballstretcher, der mit Magneten funktioniert. Hergestellt in Deutschland. Keine Schl\u00fcssel mehr verlieren. Nur ein Klick und das war&#8217;s! Benutze am besten Alkohol, um die kleinen Magneten zu reinigen, wenn es mal n\u00f6tig sein sollte. Magneten sind n\u00e4mlich nicht rostfrei. Sonst w\u00e4ren es keine Magneten.<br \/>\n<BR>Wir haben diese anziehenden Edelstahl-Ballstretcher in folgenden Gr\u00f6\u00dfen am Lager:<br \/>\n<BR>\u00d8 35 mm H\u00f6he, 40 mm Gewicht ca. 500 g<br \/>\n<BR>\u00d8 35 mm H\u00f6he, 50 mm Gewicht ca. 600 g<br \/>\n<BR>\u00d8 39 mm H\u00f6he, 50 mm Gewicht ca. 600 g<br \/>\n<BR><img decoding=\"async\" src=\"\/GIF\/size_ID.gif\" alt=\"Gr\u00f6\u00dfe = Innendurchmesser\" title=\"Gr\u00f6\u00dfe = Innendurchmesser\" border=\"0\" height=\"67\" width=\"183\"><\/P><\/p>\n","protected":false},"excerpt":{"rendered":"<h4>Magnet-Ringgewicht<\/h4>\n<p><P>Ben\u00f6tigt nur 30 Sekunden zum Anlegen: der erste Ballstretcher, der mit Magneten funktioniert. Made in Germany. Keine Schl\u00fcssel mehr verlieren. Nur ein Klick und das war&#8217;s! Benutze am besten Alkohol, um die kleinen Magneten zu reinigen, wenn es mal n\u00f6tig sein sollte.<\/P><\/p>\n","protected":false},"featured_media":24370,"comment_status":"open","ping_status":"closed","template":"","meta":[],"product_brand":[],"product_cat":[130,108],"product_tag":[],"class_list":{"0":"post-6686","1":"product","2":"type-product","3":"status-publish","4":"has-post-thumbnail","6":"product_cat-cbt","7":"product_cat-restposten-einzelstuecke","8":"product_shipping_class-paket","10":"first","11":"instock","12":"sale","13":"taxable","14":"shipping-taxable","15":"purchasable","16":"product-type-variable"},"_links":{"self":[{"href":"https:\/\/www.hml-fetish.de\/shop\/wp-json\/wp\/v2\/product\/6686","targetHints":{"allow":["GET"]}}],"collection":[{"href":"https:\/\/www.hml-fetish.de\/shop\/wp-json\/wp\/v2\/product"}],"about":[{"href":"https:\/\/www.hml-fetish.de\/shop\/wp-json\/wp\/v2\/types\/product"}],"replies":[{"embeddable":true,"href":"https:\/\/www.hml-fetish.de\/shop\/wp-json\/wp\/v2\/comments?post=6686"}],"version-history":[{"count":0,"href":"https:\/\/www.hml-fetish.de\/shop\/wp-json\/wp\/v2\/product\/6686\/revisions"}],"wp:featuredmedia":[{"embeddable":true,"href":"https:\/\/www.hml-fetish.de\/shop\/wp-json\/wp\/v2\/media\/24370"}],"wp:attachment":[{"href":"https:\/\/www.hml-fetish.de\/shop\/wp-json\/wp\/v2\/media?parent=6686"}],"wp:term":[{"taxonomy":"product_brand","embeddable":true,"href":"https:\/\/www.hml-fetish.de\/shop\/wp-json\/wp\/v2\/product_brand?post=6686"},{"taxonomy":"product_cat","embeddable":true,"href":"https:\/\/www.hml-fetish.de\/shop\/wp-json\/wp\/v2\/product_cat?post=6686"},{"taxonomy":"product_tag","embeddable":true,"href":"https:\/\/www.hml-fetish.de\/shop\/wp-json\/wp\/v2\/product_tag?post=6686"}],"curies":[{"name":"wp","href":"https:\/\/api.w.org\/{rel}","templated":true}]}}