{"id":6684,"date":"2022-01-23T22:48:18","date_gmt":"2022-01-23T21:48:18","guid":{"rendered":"https:\/\/www.hml-fetish.de\/shop\/?post_type=product&#038;p=6684"},"modified":"2025-03-14T16:47:48","modified_gmt":"2025-03-14T15:47:48","slug":"zweiteiliges-edelstahl-ringgewicht","status":"publish","type":"product","link":"https:\/\/www.hml-fetish.de\/shop\/zweiteiliges-edelstahl-ringgewicht\/","title":{"rendered":"zweiteiliges Edelstahl Ringgewicht"},"content":{"rendered":"<p>Zwei Halbringe aus massivem medizinischem Edelstahl, ineinander gesteckt, verschraubt und matt poliert, bilden dieses besondere Ballweight. Erh\u00e4ltlich in vier H\u00f6hen und f\u00fcnf Innendurchmessern:<\/p>\n<table>\n<tbody>\n<tr>\n<th>H\u00f6he<\/th>\n<th>Innendurchmesser<\/th>\n<th>Gewicht<\/th>\n<\/tr>\n<tr>\n<td>15 mm<\/td>\n<td>30 mm<\/td>\n<td>200 g<\/td>\n<\/tr>\n<tr>\n<td>15 mm<\/td>\n<td>32,5 mm<\/td>\n<td>200 g<\/td>\n<\/tr>\n<tr>\n<td>15 mm<\/td>\n<td>35 mm<\/td>\n<td>240 g<\/td>\n<\/tr>\n<tr>\n<td>15 mm<\/td>\n<td>37,5 mm<\/td>\n<td>240 g<\/td>\n<\/tr>\n<tr>\n<td>15 mm<\/td>\n<td>40 mm<\/td>\n<td>280 g<\/td>\n<\/tr>\n<tr>\n<td>30 mm<\/td>\n<td>30 mm<\/td>\n<td>480 g<\/td>\n<\/tr>\n<tr>\n<td>30 mm<\/td>\n<td>35 mm<\/td>\n<td>440 g<\/td>\n<\/tr>\n<tr>\n<td>30 mm<\/td>\n<td>37,5 mm<\/td>\n<td>410 g<\/td>\n<\/tr>\n<tr>\n<td>30 mm<\/td>\n<td>40 mm<\/td>\n<td>380 g<\/td>\n<\/tr>\n<tr>\n<td>45 mm<\/td>\n<td>30 mm<\/td>\n<td>750 g<\/td>\n<\/tr>\n<tr>\n<td>45 mm<\/td>\n<td>32,5 mm<\/td>\n<td>750 g<\/td>\n<\/tr>\n<tr>\n<td>45 mm<\/td>\n<td>35 mm<\/td>\n<td>700 g<\/td>\n<\/tr>\n<tr>\n<td>45 mm<\/td>\n<td>37,5 mm<\/td>\n<td>550 g<\/td>\n<\/tr>\n<tr>\n<td>45 mm<\/td>\n<td>40 mm<\/td>\n<td>800 g<\/td>\n<\/tr>\n<tr>\n<td>60 mm<\/td>\n<td>30 mm<\/td>\n<td>1.150 g<\/td>\n<\/tr>\n<tr>\n<td>60 mm<\/td>\n<td>34 mm<\/td>\n<td>1.100 g<\/td>\n<\/tr>\n<tr>\n<td>60 mm<\/td>\n<td>37 mm<\/td>\n<td>1.000 g<\/td>\n<\/tr>\n<\/tbody>\n<\/table>\n<p>\u00dcber die inkonsistenten Gewichte darfst Du Dich nicht wundern. Sie h\u00e4ngen von mehreren Faktoren ab und wir haben au\u00dferdem Best\u00e4nde von verschiedenen Lieferanten, damit wir Dich auch mit Ballweights in Zwischengr\u00f6\u00dfen wie 32,5 mm und 37,5 mm Innendurchmesser beliefern k\u00f6nnen, die Du anderswo nicht erh\u00e4ltst.<\/p>\n","protected":false},"excerpt":{"rendered":"<h4>zweiteiliges Edelstahl Ringgewicht<\/h4>\n<p><P>Zwei Halbringe aus massivem medizinischem Edelstahl, ineinander gesteckt, verschraubt und matt poliert, bilden dieses besondere Ballweight. Erh\u00e4ltlich in vier H\u00f6hen und f\u00fcnf Innendurchmessern.<\/P><\/p>\n","protected":false},"featured_media":24415,"comment_status":"open","ping_status":"closed","template":"","meta":[],"product_brand":[],"product_cat":[167,95,130],"product_tag":[],"class_list":{"0":"post-6684","1":"product","2":"type-product","3":"status-publish","4":"has-post-thumbnail","6":"product_cat-cockringe","7":"product_cat-bestseller","8":"product_cat-cbt","9":"product_shipping_class-paket","11":"first","12":"instock","13":"taxable","14":"shipping-taxable","15":"purchasable","16":"product-type-variable"},"_links":{"self":[{"href":"https:\/\/www.hml-fetish.de\/shop\/wp-json\/wp\/v2\/product\/6684","targetHints":{"allow":["GET"]}}],"collection":[{"href":"https:\/\/www.hml-fetish.de\/shop\/wp-json\/wp\/v2\/product"}],"about":[{"href":"https:\/\/www.hml-fetish.de\/shop\/wp-json\/wp\/v2\/types\/product"}],"replies":[{"embeddable":true,"href":"https:\/\/www.hml-fetish.de\/shop\/wp-json\/wp\/v2\/comments?post=6684"}],"version-history":[{"count":0,"href":"https:\/\/www.hml-fetish.de\/shop\/wp-json\/wp\/v2\/product\/6684\/revisions"}],"wp:featuredmedia":[{"embeddable":true,"href":"https:\/\/www.hml-fetish.de\/shop\/wp-json\/wp\/v2\/media\/24415"}],"wp:attachment":[{"href":"https:\/\/www.hml-fetish.de\/shop\/wp-json\/wp\/v2\/media?parent=6684"}],"wp:term":[{"taxonomy":"product_brand","embeddable":true,"href":"https:\/\/www.hml-fetish.de\/shop\/wp-json\/wp\/v2\/product_brand?post=6684"},{"taxonomy":"product_cat","embeddable":true,"href":"https:\/\/www.hml-fetish.de\/shop\/wp-json\/wp\/v2\/product_cat?post=6684"},{"taxonomy":"product_tag","embeddable":true,"href":"https:\/\/www.hml-fetish.de\/shop\/wp-json\/wp\/v2\/product_tag?post=6684"}],"curies":[{"name":"wp","href":"https:\/\/api.w.org\/{rel}","templated":true}]}}