{"id":6642,"date":"2022-01-23T22:47:28","date_gmt":"2022-01-23T21:47:28","guid":{"rendered":"https:\/\/www.hml-fetish.de\/shop\/?post_type=product&#038;p=6642"},"modified":"2025-01-29T17:49:52","modified_gmt":"2025-01-29T16:49:52","slug":"5-cm-lederarmband-braun","status":"publish","type":"product","link":"https:\/\/www.hml-fetish.de\/shop\/5-cm-lederarmband-braun\/","title":{"rendered":"5 cm Lederarmband braun"},"content":{"rendered":"<p><P>Dieses Leder-Armband fertigen wir aus drei Lagen braunem Rindleder und steppen es ringsum ab. Die oberste Lage besteht aus G\u00fcrtelleder. Dadurch wirkt es besonders rustikal. Die unteren Lagen sind weich und f\u00fchlen sich gut auf der Haut an. Das Handgelenkband ist stolze 5,8 mm dick und etwa 5,5 cm breit und besitzt rost- und nickelfreie Druckkn\u00f6pfen.<\/P><br \/>\n<P>Wir bieten Dir dieses exklusive Armband in den Gr\u00f6\u00dfen XS bis XXL an und in einer schlichten, glatten Oberfl\u00e4che sowie in einer Version, die mit Ziern\u00e4hten ausgearbeitet ist.<br \/>\n<BR>Tip: die kleineren Gr\u00f6\u00dfen passen auch um andere K\u00f6rperteile.<br \/>\n<BR><img decoding=\"async\" src=\"\/GIF\/size_UA.gif\" alt=\"Gr\u00f6\u00dfentabelle\" title=\"Gr\u00f6\u00dfentabelle\" border=\"0\" height=\"189\" width=\"122\"><\/P><br \/>\n<P><B>Produktsicherheit:<\/B><BR><br \/>\nAllergiehinweis: Material Rindleder, Metallteile mit Hautkontakt sind rost- und nickelfrei<BR><br \/>\nVerantwortliche Person<BR><br \/>\nHML, Inhaber Dr. Detlef Moller<BR><br \/>\nNeukirchstra\u00dfe 18<BR><br \/>\n28215 Bremen<BR><br \/>\nDeutschland<BR><br \/>\ninfo@hml-fetish.de<\/P><\/p>\n","protected":false},"excerpt":{"rendered":"<h4>5 cm Lederarmband braun<\/h4>\n<p><P>Dieses Leder-Armband fertigen wir aus drei Lagen braunem Rindleder und steppen es ringsum ab. Die oberste Lage besteht aus G\u00fcrtelleder. Dadurch wirkt es besonders rustikal. Die unteren Lagen sind weich und f\u00fchlen sich gut auf der Haut an. Das Handgelenkband ist stolze 5,8 mm dick und etwa 5,5 cm breit. Mit rost- und nickelfreien Druckkn\u00f6pfen.<\/P><\/p>\n","protected":false},"featured_media":24702,"comment_status":"open","ping_status":"closed","template":"","meta":[],"product_brand":[],"product_cat":[152,95],"product_tag":[3809,4398],"class_list":{"0":"post-6642","1":"product","2":"type-product","3":"status-publish","4":"has-post-thumbnail","6":"product_cat-armbaender","7":"product_cat-bestseller","8":"product_tag-fh-ledermanufaktur","9":"product_tag-hml-fetish-original","10":"product_shipping_class-brief","12":"first","13":"instock","14":"taxable","15":"shipping-taxable","16":"purchasable","17":"product-type-variable"},"_links":{"self":[{"href":"https:\/\/www.hml-fetish.de\/shop\/wp-json\/wp\/v2\/product\/6642","targetHints":{"allow":["GET"]}}],"collection":[{"href":"https:\/\/www.hml-fetish.de\/shop\/wp-json\/wp\/v2\/product"}],"about":[{"href":"https:\/\/www.hml-fetish.de\/shop\/wp-json\/wp\/v2\/types\/product"}],"replies":[{"embeddable":true,"href":"https:\/\/www.hml-fetish.de\/shop\/wp-json\/wp\/v2\/comments?post=6642"}],"version-history":[{"count":0,"href":"https:\/\/www.hml-fetish.de\/shop\/wp-json\/wp\/v2\/product\/6642\/revisions"}],"wp:featuredmedia":[{"embeddable":true,"href":"https:\/\/www.hml-fetish.de\/shop\/wp-json\/wp\/v2\/media\/24702"}],"wp:attachment":[{"href":"https:\/\/www.hml-fetish.de\/shop\/wp-json\/wp\/v2\/media?parent=6642"}],"wp:term":[{"taxonomy":"product_brand","embeddable":true,"href":"https:\/\/www.hml-fetish.de\/shop\/wp-json\/wp\/v2\/product_brand?post=6642"},{"taxonomy":"product_cat","embeddable":true,"href":"https:\/\/www.hml-fetish.de\/shop\/wp-json\/wp\/v2\/product_cat?post=6642"},{"taxonomy":"product_tag","embeddable":true,"href":"https:\/\/www.hml-fetish.de\/shop\/wp-json\/wp\/v2\/product_tag?post=6642"}],"curies":[{"name":"wp","href":"https:\/\/api.w.org\/{rel}","templated":true}]}}