{"id":6641,"date":"2022-01-23T22:47:28","date_gmt":"2022-01-23T21:47:28","guid":{"rendered":"https:\/\/www.hml-fetish.de\/shop\/?post_type=product&#038;p=6641"},"modified":"2026-02-10T17:14:09","modified_gmt":"2026-02-10T16:14:09","slug":"lederguertel-braun","status":"publish","type":"product","link":"https:\/\/www.hml-fetish.de\/shop\/lederguertel-braun\/","title":{"rendered":"Lederg\u00fcrtel braun"},"content":{"rendered":"<p><P>Aus der neuen Designlinie der FH Ledermanufaktur: ein ca. 3,5 mm dicker G\u00fcrtel von Hand aus gl\u00e4nzend braunem Leder geschnitten mit einer massiven Rollschnalle. Wir bieten Dir zwei verschiedene Breiten an, 40 mm und 50 mm. Au\u00dferdem kannst Du zwischen einem schlichten G\u00fcrtel mit glatter Oberfl\u00e4che w\u00e4hlen und einer Version mit dekorativen N\u00e4hten.<\/P><br \/>\n<BP>Leder ist ein nat\u00fcrliches Material. Wenn Du es eine Weile getragen hast, wirst Du bemerken, da\u00df das Material etwas nachdunkelt. Bei hellem Leder ist das normal. Es arbeitet und pa\u00dft sich an Dich an. So erh\u00e4ltst Du im Laufe der Jahre Dein ganz pers\u00f6nliches Unikat, sozusagen Deine zweite Haut!<br \/>\n<BR><img decoding=\"async\" src=\"\/GIF\/size_unisex_down.gif\" alt=\"Gr\u00f6\u00dfentabelle\" title=\"Gr\u00f6\u00dfentabelle\" border=\"0\" height=\"194\" width=\"114\"><\/P><br \/>\n<P><B>Produktsicherheit:<\/B><BR><br \/>\nAllergiehinweis: Material Rindleder, Metallteile mit Hautkontakt sind rost- und nickelfrei<BR><br \/>\nVerantwortliche Person<BR><br \/>\nHML, Inhaber Dr. Detlef Moller<BR><br \/>\nNeukirchstra\u00dfe 18<BR><br \/>\n28215 Bremen<BR><br \/>\nDeutschland<BR><br \/>\ninfo@hml-fetish.de<\/P><\/p>\n","protected":false},"excerpt":{"rendered":"<h4>Lederg\u00fcrtel braun<\/h4>\n<p><P>Aus der neuen Designlinie der FH Ledermanufaktur: ein ca. 3,5 mm dicker G\u00fcrtel von Hand aus gl\u00e4nzend braunem Leder geschnitten mit einer massiven Rollschnalle. Wir bieten ihn Dir in 40 mm oder 50 mm Breite an. Wir bieten Dir zwei verschiedene Breiten an, 40 mm und 50 mm. Au\u00dferdem kannst Du zwischen einem schlichten G\u00fcrtel mit glatter Oberfl\u00e4che w\u00e4hlen und einer Version mit dekorativen N\u00e4hten.<\/P><\/p>\n","protected":false},"featured_media":24762,"comment_status":"open","ping_status":"closed","template":"","meta":[],"product_brand":[],"product_cat":[155],"product_tag":[3809,4398],"class_list":{"0":"post-6641","1":"product","2":"type-product","3":"status-publish","4":"has-post-thumbnail","6":"product_cat-guertel-gurte-2","7":"product_tag-fh-ledermanufaktur","8":"product_tag-hml-fetish-original","9":"product_shipping_class-paket","11":"first","12":"instock","13":"taxable","14":"shipping-taxable","15":"purchasable","16":"product-type-variable"},"_links":{"self":[{"href":"https:\/\/www.hml-fetish.de\/shop\/wp-json\/wp\/v2\/product\/6641","targetHints":{"allow":["GET"]}}],"collection":[{"href":"https:\/\/www.hml-fetish.de\/shop\/wp-json\/wp\/v2\/product"}],"about":[{"href":"https:\/\/www.hml-fetish.de\/shop\/wp-json\/wp\/v2\/types\/product"}],"replies":[{"embeddable":true,"href":"https:\/\/www.hml-fetish.de\/shop\/wp-json\/wp\/v2\/comments?post=6641"}],"version-history":[{"count":0,"href":"https:\/\/www.hml-fetish.de\/shop\/wp-json\/wp\/v2\/product\/6641\/revisions"}],"wp:featuredmedia":[{"embeddable":true,"href":"https:\/\/www.hml-fetish.de\/shop\/wp-json\/wp\/v2\/media\/24762"}],"wp:attachment":[{"href":"https:\/\/www.hml-fetish.de\/shop\/wp-json\/wp\/v2\/media?parent=6641"}],"wp:term":[{"taxonomy":"product_brand","embeddable":true,"href":"https:\/\/www.hml-fetish.de\/shop\/wp-json\/wp\/v2\/product_brand?post=6641"},{"taxonomy":"product_cat","embeddable":true,"href":"https:\/\/www.hml-fetish.de\/shop\/wp-json\/wp\/v2\/product_cat?post=6641"},{"taxonomy":"product_tag","embeddable":true,"href":"https:\/\/www.hml-fetish.de\/shop\/wp-json\/wp\/v2\/product_tag?post=6641"}],"curies":[{"name":"wp","href":"https:\/\/api.w.org\/{rel}","templated":true}]}}