{"id":6640,"date":"2022-01-23T22:47:28","date_gmt":"2022-01-23T21:47:28","guid":{"rendered":"https:\/\/www.hml-fetish.de\/shop\/?post_type=product&#038;p=6640"},"modified":"2025-07-03T15:17:12","modified_gmt":"2025-07-03T13:17:12","slug":"leder-top-verbinder","status":"publish","type":"product","link":"https:\/\/www.hml-fetish.de\/shop\/leder-top-verbinder\/","title":{"rendered":"Leder Top-Verbinder"},"content":{"rendered":"<p><P>Verbindet Deinen braunen oder schwarzen Top-Harness nach unten mit einem Cockring. Ein 3 cm breiter Ledergurt aus dreilagig vern\u00e4htem Rindleder mit Druckkn\u00f6pfen. Einen 50 mm Nirosta-Cockring liefern wir mit.<br \/>\n<BR>Leder ist ein nat\u00fcrliches Material. Wenn Du es eine Weile getragen hast, wirst Du bemerken, da\u00df das Material etwas nachdunkelt. Bei hellem Leder ist das normal. Es arbeitet und pa\u00dft sich an Dich an. So erh\u00e4ltst Du im Laufe der Jahre Dein ganz pers\u00f6nliches Unikat, sozusagen Deine zweite Haut!<\/P><br \/>\n<P><B>Produktsicherheit:<\/B><BR><br \/>\nAllergiehinweis: Material Rindleder, Metallteile mit Hautkontakt sind rost- und nickelfrei<BR><br \/>\nVerantwortliche Person<BR><br \/>\nHML, Inhaber Dr. Detlef Moller<BR><br \/>\nNeukirchstra\u00dfe 18<BR><br \/>\n28215 Bremen<BR><br \/>\nDeutschland<BR><br \/>\ninfo@hml-fetish.de<\/P><\/p>\n","protected":false},"excerpt":{"rendered":"<h4>Leder Top-Verbinder<\/h4>\n<p><P>Verbindet Deinen braunen oder schwarzen Top-Harness nach unten mit einem Cockring. Ein 3 cm breiter Ledergurt aus dreilagig vern\u00e4htem Rindleder mit Druckkn\u00f6pfen. Einen 50 mm Nirosta Cockring liefern wir mit.<\/P><\/p>\n","protected":false},"featured_media":24906,"comment_status":"open","ping_status":"closed","template":"","meta":[],"product_brand":[],"product_cat":[156,106],"product_tag":[3809,4398],"class_list":{"0":"post-6640","1":"product","2":"type-product","3":"status-publish","4":"has-post-thumbnail","6":"product_cat-harnesse","7":"product_cat-neu-bei-hml","8":"product_tag-fh-ledermanufaktur","9":"product_tag-hml-fetish-original","10":"product_shipping_class-paket","12":"first","13":"instock","14":"taxable","15":"shipping-taxable","16":"purchasable","17":"product-type-variable"},"_links":{"self":[{"href":"https:\/\/www.hml-fetish.de\/shop\/wp-json\/wp\/v2\/product\/6640","targetHints":{"allow":["GET"]}}],"collection":[{"href":"https:\/\/www.hml-fetish.de\/shop\/wp-json\/wp\/v2\/product"}],"about":[{"href":"https:\/\/www.hml-fetish.de\/shop\/wp-json\/wp\/v2\/types\/product"}],"replies":[{"embeddable":true,"href":"https:\/\/www.hml-fetish.de\/shop\/wp-json\/wp\/v2\/comments?post=6640"}],"version-history":[{"count":0,"href":"https:\/\/www.hml-fetish.de\/shop\/wp-json\/wp\/v2\/product\/6640\/revisions"}],"wp:featuredmedia":[{"embeddable":true,"href":"https:\/\/www.hml-fetish.de\/shop\/wp-json\/wp\/v2\/media\/24906"}],"wp:attachment":[{"href":"https:\/\/www.hml-fetish.de\/shop\/wp-json\/wp\/v2\/media?parent=6640"}],"wp:term":[{"taxonomy":"product_brand","embeddable":true,"href":"https:\/\/www.hml-fetish.de\/shop\/wp-json\/wp\/v2\/product_brand?post=6640"},{"taxonomy":"product_cat","embeddable":true,"href":"https:\/\/www.hml-fetish.de\/shop\/wp-json\/wp\/v2\/product_cat?post=6640"},{"taxonomy":"product_tag","embeddable":true,"href":"https:\/\/www.hml-fetish.de\/shop\/wp-json\/wp\/v2\/product_tag?post=6640"}],"curies":[{"name":"wp","href":"https:\/\/api.w.org\/{rel}","templated":true}]}}