{"id":6639,"date":"2022-01-23T22:47:27","date_gmt":"2022-01-23T21:47:27","guid":{"rendered":"https:\/\/www.hml-fetish.de\/shop\/?post_type=product&#038;p=6639"},"modified":"2025-01-29T17:58:43","modified_gmt":"2025-01-29T16:58:43","slug":"genaehter-leder-schultergurt-braun","status":"publish","type":"product","link":"https:\/\/www.hml-fetish.de\/shop\/genaehter-leder-schultergurt-braun\/","title":{"rendered":"gen\u00e4hter Leder Schultergurt braun"},"content":{"rendered":"<p><P>Ein exklusiver dreilagig gen\u00e4hter Leder Schultergurt braun in 30 mm Breite f\u00fcr G\u00fcrtel bis 50 mm Breite. Aus braunem Rindnappaleder handgefertigt und rundum abgesteppt. Nat\u00fcrlich inklusive zwei der patenten G\u00fcrtelschlaufen, die mit Druckkn\u00f6pfen direkt in den G\u00fcrtel eingekn\u00f6pft werden k\u00f6nnen, ohne den G\u00fcrtel vorher aus der Hose ziehen zu m\u00fcssen.<\/P><br \/>\n<P>Der Schultergurt ist in den Gr\u00f6\u00dfen S, M, L und XL erh\u00e4ltlich. Wobei Gr\u00f6\u00dfe S gemessen ab G\u00fcrtel-Unterkante etwa 102 cm bis 114 cm lang ist, M einstellbar von 108 cm bis 120 cm, L von etwa 114 cm bis 126 cm und XL von ca. 120 cm bis 132 cm.<\/P><br \/>\n<P>Leder ist ein nat\u00fcrliches Material. Wenn Du es eine Weile getragen hast, wirst Du bemerken, da\u00df das Material etwas nachdunkelt. Bei hellem Leder ist das normal. Es arbeitet und pa\u00dft sich an Dich an. So erh\u00e4ltst Du im Laufe der Jahre Dein ganz pers\u00f6nliches Unikat, sozusagen Deine zweite Haut!<\/P><br \/>\n<P><B>Produktsicherheit:<\/B><BR><br \/>\nAllergiehinweis: Material Rindleder, Metallteile mit Hautkontakt sind rost- und nickelfrei<BR><br \/>\nVerantwortliche Person<BR><br \/>\nHML, Inhaber Dr. Detlef Moller<BR><br \/>\nNeukirchstra\u00dfe 18<BR><br \/>\n28215 Bremen<BR><br \/>\nDeutschland<BR><br \/>\ninfo@hml-fetish.de<\/P><br \/>\n<P><B>Produktsicherheit:<\/B><BR><br \/>\nAllergiehinweis: Material Rindleder, Metallteile mit Hautkontakt sind rost- und nickelfrei<BR><br \/>\nVerantwortliche Person<BR><br \/>\nHML, Inhaber Dr. Detlef Moller<BR><br \/>\nNeukirchstra\u00dfe 18<BR><br \/>\n28215 Bremen<BR><br \/>\nDeutschland<BR><br \/>\ninfo@hml-fetish.de<\/P><\/p>\n","protected":false},"excerpt":{"rendered":"<h4>gen\u00e4hter Leder Schultergurt braun<\/h4>\n<p><P>Ein exklusiver Leder Schultergurt in 30 mm Breite f\u00fcr G\u00fcrtel bis 50 mm Breite. Aus braunem Rindnappaleder dreilagig handgefertigt und rundum abgesteppt. Nat\u00fcrlich inklusive zwei der patenten G\u00fcrtelschlaufen, die mit Druckkn\u00f6pfen direkt in den G\u00fcrtel eingekn\u00f6pft werden k\u00f6nnen, ohne den G\u00fcrtel vorher aus der Hose ziehen zu m\u00fcssen.<\/P><\/p>\n","protected":false},"featured_media":24918,"comment_status":"open","ping_status":"closed","template":"","meta":[],"product_brand":[],"product_cat":[155,148],"product_tag":[3809,4398],"class_list":{"0":"post-6639","1":"product","2":"type-product","3":"status-publish","4":"has-post-thumbnail","6":"product_cat-guertel-gurte-2","7":"product_cat-guertel-gurte","8":"product_tag-fh-ledermanufaktur","9":"product_tag-hml-fetish-original","10":"product_shipping_class-paket","12":"first","13":"instock","14":"taxable","15":"shipping-taxable","16":"purchasable","17":"product-type-variable"},"_links":{"self":[{"href":"https:\/\/www.hml-fetish.de\/shop\/wp-json\/wp\/v2\/product\/6639","targetHints":{"allow":["GET"]}}],"collection":[{"href":"https:\/\/www.hml-fetish.de\/shop\/wp-json\/wp\/v2\/product"}],"about":[{"href":"https:\/\/www.hml-fetish.de\/shop\/wp-json\/wp\/v2\/types\/product"}],"replies":[{"embeddable":true,"href":"https:\/\/www.hml-fetish.de\/shop\/wp-json\/wp\/v2\/comments?post=6639"}],"version-history":[{"count":0,"href":"https:\/\/www.hml-fetish.de\/shop\/wp-json\/wp\/v2\/product\/6639\/revisions"}],"wp:featuredmedia":[{"embeddable":true,"href":"https:\/\/www.hml-fetish.de\/shop\/wp-json\/wp\/v2\/media\/24918"}],"wp:attachment":[{"href":"https:\/\/www.hml-fetish.de\/shop\/wp-json\/wp\/v2\/media?parent=6639"}],"wp:term":[{"taxonomy":"product_brand","embeddable":true,"href":"https:\/\/www.hml-fetish.de\/shop\/wp-json\/wp\/v2\/product_brand?post=6639"},{"taxonomy":"product_cat","embeddable":true,"href":"https:\/\/www.hml-fetish.de\/shop\/wp-json\/wp\/v2\/product_cat?post=6639"},{"taxonomy":"product_tag","embeddable":true,"href":"https:\/\/www.hml-fetish.de\/shop\/wp-json\/wp\/v2\/product_tag?post=6639"}],"curies":[{"name":"wp","href":"https:\/\/api.w.org\/{rel}","templated":true}]}}