{"id":6636,"date":"2022-01-23T22:47:27","date_gmt":"2022-01-23T21:47:27","guid":{"rendered":"https:\/\/www.hml-fetish.de\/shop\/?post_type=product&#038;p=6636"},"modified":"2026-02-10T17:13:47","modified_gmt":"2026-02-10T16:13:47","slug":"lederguertel-geschnitten-schwarz-mit-ziernaht","status":"publish","type":"product","link":"https:\/\/www.hml-fetish.de\/shop\/lederguertel-geschnitten-schwarz-mit-ziernaht\/","title":{"rendered":"Lederg\u00fcrtel geschnitten schwarz mit Ziernaht"},"content":{"rendered":"<p><P>Aus der neuen Designlinie der FH Ledermanufaktur: ein ca. 3,5 mm dicker G\u00fcrtel von Hand aus gl\u00e4nzend schwarzem Leder geschnitten mit einer massiven Rollschnalle. Den G\u00fcrtel haben wir rundum umn\u00e4ht und die Oberfl\u00e4che zus\u00e4tzlich mit dekorativen N\u00e4hten verziert. Wir bieten ihn Dir in 40 mm oder 50 mm Breite sowie in verschiedenen Gr\u00f6\u00dfen an. An diesem hochwertigen G\u00fcrtel wirst Du viele Jahre Deine Freude haben.<br \/>\n<BR><img decoding=\"async\" src=\"\/GIF\/size_unisex_down.gif\" alt=\"Gr\u00f6\u00dfentabelle\" title=\"Gr\u00f6\u00dfentabelle\" border=\"0\" height=\"194\" width=\"114\"><\/P><br \/>\n<P><B>Produktsicherheit:<\/B><BR><br \/>\nAllergiehinweis: Material Rindleder, Metallteile mit Hautkontakt sind rost- und nickelfrei<BR><br \/>\nVerantwortliche Person<BR><br \/>\nHML, Inhaber Dr. Detlef Moller<BR><br \/>\nNeukirchstra\u00dfe 18<BR><br \/>\n28215 Bremen<BR><br \/>\nDeutschland<BR><br \/>\ninfo@hml-fetish.de<\/P><\/p>\n","protected":false},"excerpt":{"rendered":"<h4>Lederg\u00fcrtel geschnitten schwarz mit Ziernaht<\/h4>\n<p><P>Aus der neuen Designlinie der FH Ledermanufaktur: ein ca. 3,5 mm dicker G\u00fcrtel von Hand aus gl\u00e4nzend schwarzem Leder geschnitten mit einer massiven Rollschnalle. Den G\u00fcrtel haben wir rundum umn\u00e4ht und die Oberfl\u00e4che zus\u00e4tzlich mit dekorativen N\u00e4hten verziert. Wir bieten ihn Dir in 40 mm oder 50 mm Breite sowie in verschiedenen Gr\u00f6\u00dfen an.<\/P><\/p>\n","protected":false},"featured_media":25037,"comment_status":"open","ping_status":"closed","template":"","meta":[],"product_brand":[],"product_cat":[155,148],"product_tag":[3809,4398],"class_list":{"0":"post-6636","1":"product","2":"type-product","3":"status-publish","4":"has-post-thumbnail","6":"product_cat-guertel-gurte-2","7":"product_cat-guertel-gurte","8":"product_tag-fh-ledermanufaktur","9":"product_tag-hml-fetish-original","10":"product_shipping_class-paket","12":"first","13":"instock","14":"taxable","15":"shipping-taxable","16":"purchasable","17":"product-type-variable"},"_links":{"self":[{"href":"https:\/\/www.hml-fetish.de\/shop\/wp-json\/wp\/v2\/product\/6636","targetHints":{"allow":["GET"]}}],"collection":[{"href":"https:\/\/www.hml-fetish.de\/shop\/wp-json\/wp\/v2\/product"}],"about":[{"href":"https:\/\/www.hml-fetish.de\/shop\/wp-json\/wp\/v2\/types\/product"}],"replies":[{"embeddable":true,"href":"https:\/\/www.hml-fetish.de\/shop\/wp-json\/wp\/v2\/comments?post=6636"}],"version-history":[{"count":0,"href":"https:\/\/www.hml-fetish.de\/shop\/wp-json\/wp\/v2\/product\/6636\/revisions"}],"wp:featuredmedia":[{"embeddable":true,"href":"https:\/\/www.hml-fetish.de\/shop\/wp-json\/wp\/v2\/media\/25037"}],"wp:attachment":[{"href":"https:\/\/www.hml-fetish.de\/shop\/wp-json\/wp\/v2\/media?parent=6636"}],"wp:term":[{"taxonomy":"product_brand","embeddable":true,"href":"https:\/\/www.hml-fetish.de\/shop\/wp-json\/wp\/v2\/product_brand?post=6636"},{"taxonomy":"product_cat","embeddable":true,"href":"https:\/\/www.hml-fetish.de\/shop\/wp-json\/wp\/v2\/product_cat?post=6636"},{"taxonomy":"product_tag","embeddable":true,"href":"https:\/\/www.hml-fetish.de\/shop\/wp-json\/wp\/v2\/product_tag?post=6636"}],"curies":[{"name":"wp","href":"https:\/\/api.w.org\/{rel}","templated":true}]}}