{"id":6633,"date":"2022-01-23T22:47:26","date_gmt":"2022-01-23T21:47:26","guid":{"rendered":"https:\/\/www.hml-fetish.de\/shop\/?post_type=product&#038;p=6633"},"modified":"2025-07-03T17:58:51","modified_gmt":"2025-07-03T15:58:51","slug":"leder-hundeleine","status":"publish","type":"product","link":"https:\/\/www.hml-fetish.de\/shop\/leder-hundeleine\/","title":{"rendered":"Leder Hundeleine"},"content":{"rendered":"<p><P>Die passende Hundeleine zu unserer neuen Kollektion in braunem oder schwarzem Leder. Wird einfach mit einem Karabiner in den D-Ring des Halsbandes geklickt und Dein Partner wei\u00df, wo er hingeh\u00f6rt! Fein geschnittenes und sauber vern\u00e4htes Rindleder. 2,5 cm breit und etwa 0,7 Meter lang und made in Germany. Funktioniert auch f\u00fcr vierbeinige Hunde!<\/P><br \/>\n<P>Leder ist ein nat\u00fcrliches Material. Wenn Du es eine Weile getragen hast, wirst Du bemerken, da\u00df die Oberfl\u00e4che etwas nachdunkelt. Bei hellem Leder ist das normal. Es arbeitet und pa\u00dft sich an Dich an. So erh\u00e4ltst Du im Laufe der Jahre Dein ganz pers\u00f6nliches Unikat, sozusagen Deine zweite Haut!<\/P><br \/>\n<P><B>Produktsicherheit:<\/B><BR><br \/>\nAllergiehinweis: Material Rindleder, Metallteile mit Hautkontakt sind rost- und nickelfrei<BR><br \/>\nVerantwortliche Person<BR><br \/>\nHML, Inhaber Dr. Detlef Moller<BR><br \/>\nNeukirchstra\u00dfe 18<BR><br \/>\n28215 Bremen<BR><br \/>\nDeutschland<BR><br \/>\ninfo@hml-fetish.de<\/P><\/p>\n","protected":false},"excerpt":{"rendered":"<h4>Leder Hundeleine<\/h4>\n<p><P>Die passende Hundeleine zu unserer neuen Kollektion in braunem oder schwarzem Leder. Wird einfach mit einem Karabiner in den D-Ring des Halsbandes geklickt und Dein Partner wei\u00df, wo er hingeh\u00f6rt! Fein geschnittenes und sauber vern\u00e4htes Rindleder. 2,5 cm breit und etwa 0,7 Meter lang.<\/P><\/p>\n","protected":false},"featured_media":25133,"comment_status":"open","ping_status":"closed","template":"","meta":[],"product_brand":[],"product_cat":[143,137],"product_tag":[3809,4398],"class_list":{"0":"post-6633","1":"product","2":"type-product","3":"status-publish","4":"has-post-thumbnail","6":"product_cat-petplay","7":"product_cat-bondage","8":"product_tag-fh-ledermanufaktur","9":"product_tag-hml-fetish-original","10":"product_shipping_class-brief","12":"first","13":"instock","14":"taxable","15":"shipping-taxable","16":"purchasable","17":"product-type-variable"},"_links":{"self":[{"href":"https:\/\/www.hml-fetish.de\/shop\/wp-json\/wp\/v2\/product\/6633","targetHints":{"allow":["GET"]}}],"collection":[{"href":"https:\/\/www.hml-fetish.de\/shop\/wp-json\/wp\/v2\/product"}],"about":[{"href":"https:\/\/www.hml-fetish.de\/shop\/wp-json\/wp\/v2\/types\/product"}],"replies":[{"embeddable":true,"href":"https:\/\/www.hml-fetish.de\/shop\/wp-json\/wp\/v2\/comments?post=6633"}],"version-history":[{"count":0,"href":"https:\/\/www.hml-fetish.de\/shop\/wp-json\/wp\/v2\/product\/6633\/revisions"}],"wp:featuredmedia":[{"embeddable":true,"href":"https:\/\/www.hml-fetish.de\/shop\/wp-json\/wp\/v2\/media\/25133"}],"wp:attachment":[{"href":"https:\/\/www.hml-fetish.de\/shop\/wp-json\/wp\/v2\/media?parent=6633"}],"wp:term":[{"taxonomy":"product_brand","embeddable":true,"href":"https:\/\/www.hml-fetish.de\/shop\/wp-json\/wp\/v2\/product_brand?post=6633"},{"taxonomy":"product_cat","embeddable":true,"href":"https:\/\/www.hml-fetish.de\/shop\/wp-json\/wp\/v2\/product_cat?post=6633"},{"taxonomy":"product_tag","embeddable":true,"href":"https:\/\/www.hml-fetish.de\/shop\/wp-json\/wp\/v2\/product_tag?post=6633"}],"curies":[{"name":"wp","href":"https:\/\/api.w.org\/{rel}","templated":true}]}}