{"id":6632,"date":"2022-01-23T22:47:25","date_gmt":"2022-01-23T21:47:25","guid":{"rendered":"https:\/\/www.hml-fetish.de\/shop\/?post_type=product&#038;p=6632"},"modified":"2025-07-04T11:35:54","modified_gmt":"2025-07-04T09:35:54","slug":"bulldog-harness-dreilagig","status":"publish","type":"product","link":"https:\/\/www.hml-fetish.de\/shop\/bulldog-harness-dreilagig\/","title":{"rendered":"Bulldog-Harness dreilagig"},"content":{"rendered":"<p><P>Der meist verkaufte Oberk\u00f6rper Harness ist derzeit unser Bulldog-Harness &#8211; hier in der Version f\u00fcr zweibeinige Bulldoggen. Mit den markanten Metallschlaufen an Brust und R\u00fccken erinnert er stark an die Geschirre, die man Bulldoggen und anderen gr\u00f6\u00dferen Hunden anziehet, um sie beim Gassigehen besser im Griff behalten zu k\u00f6nnen.<\/P><br \/>\n<P>Auf dieser Seite findest Du die edelste Version eines solchen Harness: ein Modell der neuen Designlinie der FH Ledermanufaktur: Er besteht aus 40 mm breiten, dreilagig umgebugten und abgesteppten Ledergurten aus weichem, matt braunem oder schwarzem Leder. Jeder einzelne ist einzeln in Handarbeit gen\u00e4ht und genietet und mit fetten Rollschnallen verschlie\u00dfbar und verstellbar. Den D-Ring vorne auf der Brust kannst Du auch mit Karabiner und Kette als F\u00fchrungsring verwenden &#8211; wie f\u00fcr eine echte Bulldogge. Trag&#8217; ihn zum n\u00e4chsten Stra\u00dfenfest und genie\u00dfe die l\u00fcsternen Blicke der anderen M\u00e4nner.<\/P><br \/>\n<P>Ob Dein Partner Dir besser folgt, wenn Du eine Hundeleine in seinen Harness klickst, werdet ihr wohl ausdiskutieren m\u00fcssen. Auf jeden Fall erregt ihr so Aufmerksamkeit und erntet manchen neidischen Blick.<\/P><br \/>\n<P>Leder ist ein nat\u00fcrliches Material. Wenn Du es eine Weile getragen hast, wirst Du bemerken, da\u00df die Oberfl\u00e4che etwas nachdunkelt. Bei hellem Leder ist das normal. Es arbeitet und pa\u00dft sich an Dich an. So erh\u00e4ltst Du im Laufe der Jahre Dein ganz pers\u00f6nliches Unikat, sozusagen Deine zweite Haut!<br \/>\n<BR><img decoding=\"async\" src=\"\/GIF\/size_unisex_up.gif\" alt=\"Gr\u00f6\u00dfentabelle\" title=\"Gr\u00f6\u00dfentabelle\" border=\"0\" height=\"194\" width=\"114\"><\/P><br \/>\n<P><B>Produktsicherheit:<\/B><BR><br \/>\nAllergiehinweis: Material Rindleder, Metallteile mit Hautkontakt sind rost- und nickelfrei<BR><br \/>\nVerantwortliche Person<BR><br \/>\nHML, Inhaber Dr. Detlef Moller<BR><br \/>\nNeukirchstra\u00dfe 18<BR><br \/>\n28215 Bremen<BR><br \/>\nDeutschland<BR><br \/>\ninfo@hml-fetish.de<\/P><\/p>\n","protected":false},"excerpt":{"rendered":"<h4>Bulldog-Harness dreilagig<\/h4>\n<p><P>Der meist verkaufte Oberk\u00f6rper-Harness ist derzeit unser Bulldog-Harness. Mit den markanten Metallschlaufen an Brust und R\u00fccken erinnert er stark an die Geschirre, die man Bulldoggen und anderen gr\u00f6\u00dferen Hunden anziehet, um sie beim Gassigehen besser im Griff behalten zu k\u00f6nnen.<\/P><br \/>\n<P>Hier findest Du ein Modell der neuen Designlinie der FH Ledermanufaktur: Er besteht aus 40 mm breiten, dreilagig umgebugten und abgesteppten Ledergurten aus weichem, matt braunem oder schwarzem Leder. Jeder einzelne ist einzeln in Handarbeit gen\u00e4ht und genietet und mit fetten Rollschnallen verschlie\u00dfbar und verstellbar.<\/P><\/p>\n","protected":false},"featured_media":25169,"comment_status":"open","ping_status":"closed","template":"","meta":[],"product_brand":[],"product_cat":[156,95,143],"product_tag":[3809,4398],"class_list":{"0":"post-6632","1":"product","2":"type-product","3":"status-publish","4":"has-post-thumbnail","6":"product_cat-harnesse","7":"product_cat-bestseller","8":"product_cat-petplay","9":"product_tag-fh-ledermanufaktur","10":"product_tag-hml-fetish-original","11":"product_shipping_class-paket","13":"first","14":"instock","15":"taxable","16":"shipping-taxable","17":"purchasable","18":"product-type-variable"},"_links":{"self":[{"href":"https:\/\/www.hml-fetish.de\/shop\/wp-json\/wp\/v2\/product\/6632","targetHints":{"allow":["GET"]}}],"collection":[{"href":"https:\/\/www.hml-fetish.de\/shop\/wp-json\/wp\/v2\/product"}],"about":[{"href":"https:\/\/www.hml-fetish.de\/shop\/wp-json\/wp\/v2\/types\/product"}],"replies":[{"embeddable":true,"href":"https:\/\/www.hml-fetish.de\/shop\/wp-json\/wp\/v2\/comments?post=6632"}],"version-history":[{"count":0,"href":"https:\/\/www.hml-fetish.de\/shop\/wp-json\/wp\/v2\/product\/6632\/revisions"}],"wp:featuredmedia":[{"embeddable":true,"href":"https:\/\/www.hml-fetish.de\/shop\/wp-json\/wp\/v2\/media\/25169"}],"wp:attachment":[{"href":"https:\/\/www.hml-fetish.de\/shop\/wp-json\/wp\/v2\/media?parent=6632"}],"wp:term":[{"taxonomy":"product_brand","embeddable":true,"href":"https:\/\/www.hml-fetish.de\/shop\/wp-json\/wp\/v2\/product_brand?post=6632"},{"taxonomy":"product_cat","embeddable":true,"href":"https:\/\/www.hml-fetish.de\/shop\/wp-json\/wp\/v2\/product_cat?post=6632"},{"taxonomy":"product_tag","embeddable":true,"href":"https:\/\/www.hml-fetish.de\/shop\/wp-json\/wp\/v2\/product_tag?post=6632"}],"curies":[{"name":"wp","href":"https:\/\/api.w.org\/{rel}","templated":true}]}}