{"id":6630,"date":"2022-01-23T22:47:25","date_gmt":"2022-01-23T21:47:25","guid":{"rendered":"https:\/\/www.hml-fetish.de\/shop\/?post_type=product&#038;p=6630"},"modified":"2026-02-10T17:13:09","modified_gmt":"2026-02-10T16:13:09","slug":"halsband-65-mm-dreilagig-mit-schnalle","status":"publish","type":"product","link":"https:\/\/www.hml-fetish.de\/shop\/halsband-65-mm-dreilagig-mit-schnalle\/","title":{"rendered":"Halsband 65 mm dreilagig mit Schnalle"},"content":{"rendered":"<p><P>Aus der Designlinie der FH Ledermanufaktur: ein fettes, mehrlagiges, 65 mm breites Bondage Halsband aus mattem, braunem oder schwarzem Leder. Es ist mit Leder hinterlegt. Deine Haut hat also keinen Kontakt mit Metall. Der aufgesetzte 30 mm breite Gurt ist ca. 3 mm dick, sehr belastbar und wird mit einer Schnalle geschlossen. Die umgelegten Kanten sind abgerundet, weich und schneiden nicht ein, egal, wie lange das Halsband getragen wird.<\/P><br \/>\n<P>Du kannst dieses wertige Halsband in folgenden Gr\u00f6\u00dfen kaufen: Gr\u00f6\u00dfe S (29 cm bis 38 cm Halsumfang), Gr\u00f6\u00dfe M (32 cm bis 41 cm Halsumfang), Gr\u00f6\u00dfe L (35 cm bis 44 cm Halsumfang) und Gr\u00f6\u00dfe XL (38 cm bis 47 cm Halsumfang).<\/P><br \/>\n<P>Leder ist ein nat\u00fcrliches Material. Wenn Du es eine Weile getragen hast, wirst Du bemerken, da\u00df die Oberfl\u00e4che etwas nachdunkelt. Bei hellem Leder ist das normal. Es arbeitet und pa\u00dft sich an Dich an. So erh\u00e4ltst Du im Laufe der Jahre Dein ganz pers\u00f6nliches Unikat, sozusagen Deine zweite Haut!<\/P><br \/>\n<P><B>Produktsicherheit:<\/B><BR><br \/>\nAllergiehinweis: Material Rindleder, Metallteile mit Hautkontakt sind rost- und nickelfrei<BR><br \/>\nVerantwortliche Person<BR><br \/>\nHML, Inhaber Dr. Detlef Moller<BR><br \/>\nNeukirchstra\u00dfe 18<BR><br \/>\n28215 Bremen<BR><br \/>\nDeutschland<BR><br \/>\ninfo@hml-fetish.de<\/P><\/p>\n","protected":false},"excerpt":{"rendered":"<h4>Halsband 65 mm dreilagig mit Schnalle<\/h4>\n<p><P>Ein fettes, mehrlagiges, 65 mm breites Leder Bondage Halsband. Es ist mit Leder hinterlegt. Deine Haut hat also keinen Kontakt mit Metall. Der aufgesetzte 30 mm breite Gurt ist ca. 3 mm dick, sehr belastbar und wird mit einer Schnalle geschlossen. Die umgelegten Kanten sind abgerundet, weich und schneiden nicht ein, egal, wie lange das Halsband getragen wird.<\/P><\/p>\n","protected":false},"featured_media":25216,"comment_status":"open","ping_status":"closed","template":"","meta":[],"product_brand":[],"product_cat":[145],"product_tag":[3809,4398],"class_list":{"0":"post-6630","1":"product","2":"type-product","3":"status-publish","4":"has-post-thumbnail","6":"product_cat-halsbaender","7":"product_tag-fh-ledermanufaktur","8":"product_tag-hml-fetish-original","9":"product_shipping_class-paket","11":"first","12":"instock","13":"taxable","14":"shipping-taxable","15":"purchasable","16":"product-type-variable"},"_links":{"self":[{"href":"https:\/\/www.hml-fetish.de\/shop\/wp-json\/wp\/v2\/product\/6630","targetHints":{"allow":["GET"]}}],"collection":[{"href":"https:\/\/www.hml-fetish.de\/shop\/wp-json\/wp\/v2\/product"}],"about":[{"href":"https:\/\/www.hml-fetish.de\/shop\/wp-json\/wp\/v2\/types\/product"}],"replies":[{"embeddable":true,"href":"https:\/\/www.hml-fetish.de\/shop\/wp-json\/wp\/v2\/comments?post=6630"}],"version-history":[{"count":0,"href":"https:\/\/www.hml-fetish.de\/shop\/wp-json\/wp\/v2\/product\/6630\/revisions"}],"wp:featuredmedia":[{"embeddable":true,"href":"https:\/\/www.hml-fetish.de\/shop\/wp-json\/wp\/v2\/media\/25216"}],"wp:attachment":[{"href":"https:\/\/www.hml-fetish.de\/shop\/wp-json\/wp\/v2\/media?parent=6630"}],"wp:term":[{"taxonomy":"product_brand","embeddable":true,"href":"https:\/\/www.hml-fetish.de\/shop\/wp-json\/wp\/v2\/product_brand?post=6630"},{"taxonomy":"product_cat","embeddable":true,"href":"https:\/\/www.hml-fetish.de\/shop\/wp-json\/wp\/v2\/product_cat?post=6630"},{"taxonomy":"product_tag","embeddable":true,"href":"https:\/\/www.hml-fetish.de\/shop\/wp-json\/wp\/v2\/product_tag?post=6630"}],"curies":[{"name":"wp","href":"https:\/\/api.w.org\/{rel}","templated":true}]}}