{"id":6624,"date":"2022-01-23T22:47:23","date_gmt":"2022-01-23T21:47:23","guid":{"rendered":"https:\/\/www.hml-fetish.de\/shop\/?post_type=product&#038;p=6624"},"modified":"2022-06-26T13:46:30","modified_gmt":"2022-06-26T11:46:30","slug":"leder-haenge-fussfessel","status":"publish","type":"product","link":"https:\/\/www.hml-fetish.de\/shop\/leder-haenge-fussfessel\/","title":{"rendered":"Leder H\u00e4nge-Fu\u00dffessel"},"content":{"rendered":"<p><P>Eine Spezialanfertigung zum Aufh\u00e4ngen an den F\u00fc\u00dfen. Zweckm\u00e4\u00dfig sehr stabil aus 3 mm dickem Rindleder gearbeitet und sorgf\u00e4ltig vernietet. Zwei Verbindungskarabiner inklusive. Das Anlegen ist recht trickreich und erfordert dreidimensionales Denken. Beachte, da\u00df der Schnallengurt von vorne kommend hinten um das Fu\u00dfgelenk gef\u00fchrt wird und da\u00df die D-Ringe nach dem Anlegen sich \u00fcber der Fu\u00dfsohle ber\u00fchren sollten.<\/P><\/p>\n","protected":false},"excerpt":{"rendered":"<h4>Leder H\u00e4nge-Fu\u00dffessel<\/h4>\n<p><P>Eine Spezialanfertigung zum Aufh\u00e4ngen an den F\u00fc\u00dfen. Zweckm\u00e4\u00dfig sehr stabil aus 3 mm dickem Rindleder gearbeitet und sorgf\u00e4ltig vernietet. Zwei Verbindungskarabiner inklusive.<\/P><\/p>\n","protected":false},"featured_media":25277,"comment_status":"open","ping_status":"closed","template":"","meta":[],"product_brand":[],"product_cat":[163,137,132],"product_tag":[4398],"class_list":{"0":"post-6624","1":"product","2":"type-product","3":"status-publish","4":"has-post-thumbnail","6":"product_cat-lederfesseln","7":"product_cat-bondage","8":"product_cat-dungeon","9":"product_tag-hml-fetish-original","10":"product_shipping_class-paket","12":"first","13":"instock","14":"taxable","15":"shipping-taxable","16":"purchasable","17":"product-type-simple"},"_links":{"self":[{"href":"https:\/\/www.hml-fetish.de\/shop\/wp-json\/wp\/v2\/product\/6624","targetHints":{"allow":["GET"]}}],"collection":[{"href":"https:\/\/www.hml-fetish.de\/shop\/wp-json\/wp\/v2\/product"}],"about":[{"href":"https:\/\/www.hml-fetish.de\/shop\/wp-json\/wp\/v2\/types\/product"}],"replies":[{"embeddable":true,"href":"https:\/\/www.hml-fetish.de\/shop\/wp-json\/wp\/v2\/comments?post=6624"}],"version-history":[{"count":0,"href":"https:\/\/www.hml-fetish.de\/shop\/wp-json\/wp\/v2\/product\/6624\/revisions"}],"wp:featuredmedia":[{"embeddable":true,"href":"https:\/\/www.hml-fetish.de\/shop\/wp-json\/wp\/v2\/media\/25277"}],"wp:attachment":[{"href":"https:\/\/www.hml-fetish.de\/shop\/wp-json\/wp\/v2\/media?parent=6624"}],"wp:term":[{"taxonomy":"product_brand","embeddable":true,"href":"https:\/\/www.hml-fetish.de\/shop\/wp-json\/wp\/v2\/product_brand?post=6624"},{"taxonomy":"product_cat","embeddable":true,"href":"https:\/\/www.hml-fetish.de\/shop\/wp-json\/wp\/v2\/product_cat?post=6624"},{"taxonomy":"product_tag","embeddable":true,"href":"https:\/\/www.hml-fetish.de\/shop\/wp-json\/wp\/v2\/product_tag?post=6624"}],"curies":[{"name":"wp","href":"https:\/\/api.w.org\/{rel}","templated":true}]}}