{"id":6616,"date":"2022-01-23T22:47:02","date_gmt":"2022-01-23T21:47:02","guid":{"rendered":"https:\/\/www.hml-fetish.de\/shop\/?post_type=product&#038;p=6616"},"modified":"2022-05-27T16:43:22","modified_gmt":"2022-05-27T14:43:22","slug":"mystim-einwegsiegel","status":"publish","type":"product","link":"https:\/\/www.hml-fetish.de\/shop\/mystim-einwegsiegel\/","title":{"rendered":"Mystim Einwegsiegel"},"content":{"rendered":"<p><P>10 Einwegsiegel, urspr\u00fcnglich f\u00fcr den MyStim Keuschheits-K\u00e4fig Pubic Enemy. Sie passen aber auch f\u00fcr jedes andere Keuschheitsgeschirr aus dem Kapitel &#8216;Keuschheit&#8217;. Also: gleich mitbestellen!<\/P><\/p>\n","protected":false},"excerpt":{"rendered":"<h4>Mystim Einwegsiegel<\/h4>\n<p><P>10 Einwegsiegel, urspr\u00fcnglich f\u00fcr den MyStim Keuschheits-K\u00e4fig Pubic Enemy. Sie passen aber auch f\u00fcr jedes andere Keuschheitsgeschirr aus dem Kapitel &#8216;Keuschheit&#8217;. Also: gleich mitbestellen!<\/P><\/p>\n","protected":false},"featured_media":25307,"comment_status":"open","ping_status":"closed","template":"","meta":[],"product_brand":[],"product_cat":[133,130,142],"product_tag":[4223],"class_list":{"0":"post-6616","1":"product","2":"type-product","3":"status-publish","4":"has-post-thumbnail","6":"product_cat-elektro","7":"product_cat-cbt","8":"product_cat-keuschheit","9":"product_tag-mystim","10":"product_shipping_class-brief","12":"first","13":"instock","14":"taxable","15":"shipping-taxable","16":"purchasable","17":"product-type-simple"},"_links":{"self":[{"href":"https:\/\/www.hml-fetish.de\/shop\/wp-json\/wp\/v2\/product\/6616","targetHints":{"allow":["GET"]}}],"collection":[{"href":"https:\/\/www.hml-fetish.de\/shop\/wp-json\/wp\/v2\/product"}],"about":[{"href":"https:\/\/www.hml-fetish.de\/shop\/wp-json\/wp\/v2\/types\/product"}],"replies":[{"embeddable":true,"href":"https:\/\/www.hml-fetish.de\/shop\/wp-json\/wp\/v2\/comments?post=6616"}],"version-history":[{"count":0,"href":"https:\/\/www.hml-fetish.de\/shop\/wp-json\/wp\/v2\/product\/6616\/revisions"}],"wp:featuredmedia":[{"embeddable":true,"href":"https:\/\/www.hml-fetish.de\/shop\/wp-json\/wp\/v2\/media\/25307"}],"wp:attachment":[{"href":"https:\/\/www.hml-fetish.de\/shop\/wp-json\/wp\/v2\/media?parent=6616"}],"wp:term":[{"taxonomy":"product_brand","embeddable":true,"href":"https:\/\/www.hml-fetish.de\/shop\/wp-json\/wp\/v2\/product_brand?post=6616"},{"taxonomy":"product_cat","embeddable":true,"href":"https:\/\/www.hml-fetish.de\/shop\/wp-json\/wp\/v2\/product_cat?post=6616"},{"taxonomy":"product_tag","embeddable":true,"href":"https:\/\/www.hml-fetish.de\/shop\/wp-json\/wp\/v2\/product_tag?post=6616"}],"curies":[{"name":"wp","href":"https:\/\/api.w.org\/{rel}","templated":true}]}}