{"id":6615,"date":"2022-01-23T22:47:02","date_gmt":"2022-01-23T21:47:02","guid":{"rendered":"https:\/\/www.hml-fetish.de\/shop\/?post_type=product&#038;p=6615"},"modified":"2022-05-27T17:00:53","modified_gmt":"2022-05-27T15:00:53","slug":"mystim-pubic-enemy-no-2","status":"publish","type":"product","link":"https:\/\/www.hml-fetish.de\/shop\/mystim-pubic-enemy-no-2\/","title":{"rendered":"Mystim Pubic Enemy No 2"},"content":{"rendered":"<p><P>Der Mystim Pubic Enemy No 2 ist ein geiler Schwanz-K\u00e4fig, der auch elektrisierbar ist: Wenn es einmal \u00bbklick\u00ab gemacht hat, ist Dein Schwanz sicher verwahrt, bis derjenige mit dem Schl\u00fcssel Dich wieder freil\u00e4sst. Du solltest Dir keine zu hei\u00dfen Gedanken machen, denn ein Steifwerden ist f\u00fcr Deinen Schwanz jetzt unm\u00f6glich. Vor allem, wenn vorne der kleine Harnr\u00f6hren-Dilator und die drei Leitfl\u00e4chen links und rechts sowie unten am Penisschaft eingesetzt sind. Das alles kann sein, mu\u00df aber nicht. Das h\u00e4ngt von der Phantasie und dem Sadismus Deines Herren ab.<\/P><br \/>\n<P>Die Gr\u00f6\u00dfe des Cockringes und des K\u00e4figs k\u00f6nnen \u00fcber einen weiten Bereich verstellt werden. Daher pa\u00dft dieses Ger\u00e4t wirklich jedem. Die Lieferung erfolgt mit Zubeh\u00f6r in einem Hartschalenetui. Zum Lieferumfang geh\u00f6ren n\u00e4mlich nicht nur der Penisk\u00e4fig samt Dilator und  Leitfl\u00e4chen, sondern auch das passende 2 mm Elektrodenkabel zum Anschlie\u00dfen an das Mystim Reizstromger\u00e4t und eine ausf\u00fchrliche Bedienungsanleitung in sieben Sprachen.<\/P><br \/>\n<P>Ein passendes Metallschloss und ein Set von f\u00fcnf Einweg-Siegeln aus Kunststoff stellen sicher, da\u00df Du \u2013 einmal eingeschlossen \u2013 nicht mehr entkommen kannst. Au\u00dferdem gibt es Schilder mit dem Schriftzug \u00bbHands off! This prisoner belongs to ___\u00ab, die Dein Herr in die Halterung des K\u00e4figs einschieben kann.<\/P><br \/>\n<P>Ma\u00dfe des K\u00e4figs: Innendurchmesser: 34 mm am Eingang, 47 mm an der weitesten Stelle L\u00e4nge: 82 mm; kann mit den 3 mitgelieferten Abstandshaltern verl\u00e4ngert werden. Jeder Abstandshalter verl\u00e4ngert um 4 mm. Ma\u00dfe der Schelle: Der Innendurchmesser ist in 6 Stufen verstellbar von 33 mm bis 52 mm.<\/P><\/p>\n","protected":false},"excerpt":{"rendered":"<h4>Mystim Pubic Enemy No 2<\/h4>\n<p><P>Der Mystim Pubic Enemy No 2 ist ein geiler elektrisierbarer Schwanz-K\u00e4fig: Wenn es einmal \u00bbklick\u00ab gemacht hat, ist Dein Schwanz sicher verwahrt, bis derjenige mit dem Schl\u00fcssel Dich wieder freil\u00e4sst. Du solltest Dir keine zu hei\u00dfen Gedanken machen, denn ein Steifwerden ist f\u00fcr Deinen Schwanz jetzt unm\u00f6glich. Vor allem, wenn vorne der kleine Harnr\u00f6hren-Dilator und die drei Leitfl\u00e4chen links und rechts sowie unten am Penisschaft eingesetzt sind. Das alles kann sein, mu\u00df aber nicht. Das h\u00e4ngt von der Phantasie und dem Sadismus Deines Herren ab.<\/P><\/p>\n","protected":false},"featured_media":25315,"comment_status":"open","ping_status":"closed","template":"","meta":[],"product_brand":[],"product_cat":[142,130,133],"product_tag":[4223],"class_list":{"0":"post-6615","1":"product","2":"type-product","3":"status-publish","4":"has-post-thumbnail","6":"product_cat-keuschheit","7":"product_cat-cbt","8":"product_cat-elektro","9":"product_tag-mystim","10":"product_shipping_class-paket","12":"first","13":"instock","14":"taxable","15":"shipping-taxable","16":"purchasable","17":"product-type-simple"},"_links":{"self":[{"href":"https:\/\/www.hml-fetish.de\/shop\/wp-json\/wp\/v2\/product\/6615","targetHints":{"allow":["GET"]}}],"collection":[{"href":"https:\/\/www.hml-fetish.de\/shop\/wp-json\/wp\/v2\/product"}],"about":[{"href":"https:\/\/www.hml-fetish.de\/shop\/wp-json\/wp\/v2\/types\/product"}],"replies":[{"embeddable":true,"href":"https:\/\/www.hml-fetish.de\/shop\/wp-json\/wp\/v2\/comments?post=6615"}],"version-history":[{"count":0,"href":"https:\/\/www.hml-fetish.de\/shop\/wp-json\/wp\/v2\/product\/6615\/revisions"}],"wp:featuredmedia":[{"embeddable":true,"href":"https:\/\/www.hml-fetish.de\/shop\/wp-json\/wp\/v2\/media\/25315"}],"wp:attachment":[{"href":"https:\/\/www.hml-fetish.de\/shop\/wp-json\/wp\/v2\/media?parent=6615"}],"wp:term":[{"taxonomy":"product_brand","embeddable":true,"href":"https:\/\/www.hml-fetish.de\/shop\/wp-json\/wp\/v2\/product_brand?post=6615"},{"taxonomy":"product_cat","embeddable":true,"href":"https:\/\/www.hml-fetish.de\/shop\/wp-json\/wp\/v2\/product_cat?post=6615"},{"taxonomy":"product_tag","embeddable":true,"href":"https:\/\/www.hml-fetish.de\/shop\/wp-json\/wp\/v2\/product_tag?post=6615"}],"curies":[{"name":"wp","href":"https:\/\/api.w.org\/{rel}","templated":true}]}}