{"id":6613,"date":"2022-01-23T22:47:01","date_gmt":"2022-01-23T21:47:01","guid":{"rendered":"https:\/\/www.hml-fetish.de\/shop\/?post_type=product&#038;p=6613"},"modified":"2022-05-27T17:45:35","modified_gmt":"2022-05-27T15:45:35","slug":"mystim-curving-curt","status":"publish","type":"product","link":"https:\/\/www.hml-fetish.de\/shop\/mystim-curving-curt\/","title":{"rendered":"Mystim Curving Curt"},"content":{"rendered":"<p><P>Dies ist ein zweipoliger Elektrosex-Prostatastimulator aus reinem, medizinischem, glatten Silikon. Du kannst ihn einfach und vorsichtig in die Form biegen, mit der Du Deinen P-Punkt am sichersten erreichst. Ganz einfach einf\u00fchren, anschlie\u00dfen, einschalten und die Engel singen h\u00f6ren\u2026 Das Toy beh\u00e4lt seine Form bei und mit dem Halte-Ring bekommst Du es immer sicher wieder heraus. Die Stromversorgung zum \u00bbMystim Tension Lover\u00ab erfolgt \u00fcber 2 mm Mystim-Kupplungen. Die L\u00e4nge betr\u00e4gt ca. 130 mm und der Durchmesser liegt zwischen 17 mm und 33 mm. Lieferung ohne Kabel.<\/P><\/p>\n","protected":false},"excerpt":{"rendered":"<h4>Mystim Curving Curt<\/h4>\n<p><P>Dies ist ein zweipoliger Elektrosex Prostatastimulator aus reinem, medizinischem, glatten Silikon. Du kannst ihn einfach und vorsichtig in die Form biegen, mit der Du Deinen P-Punkt am sichersten erreichst. Ganz einfach einf\u00fchren, anschlie\u00dfen, einschalten und die Engel singen h\u00f6ren\u2026 Das Toy beh\u00e4lt seine Form bei und mit dem Halte-Ring bekommst Du es immer sicher wieder heraus.<\/P><\/p>\n","protected":false},"featured_media":25335,"comment_status":"open","ping_status":"closed","template":"","meta":[],"product_brand":[],"product_cat":[130,133],"product_tag":[4223],"class_list":{"0":"post-6613","1":"product","2":"type-product","3":"status-publish","4":"has-post-thumbnail","6":"product_cat-cbt","7":"product_cat-elektro","8":"product_tag-mystim","9":"product_shipping_class-paket","11":"first","12":"instock","13":"taxable","14":"shipping-taxable","15":"purchasable","16":"product-type-simple"},"_links":{"self":[{"href":"https:\/\/www.hml-fetish.de\/shop\/wp-json\/wp\/v2\/product\/6613","targetHints":{"allow":["GET"]}}],"collection":[{"href":"https:\/\/www.hml-fetish.de\/shop\/wp-json\/wp\/v2\/product"}],"about":[{"href":"https:\/\/www.hml-fetish.de\/shop\/wp-json\/wp\/v2\/types\/product"}],"replies":[{"embeddable":true,"href":"https:\/\/www.hml-fetish.de\/shop\/wp-json\/wp\/v2\/comments?post=6613"}],"version-history":[{"count":0,"href":"https:\/\/www.hml-fetish.de\/shop\/wp-json\/wp\/v2\/product\/6613\/revisions"}],"wp:featuredmedia":[{"embeddable":true,"href":"https:\/\/www.hml-fetish.de\/shop\/wp-json\/wp\/v2\/media\/25335"}],"wp:attachment":[{"href":"https:\/\/www.hml-fetish.de\/shop\/wp-json\/wp\/v2\/media?parent=6613"}],"wp:term":[{"taxonomy":"product_brand","embeddable":true,"href":"https:\/\/www.hml-fetish.de\/shop\/wp-json\/wp\/v2\/product_brand?post=6613"},{"taxonomy":"product_cat","embeddable":true,"href":"https:\/\/www.hml-fetish.de\/shop\/wp-json\/wp\/v2\/product_cat?post=6613"},{"taxonomy":"product_tag","embeddable":true,"href":"https:\/\/www.hml-fetish.de\/shop\/wp-json\/wp\/v2\/product_tag?post=6613"}],"curies":[{"name":"wp","href":"https:\/\/api.w.org\/{rel}","templated":true}]}}