{"id":6611,"date":"2022-01-23T22:47:01","date_gmt":"2022-01-23T21:47:01","guid":{"rendered":"https:\/\/www.hml-fetish.de\/shop\/?post_type=product&#038;p=6611"},"modified":"2023-02-27T05:43:31","modified_gmt":"2023-02-27T04:43:31","slug":"adapter-mystim-banane","status":"publish","type":"product","link":"https:\/\/www.hml-fetish.de\/shop\/adapter-mystim-banane\/","title":{"rendered":"Adapter Mystim-Banane"},"content":{"rendered":"<p><P>Der Adapter f\u00fcr die Anschl\u00fcsse Deines Mystim Reizstromger\u00e4tes auf die 4 mm Bananenstecker, die in unsere selbst gefertigten Leder-Cockb\u00e4nder passen.<\/P><\/p>\n","protected":false},"excerpt":{"rendered":"<h4>Adapter Mystim-Banane<\/h4>\n<p><P>Der Adapter f\u00fcr die Anschl\u00fcsse Deines Mystim Reizstromger\u00e4tes auf die 4 mm Bananenstecker, die in unsere selbst gefertigten Leder-Cockb\u00e4nder passen.<\/P><\/p>\n","protected":false},"featured_media":25369,"comment_status":"open","ping_status":"closed","template":"","meta":[],"product_brand":[],"product_cat":[133],"product_tag":[4223],"class_list":{"0":"post-6611","1":"product","2":"type-product","3":"status-publish","4":"has-post-thumbnail","6":"product_cat-elektro","7":"product_tag-mystim","8":"product_shipping_class-brief","10":"first","11":"instock","12":"taxable","13":"shipping-taxable","14":"purchasable","15":"product-type-simple"},"_links":{"self":[{"href":"https:\/\/www.hml-fetish.de\/shop\/wp-json\/wp\/v2\/product\/6611","targetHints":{"allow":["GET"]}}],"collection":[{"href":"https:\/\/www.hml-fetish.de\/shop\/wp-json\/wp\/v2\/product"}],"about":[{"href":"https:\/\/www.hml-fetish.de\/shop\/wp-json\/wp\/v2\/types\/product"}],"replies":[{"embeddable":true,"href":"https:\/\/www.hml-fetish.de\/shop\/wp-json\/wp\/v2\/comments?post=6611"}],"version-history":[{"count":0,"href":"https:\/\/www.hml-fetish.de\/shop\/wp-json\/wp\/v2\/product\/6611\/revisions"}],"wp:featuredmedia":[{"embeddable":true,"href":"https:\/\/www.hml-fetish.de\/shop\/wp-json\/wp\/v2\/media\/25369"}],"wp:attachment":[{"href":"https:\/\/www.hml-fetish.de\/shop\/wp-json\/wp\/v2\/media?parent=6611"}],"wp:term":[{"taxonomy":"product_brand","embeddable":true,"href":"https:\/\/www.hml-fetish.de\/shop\/wp-json\/wp\/v2\/product_brand?post=6611"},{"taxonomy":"product_cat","embeddable":true,"href":"https:\/\/www.hml-fetish.de\/shop\/wp-json\/wp\/v2\/product_cat?post=6611"},{"taxonomy":"product_tag","embeddable":true,"href":"https:\/\/www.hml-fetish.de\/shop\/wp-json\/wp\/v2\/product_tag?post=6611"}],"curies":[{"name":"wp","href":"https:\/\/api.w.org\/{rel}","templated":true}]}}