{"id":6610,"date":"2022-01-23T22:47:01","date_gmt":"2022-01-23T21:47:01","guid":{"rendered":"https:\/\/www.hml-fetish.de\/shop\/?post_type=product&#038;p=6610"},"modified":"2022-05-27T19:42:46","modified_gmt":"2022-05-27T17:42:46","slug":"elektrische-penis-schlaufe","status":"publish","type":"product","link":"https:\/\/www.hml-fetish.de\/shop\/elektrische-penis-schlaufe\/","title":{"rendered":"elektrische Penis-Schlaufe"},"content":{"rendered":"<p><P>Der \u00bbMystim Rodeo Robin\u00ab ist ein Schlaufen-Set, das bei aller Einfachheit sensationelle Effekte erzeugt. Du kannst die Schlaufen bequem umlegen, und anschlie\u00dfend zuziehen, damit sie sicher am K\u00f6rper halten. Achte nur darauf, da\u00df die Schlaufe mit dem schwarzen Kabel n\u00e4her am K\u00f6rper liegt. Lege eine Schlaufe um den Eichelkranz und die Schwanzwurzel und die andere um die Schwanzwurzel oder um die Eier. Um mehr mu\u00dft Du Dich nicht k\u00fcmmern. Die Schlaufen sind aus leitf\u00e4higem Gummi und besorgen den Rest, wenn Du jetzt langsam die Regler an Deinem \u00bbTension Lover\u00ab hochdrehst.<\/P><br \/>\n<P>Du wolltest schon immer wissen wie es ist, wenn der Schwanz binnen einer Sekunde steht? Mit dieser Schlaufe hast Du alle M\u00f6glichkeiten der Welt dazu. Richtig angewendet kannst Du in k\u00fcrzester Zeit eine \u00bbElektro-Ejakulation\u00ab erzwingen. Das ist praktisch, wenn Dein Partner aus dem einen oder anderen Grunde zwar kommen soll, aber nicht zuviel Spa\u00df an der Angelegenheit haben darf.<\/P><br \/>\n<P>Oder Du stellst eines der sieben Programme an Deinem \u00bbTension Lover\u00ab ein und l\u00e4\u00dft Dich einfach treiben. Spannend ist es auch, jemand anderen damit zu behandeln, der entweder die Augen verbunden hat und nicht sehen kann, was mit ihm passiert, oder der vielleicht gefesselt ist, und Deine Behandlung nur \u00fcber sich ergehen lassen kann\u2026<\/P><\/p>\n","protected":false},"excerpt":{"rendered":"<h4>elektrische Penis-Schlaufe<\/h4>\n<p><P>Der \u00bbMystim Rodeo Robin\u00ab ist ein Schlaufen-Set, das bei aller Einfachheit sensationelle Effekte erzeugt. Du kannst die Schlaufen bequem umlegen, und anschlie\u00dfend zuziehen, damit sie sicher am K\u00f6rper halten. Achte nur darauf, da\u00df die Schlaufe mit dem schwarzen Kabel n\u00e4her am K\u00f6rper liegt. Lege eine Schlaufe um den Eichelkranz und die Schwanzwurzel und die andere um die Schwanzwurzel oder um die Eier. Um mehr mu\u00dft Du Dich nicht k\u00fcmmern. Die Schlaufen sind aus leitf\u00e4higem Gummi und besorgen den Rest, wenn Du jetzt langsam die Regler an Deinem \u00bbTension Lover\u00ab hochdrehst.<\/P><\/p>\n","protected":false},"featured_media":25376,"comment_status":"open","ping_status":"closed","template":"","meta":[],"product_brand":[],"product_cat":[133,95],"product_tag":[4223],"class_list":{"0":"post-6610","1":"product","2":"type-product","3":"status-publish","4":"has-post-thumbnail","6":"product_cat-elektro","7":"product_cat-bestseller","8":"product_tag-mystim","9":"product_shipping_class-brief","11":"first","12":"instock","13":"taxable","14":"shipping-taxable","15":"purchasable","16":"product-type-simple"},"_links":{"self":[{"href":"https:\/\/www.hml-fetish.de\/shop\/wp-json\/wp\/v2\/product\/6610","targetHints":{"allow":["GET"]}}],"collection":[{"href":"https:\/\/www.hml-fetish.de\/shop\/wp-json\/wp\/v2\/product"}],"about":[{"href":"https:\/\/www.hml-fetish.de\/shop\/wp-json\/wp\/v2\/types\/product"}],"replies":[{"embeddable":true,"href":"https:\/\/www.hml-fetish.de\/shop\/wp-json\/wp\/v2\/comments?post=6610"}],"version-history":[{"count":0,"href":"https:\/\/www.hml-fetish.de\/shop\/wp-json\/wp\/v2\/product\/6610\/revisions"}],"wp:featuredmedia":[{"embeddable":true,"href":"https:\/\/www.hml-fetish.de\/shop\/wp-json\/wp\/v2\/media\/25376"}],"wp:attachment":[{"href":"https:\/\/www.hml-fetish.de\/shop\/wp-json\/wp\/v2\/media?parent=6610"}],"wp:term":[{"taxonomy":"product_brand","embeddable":true,"href":"https:\/\/www.hml-fetish.de\/shop\/wp-json\/wp\/v2\/product_brand?post=6610"},{"taxonomy":"product_cat","embeddable":true,"href":"https:\/\/www.hml-fetish.de\/shop\/wp-json\/wp\/v2\/product_cat?post=6610"},{"taxonomy":"product_tag","embeddable":true,"href":"https:\/\/www.hml-fetish.de\/shop\/wp-json\/wp\/v2\/product_tag?post=6610"}],"curies":[{"name":"wp","href":"https:\/\/api.w.org\/{rel}","templated":true}]}}