{"id":6609,"date":"2022-01-23T22:47:00","date_gmt":"2022-01-23T21:47:00","guid":{"rendered":"https:\/\/www.hml-fetish.de\/shop\/?post_type=product&#038;p=6609"},"modified":"2022-05-28T15:44:59","modified_gmt":"2022-05-28T13:44:59","slug":"reizstrom-set-mystim","status":"publish","type":"product","link":"https:\/\/www.hml-fetish.de\/shop\/reizstrom-set-mystim\/","title":{"rendered":"Reizstrom-Set Mystim"},"content":{"rendered":"<p><P>Vibratoren sind von gestern! Der \u00bbMystim Tension Lover\u00ab setzt die Ma\u00dfst\u00e4be in der modernen Reizstromtherapie. Sanftes Kribbeln, rhythmisches Pulsieren oder sinnliches Sto\u00dfen \u2013 je nachdem, wie hoch Du den Regler drehst. An 2 Ausg\u00e4nge kannst Du 2 Toys gleichzeitig anschlie\u00dfen. Ein extra gro\u00dfes Display erlaubt es Dir, alle Einstellungen men\u00fcgesteuert zu regeln. Du kannst Dir Dein Vergn\u00fcgen manuell einstellen, oder auch zwischen 7 vorgespeicherten Programmen w\u00e4hlen.<\/P><br \/>\n<P>Produktinformation:<br \/>\n<UL><LI>2 getrennt regulierbare Kan\u00e4le<\/LI><br \/>\n<LI>7 Programme zur Befriedigung individueller Bed\u00fcrfnisse; von z\u00e4rtlich \u00fcber intensiv bis hin zu hart<\/LI><br \/>\n<LI>Zeitschaltuhr: 10-60 Minuten<\/LI><br \/>\n<LI>Intensit\u00e4t, Impulsbreite und Impulsfrequenz k\u00f6nnen weitestgehend selbst bestimmt werden<\/LI><br \/>\n<LI>Protokollierung der Anwendungsdauer und sp\u00e4teres Auslesen m\u00f6glich<\/LI><br \/>\n<LI>Werte k\u00f6nnen vom Nutzer voreingestellt werden<\/LI><br \/>\n<LI>Tastensperre<\/LI><br \/>\n<LI>extra gro\u00dfes Display<\/LI><br \/>\n<LI>mit flexiblem G\u00fcrtelclip<\/LI><br \/>\n<LI>Zertifiziert nach Medizinproduktegesetz mit CE 0483<\/LI><br \/>\n<LI>24 Monate Hersteller Garantie<\/LI><\/UL><br \/>\n<BR>Lieferumfang:<br \/>\n<UL><LI>1 digitales Mystim Elektrostimulationsger\u00e4t<\/LI><br \/>\n<LI>1 stabiler Hartschalen-Kunststoffkoffer<\/LI><br \/>\n<LI>4 selbstklebende Elektroden<\/LI><br \/>\n<LI>2 Elektrodenkabel<\/LI><br \/>\n<LI>2 Elektrodenkabel mit Bananensteckern f\u00fcr den Anschlu\u00df unserer Elektro Leder-Cockb\u00e4nder<\/LI><br \/>\n<LI>1 Elektrodenkabel mit 2,5 mm und 3,5 mm Stereoklinkenbuchse f\u00fcr den Anschlu\u00df unserer Dildos und Plugs<\/LI><br \/>\n<LI>1 Batterie, 9V<\/LI><br \/>\n<LI>1 Gebrauchsanweisung in deutscher, englischer, franz\u00f6sischer, niederl\u00e4ndischer und spanischer Sprache<\/LI><\/UL><br \/>\n<BR>Technische Daten:<br \/>\n<UL><LI>asymmetrischer Biphasen-Rechteckimpuls<\/LI><br \/>\n<LI>Intensit\u00e4t: 0 &#8211; 80 mA<\/LI><br \/>\n<LI>Frequenzbereich: 1 &#8211; 160 Hz<\/LI><br \/>\n<LI>Impulsbreite: 50 &#8211; 260 \u00b5s<\/LI><br \/>\n<LI>Gewicht: 170 g inklusive Batterie<\/LI><br \/>\n<LI>Ma\u00dfe: 128 x 70 x 26 mm (L x B x H)<\/LI><\/UL><br \/>\n<BR>Ausf\u00fchrlich informiert diese PDF-Datei: <a href=\"\/pdf\/tensionlover.pdf\" target=\"neu\" rel=\"noopener\"><img decoding=\"async\" src=\"\/pdf\/pdf.gif\" border=\"0\" alt=\"Hintergrundinfos als PDF herunterladen\"><\/a><\/P><\/p>\n","protected":false},"excerpt":{"rendered":"<h4>Reizstrom-Set Mystim<\/h4>\n<p><P>Vibratoren sind von gestern! Der \u00bbMystim Tension Lover\u00ab setzt die Ma\u00dfst\u00e4be in der modernen Reizstromtherapie. Sanftes Kribbeln, rhythmisches Pulsieren oder sinnliches Sto\u00dfen \u2013 je nachdem, wie hoch Du den Regler drehst. An 2 Ausg\u00e4nge kannst Du 2 Toys gleichzeitig anschlie\u00dfen. Ein extra gro\u00dfes Display erlaubt es Dir, alle Einstellungen men\u00fcgesteuert zu regeln. Du kannst Dir Dein Vergn\u00fcgen manuell einstellen, oder auch zwischen 7 vorgespeicherten Programmen w\u00e4hlen.<\/P><\/p>\n","protected":false},"featured_media":25406,"comment_status":"open","ping_status":"closed","template":"","meta":[],"product_brand":[],"product_cat":[133,95],"product_tag":[4223],"class_list":{"0":"post-6609","1":"product","2":"type-product","3":"status-publish","4":"has-post-thumbnail","6":"product_cat-elektro","7":"product_cat-bestseller","8":"product_tag-mystim","9":"product_shipping_class-paket","11":"first","12":"instock","13":"taxable","14":"shipping-taxable","15":"purchasable","16":"product-type-simple"},"_links":{"self":[{"href":"https:\/\/www.hml-fetish.de\/shop\/wp-json\/wp\/v2\/product\/6609","targetHints":{"allow":["GET"]}}],"collection":[{"href":"https:\/\/www.hml-fetish.de\/shop\/wp-json\/wp\/v2\/product"}],"about":[{"href":"https:\/\/www.hml-fetish.de\/shop\/wp-json\/wp\/v2\/types\/product"}],"replies":[{"embeddable":true,"href":"https:\/\/www.hml-fetish.de\/shop\/wp-json\/wp\/v2\/comments?post=6609"}],"version-history":[{"count":0,"href":"https:\/\/www.hml-fetish.de\/shop\/wp-json\/wp\/v2\/product\/6609\/revisions"}],"wp:featuredmedia":[{"embeddable":true,"href":"https:\/\/www.hml-fetish.de\/shop\/wp-json\/wp\/v2\/media\/25406"}],"wp:attachment":[{"href":"https:\/\/www.hml-fetish.de\/shop\/wp-json\/wp\/v2\/media?parent=6609"}],"wp:term":[{"taxonomy":"product_brand","embeddable":true,"href":"https:\/\/www.hml-fetish.de\/shop\/wp-json\/wp\/v2\/product_brand?post=6609"},{"taxonomy":"product_cat","embeddable":true,"href":"https:\/\/www.hml-fetish.de\/shop\/wp-json\/wp\/v2\/product_cat?post=6609"},{"taxonomy":"product_tag","embeddable":true,"href":"https:\/\/www.hml-fetish.de\/shop\/wp-json\/wp\/v2\/product_tag?post=6609"}],"curies":[{"name":"wp","href":"https:\/\/api.w.org\/{rel}","templated":true}]}}