{"id":6606,"date":"2022-01-23T22:46:59","date_gmt":"2022-01-23T21:46:59","guid":{"rendered":"https:\/\/www.hml-fetish.de\/shop\/?post_type=product&#038;p=6606"},"modified":"2024-08-02T18:32:39","modified_gmt":"2024-08-02T16:32:39","slug":"queer-as-folk","status":"publish","type":"product","link":"https:\/\/www.hml-fetish.de\/shop\/queer-as-folk\/","title":{"rendered":"Queer as Folk"},"content":{"rendered":"<p><P>Die Jungs sind wieder da. Und die Girls auch. Die gewagte, \u00fcberaus erfolgreiche Story von Brian, Michael, Justin, Emmett, Ted, Melanie und Lindsay. Ein Freundeskreis von Schwulen und Lesben, die ihren Lebensweg suchen (und sich dabei manchmal verirren). Es gibt leidenschaftliche Aff\u00e4ren, Komplikationen in alten Beziehungen, \u00fcberraschende berufliche Entwicklungen, Hochzeiten, Trennungen, Zusammenbr\u00fcche, ein unverhofftes Verm\u00f6gen und sogar einen Mord.<\/P><br \/>\n<P>Durch jede der Episoden pulsieren der h\u00e4ufig bei\u00dfend scharfe Humor und die unverkrampfte, manchmal atemberaubende Sinnlichkeit, die <I>Queer as Folk<\/I> auch heute noch zu einem Trendsetter in der Unterhaltung machen. Unerschrocken, mitrei\u00dfend und offenherzig: das sind die verwobenen Schicksale in <I>Queer as Folk<\/I>.<br \/>\n<BR>Spielzeit 1.018 Minuten auf 6 DVDs (1. Staffel)<BR>917 Minuten auf 5 DVDs (2. Staffel)<BR>637 Minuten auf 4 DVDs (3. Staffel)<BR>686 Minuten auf 4 DVD&#8217;s (4. Staffel)<BR>620 Minuten auf 4 DVD&#8217;s (f\u00fcnfte Staffel).<BR> FSK keine. Format DVD9 in 16:9 Screen. Sprachen: Deutsch, Englisch. Untertitel f\u00fcr H\u00f6rgesch\u00e4digte.<\/P><\/p>\n","protected":false},"excerpt":{"rendered":"<h4>Queer as Folk<\/h4>\n<p><P>Die Jungs sind wieder da. Und die Girls auch. Die gewagte, \u00fcberaus erfolgreiche Story von Brian, Michael, Justin, Emmett, Ted, Melanie und Lindsay. Ein Freundeskreis von Schwulen und Lesben, die ihren Lebensweg suchen (und sich dabei manchmal verirren). Es gibt leidenschaftliche Aff\u00e4ren, Komplikationen in alten Beziehungen, \u00fcberraschende berufliche Entwicklungen, Hochzeiten, Trennungen, Zusammenbr\u00fcche, ein unverhofftes Verm\u00f6gen und sogar einen Mord.<\/P><\/p>\n","protected":false},"featured_media":25508,"comment_status":"open","ping_status":"closed","template":"","meta":[],"product_brand":[],"product_cat":[128,105],"product_tag":[],"class_list":{"0":"post-6606","1":"product","2":"type-product","3":"status-publish","4":"has-post-thumbnail","6":"product_cat-spielfilme","7":"product_cat-sonderangebote","8":"product_shipping_class-brief","10":"first","11":"instock","12":"taxable","13":"shipping-taxable","14":"purchasable","15":"product-type-variable"},"_links":{"self":[{"href":"https:\/\/www.hml-fetish.de\/shop\/wp-json\/wp\/v2\/product\/6606","targetHints":{"allow":["GET"]}}],"collection":[{"href":"https:\/\/www.hml-fetish.de\/shop\/wp-json\/wp\/v2\/product"}],"about":[{"href":"https:\/\/www.hml-fetish.de\/shop\/wp-json\/wp\/v2\/types\/product"}],"replies":[{"embeddable":true,"href":"https:\/\/www.hml-fetish.de\/shop\/wp-json\/wp\/v2\/comments?post=6606"}],"version-history":[{"count":0,"href":"https:\/\/www.hml-fetish.de\/shop\/wp-json\/wp\/v2\/product\/6606\/revisions"}],"wp:featuredmedia":[{"embeddable":true,"href":"https:\/\/www.hml-fetish.de\/shop\/wp-json\/wp\/v2\/media\/25508"}],"wp:attachment":[{"href":"https:\/\/www.hml-fetish.de\/shop\/wp-json\/wp\/v2\/media?parent=6606"}],"wp:term":[{"taxonomy":"product_brand","embeddable":true,"href":"https:\/\/www.hml-fetish.de\/shop\/wp-json\/wp\/v2\/product_brand?post=6606"},{"taxonomy":"product_cat","embeddable":true,"href":"https:\/\/www.hml-fetish.de\/shop\/wp-json\/wp\/v2\/product_cat?post=6606"},{"taxonomy":"product_tag","embeddable":true,"href":"https:\/\/www.hml-fetish.de\/shop\/wp-json\/wp\/v2\/product_tag?post=6606"}],"curies":[{"name":"wp","href":"https:\/\/api.w.org\/{rel}","templated":true}]}}