{"id":6603,"date":"2022-01-23T22:46:59","date_gmt":"2022-01-23T21:46:59","guid":{"rendered":"https:\/\/www.hml-fetish.de\/shop\/?post_type=product&#038;p=6603"},"modified":"2022-05-29T15:17:17","modified_gmt":"2022-05-29T13:17:17","slug":"das-hochzeitsbankett","status":"publish","type":"product","link":"https:\/\/www.hml-fetish.de\/shop\/das-hochzeitsbankett\/","title":{"rendered":"Das Hochzeitsbankett"},"content":{"rendered":"<p><P>Der Taiwaner Wai-Tung Gao lebt schon lange in New York und ist sehr erfolgreich. Doch seine Eltern in der Heimat nerven ihn mit Briefen, endlich zu heiraten. Sie ahnen nicht, dass ihr Sohn schwul ist und mit seinem amerikanischen Freund Simon gl\u00fccklich zusammenlebt.<\/P><br \/>\n<P>Schlie\u00dflich geht Wai-Tung eine Scheinehe mit der attraktiven Malerin Wei-Wei ein. Durch den unspektakul\u00e4ren Beh\u00f6rdenakt bekommt die mittellose K\u00fcnstlerin die ersehnte Green Card und Wai-Tung kann endlich seine Eltern beruhigen. Doch die Eltern reisen an, um ein Hochzeitsbankett mit allen Schikanen zu veranstalten. Dann stellt sich heraus, dass Wei-Wei nach der Hochzeitsnacht auch noch schwanger ist.<br \/>\n<BR>Spielzeit 103 Minuten. FSK keine. Format DVD9 in 16:9 Screen.<\/P><\/p>\n","protected":false},"excerpt":{"rendered":"<h4>Das Hochzeitsbankett<\/h4>\n<p><P>Der Taiwaner Wai-Tung Gao lebt schon lange in New York und ist sehr erfolgreich. Doch seine Eltern in der Heimat nerven ihn mit Briefen, endlich zu heiraten. Sie ahnen nicht, dass ihr Sohn schwul ist und mit seinem amerikanischen Freund Simon gl\u00fccklich zusammenlebt. Es kommt zu einer Scheinehe\u2026<\/P><\/p>\n","protected":false},"featured_media":25552,"comment_status":"open","ping_status":"closed","template":"","meta":[],"product_brand":[],"product_cat":[128],"product_tag":[],"class_list":{"0":"post-6603","1":"product","2":"type-product","3":"status-publish","4":"has-post-thumbnail","6":"product_cat-spielfilme","7":"product_shipping_class-brief","9":"first","10":"instock","11":"taxable","12":"shipping-taxable","13":"purchasable","14":"product-type-simple"},"_links":{"self":[{"href":"https:\/\/www.hml-fetish.de\/shop\/wp-json\/wp\/v2\/product\/6603","targetHints":{"allow":["GET"]}}],"collection":[{"href":"https:\/\/www.hml-fetish.de\/shop\/wp-json\/wp\/v2\/product"}],"about":[{"href":"https:\/\/www.hml-fetish.de\/shop\/wp-json\/wp\/v2\/types\/product"}],"replies":[{"embeddable":true,"href":"https:\/\/www.hml-fetish.de\/shop\/wp-json\/wp\/v2\/comments?post=6603"}],"version-history":[{"count":0,"href":"https:\/\/www.hml-fetish.de\/shop\/wp-json\/wp\/v2\/product\/6603\/revisions"}],"wp:featuredmedia":[{"embeddable":true,"href":"https:\/\/www.hml-fetish.de\/shop\/wp-json\/wp\/v2\/media\/25552"}],"wp:attachment":[{"href":"https:\/\/www.hml-fetish.de\/shop\/wp-json\/wp\/v2\/media?parent=6603"}],"wp:term":[{"taxonomy":"product_brand","embeddable":true,"href":"https:\/\/www.hml-fetish.de\/shop\/wp-json\/wp\/v2\/product_brand?post=6603"},{"taxonomy":"product_cat","embeddable":true,"href":"https:\/\/www.hml-fetish.de\/shop\/wp-json\/wp\/v2\/product_cat?post=6603"},{"taxonomy":"product_tag","embeddable":true,"href":"https:\/\/www.hml-fetish.de\/shop\/wp-json\/wp\/v2\/product_tag?post=6603"}],"curies":[{"name":"wp","href":"https:\/\/api.w.org\/{rel}","templated":true}]}}