{"id":6602,"date":"2022-01-23T22:46:58","date_gmt":"2022-01-23T21:46:58","guid":{"rendered":"https:\/\/www.hml-fetish.de\/shop\/?post_type=product&#038;p=6602"},"modified":"2022-05-29T15:28:53","modified_gmt":"2022-05-29T13:28:53","slug":"brokeback-mountain","status":"publish","type":"product","link":"https:\/\/www.hml-fetish.de\/shop\/brokeback-mountain\/","title":{"rendered":"Brokeback Mountain"},"content":{"rendered":"<p><P>Eine Liebe gegen alle Widerst\u00e4nde. Eine Liebe, die ihren Namen nicht zu nennen wagt. Ergreifende, epische Liebesgeschichte aus dem Herzen Amerikas. Wyoming 1963. Der Rancher Ennis del Mar (Heath Ledger) und der Rodeoreiter Jack Twist (Jake Gyllenhaal) werden auf Brokeback Mountain angeheuert, den Sommer \u00fcber eine Herde Schafe vor Wilderern und Raubtieren zu sch\u00fctzen. In der harten und rauhen Einsamkeit der Berge entwickelt sich zwischen den beiden bald mehr als blo\u00dfe Kameradschaft \u2013 sie verlieben sich ineinander.<\/P><br \/>\n<P>Angesichts der engstirnigen Moralvorstellungen in der konservativen US-Provinz bleiben ihnen nur getrennte Wege. Die Cowboys heiraten, gr\u00fcnden Familien &#8211; und kommen doch nicht voneinander los. Nur heimlich k\u00f6nnen sie \u00fcber die Jahre bei ihren seltenen Treffen in der Wildnis ihren Gef\u00fchlen freien Lauf lassen. Bis Jack einen letzten verzweifelten Versuch unternimmt, f\u00fcr ihre Zukunft zu k\u00e4mpfen &#8230;<br \/>\n<BR>Spielzeit 134 Minuten. FSK12. Format DVD9 in 16:9 Screen.<\/P><\/p>\n","protected":false},"excerpt":{"rendered":"<h4>Brokeback Mountain<\/h4>\n<p><P>Eine Liebe gegen alle Widerst\u00e4nde. Eine Liebe, die ihren Namen nicht zu nennen wagt. Ergreifende, epische Liebesgeschichte aus dem Herzen Amerikas. Wyoming 1963. Der Rancher Ennis del Mar (Heath Ledger) und der Rodeoreiter Jack Twist (Jake Gyllenhaal) werden auf Brokeback Mountain angeheuert, den Sommer \u00fcber eine Herde Schafe vor Wilderern und Raubtieren zu sch\u00fctzen. In der harten und rauhen Einsamkeit der Berge entwickelt sich zwischen den beiden bald mehr als blo\u00dfe Kameradschaft \u2013 sie verlieben sich ineinander.<\/P><\/p>\n","protected":false},"featured_media":25559,"comment_status":"open","ping_status":"closed","template":"","meta":[],"product_brand":[],"product_cat":[128],"product_tag":[],"class_list":{"0":"post-6602","1":"product","2":"type-product","3":"status-publish","4":"has-post-thumbnail","6":"product_cat-spielfilme","7":"product_shipping_class-brief","9":"first","10":"instock","11":"taxable","12":"shipping-taxable","13":"purchasable","14":"product-type-simple"},"_links":{"self":[{"href":"https:\/\/www.hml-fetish.de\/shop\/wp-json\/wp\/v2\/product\/6602","targetHints":{"allow":["GET"]}}],"collection":[{"href":"https:\/\/www.hml-fetish.de\/shop\/wp-json\/wp\/v2\/product"}],"about":[{"href":"https:\/\/www.hml-fetish.de\/shop\/wp-json\/wp\/v2\/types\/product"}],"replies":[{"embeddable":true,"href":"https:\/\/www.hml-fetish.de\/shop\/wp-json\/wp\/v2\/comments?post=6602"}],"version-history":[{"count":0,"href":"https:\/\/www.hml-fetish.de\/shop\/wp-json\/wp\/v2\/product\/6602\/revisions"}],"wp:featuredmedia":[{"embeddable":true,"href":"https:\/\/www.hml-fetish.de\/shop\/wp-json\/wp\/v2\/media\/25559"}],"wp:attachment":[{"href":"https:\/\/www.hml-fetish.de\/shop\/wp-json\/wp\/v2\/media?parent=6602"}],"wp:term":[{"taxonomy":"product_brand","embeddable":true,"href":"https:\/\/www.hml-fetish.de\/shop\/wp-json\/wp\/v2\/product_brand?post=6602"},{"taxonomy":"product_cat","embeddable":true,"href":"https:\/\/www.hml-fetish.de\/shop\/wp-json\/wp\/v2\/product_cat?post=6602"},{"taxonomy":"product_tag","embeddable":true,"href":"https:\/\/www.hml-fetish.de\/shop\/wp-json\/wp\/v2\/product_tag?post=6602"}],"curies":[{"name":"wp","href":"https:\/\/api.w.org\/{rel}","templated":true}]}}