{"id":6601,"date":"2022-01-23T22:46:58","date_gmt":"2022-01-23T21:46:58","guid":{"rendered":"https:\/\/www.hml-fetish.de\/shop\/?post_type=product&#038;p=6601"},"modified":"2023-10-26T15:02:33","modified_gmt":"2023-10-26T13:02:33","slug":"al-pacino-cruising","status":"publish","type":"product","link":"https:\/\/www.hml-fetish.de\/shop\/al-pacino-cruising\/","title":{"rendered":"Al Pacino-Cruising"},"content":{"rendered":"<p>Al Pacino auf der Jagd nach einen brutalen Killer. Die Rolle des unerschrockenen und unerbittlichen Cops ist ihm durchaus vertraut, wie Fans von Heat, Serpico und Sea of Love best\u00e4tigen k\u00f6nnen. Aber hier springt er kopf\u00fcber in eine noch st\u00fcrmischere See: Als New Yorker Polizist schleust er sich in die schrille Sado-Maso-Subkultur ein, um einen Serienkiller aufzusp\u00fcren, der es auf Schwule abgesehen hat.<\/p>\n<p>William Friedkin (Der Exorzist, French Connection) inszenierte sein eigenes Drehbuch sehr frei nach dem Roman von Gerald Walker \u2013 auch heute noch ein kontroverser, mitrei\u00dfender Mordfall, der die Zuschauer in eine ebenso gef\u00e4hrliche, wie faszinierende Welt entf\u00fchrt. Den fesselnden Mittelpunkt bildet Al Pacinos Darstellung eines Mannes, dessen Identit\u00e4t und Beziehungen durch diesen Auftrag auf eine qu\u00e4lend eindringliche Bew\u00e4hrungsprobe gestellt werden.<\/p>\n<p>Sprachen: Deutsch, Englisch und Spanisch<\/p>\n<p>Spielzeit ca. 98 Minuten. FSK 16. Format DVD9 im 16:9 Screen.<\/p>\n<p>Special Edition mit Audiokommentar von William Friedkin und einem ausf\u00fchrlichen &#8220;Making of&#8221;.<\/p>\n","protected":false},"excerpt":{"rendered":"<h4>Al Pacino-Cruising<\/h4>\n<p>Al Pacino in einem Fr\u00fchwerk auf der Jagd nach einen brutalen Killer. Die Rolle des unerschrockenen und unerbittlichen Cops ist ihm durchaus vertraut, wie Fans von Heat, Serpico und Sea of Love best\u00e4tigen k\u00f6nnen. Aber hier springt er kopf\u00fcber in eine noch st\u00fcrmischere See: Als New Yorker Polizist schleust er sich in die schrille Sado-Maso-Subkultur ein, um einen Serienkiller aufzusp\u00fcren, der es auf Schwule abgesehen hat.<\/p>\n","protected":false},"featured_media":25567,"comment_status":"open","ping_status":"closed","template":"","meta":[],"product_brand":[],"product_cat":[128],"product_tag":[4392],"class_list":{"0":"post-6601","1":"product","2":"type-product","3":"status-publish","4":"has-post-thumbnail","6":"product_cat-spielfilme","7":"product_tag-bestseller-zubehoer","8":"product_shipping_class-brief","10":"first","11":"instock","12":"taxable","13":"shipping-taxable","14":"purchasable","15":"product-type-simple"},"_links":{"self":[{"href":"https:\/\/www.hml-fetish.de\/shop\/wp-json\/wp\/v2\/product\/6601","targetHints":{"allow":["GET"]}}],"collection":[{"href":"https:\/\/www.hml-fetish.de\/shop\/wp-json\/wp\/v2\/product"}],"about":[{"href":"https:\/\/www.hml-fetish.de\/shop\/wp-json\/wp\/v2\/types\/product"}],"replies":[{"embeddable":true,"href":"https:\/\/www.hml-fetish.de\/shop\/wp-json\/wp\/v2\/comments?post=6601"}],"version-history":[{"count":0,"href":"https:\/\/www.hml-fetish.de\/shop\/wp-json\/wp\/v2\/product\/6601\/revisions"}],"wp:featuredmedia":[{"embeddable":true,"href":"https:\/\/www.hml-fetish.de\/shop\/wp-json\/wp\/v2\/media\/25567"}],"wp:attachment":[{"href":"https:\/\/www.hml-fetish.de\/shop\/wp-json\/wp\/v2\/media?parent=6601"}],"wp:term":[{"taxonomy":"product_brand","embeddable":true,"href":"https:\/\/www.hml-fetish.de\/shop\/wp-json\/wp\/v2\/product_brand?post=6601"},{"taxonomy":"product_cat","embeddable":true,"href":"https:\/\/www.hml-fetish.de\/shop\/wp-json\/wp\/v2\/product_cat?post=6601"},{"taxonomy":"product_tag","embeddable":true,"href":"https:\/\/www.hml-fetish.de\/shop\/wp-json\/wp\/v2\/product_tag?post=6601"}],"curies":[{"name":"wp","href":"https:\/\/api.w.org\/{rel}","templated":true}]}}