{"id":6600,"date":"2022-01-23T22:46:58","date_gmt":"2022-01-23T21:46:58","guid":{"rendered":"https:\/\/www.hml-fetish.de\/shop\/?post_type=product&#038;p=6600"},"modified":"2022-05-29T15:45:22","modified_gmt":"2022-05-29T13:45:22","slug":"cazzo-gefangen","status":"publish","type":"product","link":"https:\/\/www.hml-fetish.de\/shop\/cazzo-gefangen\/","title":{"rendered":"Cazzo-Gefangen"},"content":{"rendered":"<p><P>Dennis, eben noch als Betr\u00fcger unterwegs, findet sich in der k\u00fchlen und bedrohlichen Atmosph\u00e4re eines Gef\u00e4ngnisses wieder. Korrupte Beamte, brutale Zellennachbarn und ein unertr\u00e4glicher Alltag. Bis Dennis Mike kennenlernt und eine Liebe hinter Gittern entsteht &#8230;<\/P><br \/>\n<P>Das Spielfilmdeb\u00fct der CAZZO-Film Berlin. Schonungslos, ehrlich, direkt und \u00fcberaus sexy. Deutsche Originalfassung mit deutschen und englischen Untertipielfilmdeb\u00fct der CAZZO-Filmteln.<br \/>\n<BR>Spielzeit 95 Minuten. FSK 16.<br \/>\n<BR>Format DVD9 in 16:9 Screen.<br \/>\n<BR>Ausf\u00fchrlich informiert diese PDF-Datei:<br \/>\n<BR>2,25 MB Download <a href=\"\/pdf\/dvd112.pdf\"><img decoding=\"async\" src=\"\/pdf\/pdf.gif\" border=\"0\" alt=\"Hintergrundinfos als PDF herunterladen\"><\/a><\/P><\/p>\n","protected":false},"excerpt":{"rendered":"<h4>Cazzo-Gefangen<\/h4>\n<p><P>Dennis, eben noch als Betr\u00fcger unterwegs, findet sich in der k\u00fchlen und bedrohlichen Atmosph\u00e4re eines Gef\u00e4ngnisses wieder. Korrupte Beamte, brutale Zellennachbarn und ein unertr\u00e4glicher Alltag. Bis Dennis Mike kennenlernt und eine Liebe hinter Gittern entsteht &#8230;<\/P><\/p>\n","protected":false},"featured_media":25578,"comment_status":"open","ping_status":"closed","template":"","meta":[],"product_brand":[],"product_cat":[128,123],"product_tag":[],"class_list":{"0":"post-6600","1":"product","2":"type-product","3":"status-publish","4":"has-post-thumbnail","6":"product_cat-spielfilme","7":"product_cat-adult","8":"product_shipping_class-erwachsen","10":"first","11":"instock","12":"taxable","13":"shipping-taxable","14":"purchasable","15":"product-type-simple"},"_links":{"self":[{"href":"https:\/\/www.hml-fetish.de\/shop\/wp-json\/wp\/v2\/product\/6600","targetHints":{"allow":["GET"]}}],"collection":[{"href":"https:\/\/www.hml-fetish.de\/shop\/wp-json\/wp\/v2\/product"}],"about":[{"href":"https:\/\/www.hml-fetish.de\/shop\/wp-json\/wp\/v2\/types\/product"}],"replies":[{"embeddable":true,"href":"https:\/\/www.hml-fetish.de\/shop\/wp-json\/wp\/v2\/comments?post=6600"}],"version-history":[{"count":0,"href":"https:\/\/www.hml-fetish.de\/shop\/wp-json\/wp\/v2\/product\/6600\/revisions"}],"wp:featuredmedia":[{"embeddable":true,"href":"https:\/\/www.hml-fetish.de\/shop\/wp-json\/wp\/v2\/media\/25578"}],"wp:attachment":[{"href":"https:\/\/www.hml-fetish.de\/shop\/wp-json\/wp\/v2\/media?parent=6600"}],"wp:term":[{"taxonomy":"product_brand","embeddable":true,"href":"https:\/\/www.hml-fetish.de\/shop\/wp-json\/wp\/v2\/product_brand?post=6600"},{"taxonomy":"product_cat","embeddable":true,"href":"https:\/\/www.hml-fetish.de\/shop\/wp-json\/wp\/v2\/product_cat?post=6600"},{"taxonomy":"product_tag","embeddable":true,"href":"https:\/\/www.hml-fetish.de\/shop\/wp-json\/wp\/v2\/product_tag?post=6600"}],"curies":[{"name":"wp","href":"https:\/\/api.w.org\/{rel}","templated":true}]}}