{"id":6597,"date":"2022-01-23T22:46:57","date_gmt":"2022-01-23T21:46:57","guid":{"rendered":"https:\/\/www.hml-fetish.de\/shop\/?post_type=product&#038;p=6597"},"modified":"2022-05-29T19:10:44","modified_gmt":"2022-05-29T17:10:44","slug":"dilatator-9-mm-x-80-mm","status":"publish","type":"product","link":"https:\/\/www.hml-fetish.de\/shop\/dilatator-9-mm-x-80-mm\/","title":{"rendered":"Dilatator 9 mm x 80 mm"},"content":{"rendered":"<p><P>Eine Harnr\u00f6hren Sonde aus Edelstahl mit einem inneren Kanal zum Pinkeln.<br \/>\n<BR><I>HML Fetish ist nicht Eigent\u00fcmer dieser Ware. Wir haften nicht f\u00fcr Sch\u00e4den und geben auch keine Garantie darauf. Der Preis wird durch den abgebenden Besitzer festgelegt, dessen Adresse wir bei Reklamationen ggf. an den K\u00e4ufer weiterleiten. Keine MWSt. Ausweisung, da Kommissionsverkauf.<\/I><\/P><\/p>\n","protected":false},"excerpt":{"rendered":"<h4>Dilatator 9 mm x 80 mm<\/h4>\n<p><P>Eine Harnr\u00f6hren-Sonde aus Edelstahl mit einem inneren Kanal zum Pinkeln.<br \/>\n<BR><I>HML Fetish ist nicht Eigent\u00fcmer dieser Ware. Wir haften nicht f\u00fcr Sch\u00e4den und geben auch keine Garantie darauf. Der Preis wird durch den abgebenden Besitzer festgelegt, dessen Adresse wir bei Reklamationen ggf. an den K\u00e4ufer weiterleiten. Keine MWSt. Ausweisung, da Kommissionsverkauf.<\/I><\/P><\/p>\n","protected":false},"featured_media":25597,"comment_status":"open","ping_status":"closed","template":"","meta":[],"product_brand":[],"product_cat":[130,103],"product_tag":[],"class_list":{"0":"post-6597","1":"product","2":"type-product","3":"status-publish","4":"has-post-thumbnail","6":"product_cat-cbt","7":"product_cat-online-flohmarkt","8":"product_shipping_class-brief","10":"first","11":"instock","12":"taxable","13":"shipping-taxable","14":"purchasable","15":"product-type-simple"},"_links":{"self":[{"href":"https:\/\/www.hml-fetish.de\/shop\/wp-json\/wp\/v2\/product\/6597","targetHints":{"allow":["GET"]}}],"collection":[{"href":"https:\/\/www.hml-fetish.de\/shop\/wp-json\/wp\/v2\/product"}],"about":[{"href":"https:\/\/www.hml-fetish.de\/shop\/wp-json\/wp\/v2\/types\/product"}],"replies":[{"embeddable":true,"href":"https:\/\/www.hml-fetish.de\/shop\/wp-json\/wp\/v2\/comments?post=6597"}],"version-history":[{"count":0,"href":"https:\/\/www.hml-fetish.de\/shop\/wp-json\/wp\/v2\/product\/6597\/revisions"}],"wp:featuredmedia":[{"embeddable":true,"href":"https:\/\/www.hml-fetish.de\/shop\/wp-json\/wp\/v2\/media\/25597"}],"wp:attachment":[{"href":"https:\/\/www.hml-fetish.de\/shop\/wp-json\/wp\/v2\/media?parent=6597"}],"wp:term":[{"taxonomy":"product_brand","embeddable":true,"href":"https:\/\/www.hml-fetish.de\/shop\/wp-json\/wp\/v2\/product_brand?post=6597"},{"taxonomy":"product_cat","embeddable":true,"href":"https:\/\/www.hml-fetish.de\/shop\/wp-json\/wp\/v2\/product_cat?post=6597"},{"taxonomy":"product_tag","embeddable":true,"href":"https:\/\/www.hml-fetish.de\/shop\/wp-json\/wp\/v2\/product_tag?post=6597"}],"curies":[{"name":"wp","href":"https:\/\/api.w.org\/{rel}","templated":true}]}}