{"id":6593,"date":"2022-01-23T22:46:56","date_gmt":"2022-01-23T21:46:56","guid":{"rendered":"https:\/\/www.hml-fetish.de\/shop\/?post_type=product&#038;p=6593"},"modified":"2026-02-10T17:12:22","modified_gmt":"2026-02-10T16:12:22","slug":"pump-plug-konisch-mit-kern","status":"publish","type":"product","link":"https:\/\/www.hml-fetish.de\/shop\/pump-plug-konisch-mit-kern\/","title":{"rendered":"Pump-Plug konisch mit Kern"},"content":{"rendered":"<p><P>Ein konisch geformter Butt-Plug zum Aufpumpen mit hartem Kern. Sehr flexibel aus Naturkautschuk Latex gegossen und besonders leicht einzuf\u00fchren. Wir haben zwei Versionen f\u00fcr Dich am Lager: Die kleinere ist pumpbar bis etwa 80 mm (bei 130 mm L\u00e4nge und Minimaldurchmesser ca. 40 mm). Der gr\u00f6\u00dfere Plug besitzt einen Minimaldurchmesser von etwa 60 mm und l\u00e4\u00dft sich bis etwa 100 mm Durchmesser pumpen. Mit diesen Plugs kannst Du f\u00fcr die n\u00e4chste Fist-Olympiade trainieren. Immer sch\u00f6n locker bleiben!<\/P><\/p>\n","protected":false},"excerpt":{"rendered":"<h4>Pump-Plug konisch mit Kern<\/h4>\n<p><P>Ein konisch geformter Butt Plug zum Aufpumpen mit hartem Kern. Sehr flexibel aus Naturkautschuk Latex gegossen und besonders leicht einzuf\u00fchren. Wir haben zwei Versionen f\u00fcr Dich am Lager: Die kleinere ist pumpbar bis etwa 80 mm (bei 130 mm L\u00e4nge und Minimaldurchmesser ca. 40 mm). Der gr\u00f6\u00dfere Plug besitzt einen Minimaldurchmesser von etwa 60 mm und l\u00e4\u00dft sich bis etwa 100 mm Durchmesser pumpen. Mit diesen Plugs kannst Du f\u00fcr die n\u00e4chste Fist-Olympiade trainieren. Immer sch\u00f6n locker bleiben!<\/P><\/p>\n","protected":false},"featured_media":25656,"comment_status":"open","ping_status":"closed","template":"","meta":[],"product_brand":[],"product_cat":[139],"product_tag":[],"class_list":{"0":"post-6593","1":"product","2":"type-product","3":"status-publish","4":"has-post-thumbnail","6":"product_cat-plugs","7":"product_shipping_class-paket","9":"first","10":"instock","11":"taxable","12":"shipping-taxable","13":"purchasable","14":"product-type-variable"},"_links":{"self":[{"href":"https:\/\/www.hml-fetish.de\/shop\/wp-json\/wp\/v2\/product\/6593","targetHints":{"allow":["GET"]}}],"collection":[{"href":"https:\/\/www.hml-fetish.de\/shop\/wp-json\/wp\/v2\/product"}],"about":[{"href":"https:\/\/www.hml-fetish.de\/shop\/wp-json\/wp\/v2\/types\/product"}],"replies":[{"embeddable":true,"href":"https:\/\/www.hml-fetish.de\/shop\/wp-json\/wp\/v2\/comments?post=6593"}],"version-history":[{"count":0,"href":"https:\/\/www.hml-fetish.de\/shop\/wp-json\/wp\/v2\/product\/6593\/revisions"}],"wp:featuredmedia":[{"embeddable":true,"href":"https:\/\/www.hml-fetish.de\/shop\/wp-json\/wp\/v2\/media\/25656"}],"wp:attachment":[{"href":"https:\/\/www.hml-fetish.de\/shop\/wp-json\/wp\/v2\/media?parent=6593"}],"wp:term":[{"taxonomy":"product_brand","embeddable":true,"href":"https:\/\/www.hml-fetish.de\/shop\/wp-json\/wp\/v2\/product_brand?post=6593"},{"taxonomy":"product_cat","embeddable":true,"href":"https:\/\/www.hml-fetish.de\/shop\/wp-json\/wp\/v2\/product_cat?post=6593"},{"taxonomy":"product_tag","embeddable":true,"href":"https:\/\/www.hml-fetish.de\/shop\/wp-json\/wp\/v2\/product_tag?post=6593"}],"curies":[{"name":"wp","href":"https:\/\/api.w.org\/{rel}","templated":true}]}}