{"id":6590,"date":"2022-01-23T22:46:55","date_gmt":"2022-01-23T21:46:55","guid":{"rendered":"https:\/\/www.hml-fetish.de\/shop\/?post_type=product&#038;p=6590"},"modified":"2026-02-26T12:31:32","modified_gmt":"2026-02-26T11:31:32","slug":"harness-plug","status":"publish","type":"product","link":"https:\/\/www.hml-fetish.de\/shop\/harness-plug\/","title":{"rendered":"Harness-Plug"},"content":{"rendered":"<p>Diese Plugs aus schwarzem Kunststoff sind mit einem schmalen Sockel versehen &#8211; optimal passend f\u00fcr unseren Plug-Halter. Der geh\u00f6rt dann auf den Schrittgurt Deines Strings oder Harness&#8217; und sichert, da\u00df der Plug drin bleibt. Harness-Plugs gibt&#8217;s in vielen, verschiedenen Gr\u00f6\u00dfen, fein abgestimmt in folgenden Gr\u00f6\u00dfen:<br \/>\n25 mm x 110 mm<br \/>\n30 mm x 100 mm<br \/>\n37 mm x 135 mm<br \/>\n40 mm x 140 mm<br \/>\n48 mm x 160 mm<br \/>\n54 mm x 100 mm<br \/>\n60 mm x 120 mm<\/p>\n<p>Diese Plugs kommen von verschiedenen Lieferanten und besitzen daher sehr unterschiedliche Preise und Verarbeitungen. Wir haben sie hier in einem Artikel zusammengefa\u00dft, damit Du einen \u00dcberblick erh\u00e4ltst, welche unserer Plugs auch f\u00fcr unseren Plug-Halter passen.<\/p>\n","protected":false},"excerpt":{"rendered":"<h4>Harness-Plug<\/h4>\n<p>Diese Plugs aus schwarzem Kunststoff sind mit einem schmalen Sockel versehen &#8211; optimal passend f\u00fcr unseren Plug-Halter. Der geh\u00f6rt dann auf den Schrittgurt Deines Strings oder Harness&#8217; und sichert, da\u00df der Plug drin bleibt. Harness-Plugs gibt&#8217;s in vielen, verschiedenen Gr\u00f6\u00dfen.<\/p>\n","protected":false},"featured_media":25691,"comment_status":"open","ping_status":"closed","template":"","meta":[],"product_brand":[],"product_cat":[139],"product_tag":[],"class_list":{"0":"post-6590","1":"product","2":"type-product","3":"status-publish","4":"has-post-thumbnail","6":"product_cat-plugs","7":"product_shipping_class-paket","9":"first","10":"instock","11":"taxable","12":"shipping-taxable","13":"purchasable","14":"product-type-variable"},"_links":{"self":[{"href":"https:\/\/www.hml-fetish.de\/shop\/wp-json\/wp\/v2\/product\/6590","targetHints":{"allow":["GET"]}}],"collection":[{"href":"https:\/\/www.hml-fetish.de\/shop\/wp-json\/wp\/v2\/product"}],"about":[{"href":"https:\/\/www.hml-fetish.de\/shop\/wp-json\/wp\/v2\/types\/product"}],"replies":[{"embeddable":true,"href":"https:\/\/www.hml-fetish.de\/shop\/wp-json\/wp\/v2\/comments?post=6590"}],"version-history":[{"count":0,"href":"https:\/\/www.hml-fetish.de\/shop\/wp-json\/wp\/v2\/product\/6590\/revisions"}],"wp:featuredmedia":[{"embeddable":true,"href":"https:\/\/www.hml-fetish.de\/shop\/wp-json\/wp\/v2\/media\/25691"}],"wp:attachment":[{"href":"https:\/\/www.hml-fetish.de\/shop\/wp-json\/wp\/v2\/media?parent=6590"}],"wp:term":[{"taxonomy":"product_brand","embeddable":true,"href":"https:\/\/www.hml-fetish.de\/shop\/wp-json\/wp\/v2\/product_brand?post=6590"},{"taxonomy":"product_cat","embeddable":true,"href":"https:\/\/www.hml-fetish.de\/shop\/wp-json\/wp\/v2\/product_cat?post=6590"},{"taxonomy":"product_tag","embeddable":true,"href":"https:\/\/www.hml-fetish.de\/shop\/wp-json\/wp\/v2\/product_tag?post=6590"}],"curies":[{"name":"wp","href":"https:\/\/api.w.org\/{rel}","templated":true}]}}