{"id":6583,"date":"2022-01-23T22:46:34","date_gmt":"2022-01-23T21:46:34","guid":{"rendered":"https:\/\/www.hml-fetish.de\/shop\/?post_type=product&#038;p=6583"},"modified":"2022-05-31T15:26:33","modified_gmt":"2022-05-31T13:26:33","slug":"butt-plug-konisch-60-mm","status":"publish","type":"product","link":"https:\/\/www.hml-fetish.de\/shop\/butt-plug-konisch-60-mm\/","title":{"rendered":"Butt-Plug konisch 60 mm"},"content":{"rendered":"<p><P>Insgesamt 150 mm lang, bei einem Durchmesser von etwa 60 mm, ist dies hier ein kompakter, konischer Plug. Ein sch\u00f6n stabiles und standhaftes Ger\u00e4t aus weichem Vinylkautschuk. Bei diesen Ausma\u00dfen m\u00fcssen wir daran erinnern, da\u00df nicht sprichw\u00f6rtlich die Augen gr\u00f6\u00dfer als der Mund sein sollten.<\/P><\/p>\n","protected":false},"excerpt":{"rendered":"<h4>Butt-Plug konisch 60 mm<\/h4>\n<p><P>Insgesamt 150 mm lang, bei einem Durchmesser von etwa 60 mm, ist dies hier ein kompakter, konischer Plug. Ein sch\u00f6n stabiles und standhaftes Ger\u00e4t aus weichem Vinylkautschuk. Bei diesen Ausma\u00dfen m\u00fcssen wir daran erinnern, da\u00df nicht sprichw\u00f6rtlich die Augen gr\u00f6\u00dfer als der Mund sein sollten.<\/P><\/p>\n","protected":false},"featured_media":25872,"comment_status":"open","ping_status":"closed","template":"","meta":[],"product_brand":[],"product_cat":[139],"product_tag":[],"class_list":{"0":"post-6583","1":"product","2":"type-product","3":"status-publish","4":"has-post-thumbnail","6":"product_cat-plugs","7":"product_shipping_class-paket","9":"first","10":"instock","11":"taxable","12":"shipping-taxable","13":"purchasable","14":"product-type-simple"},"_links":{"self":[{"href":"https:\/\/www.hml-fetish.de\/shop\/wp-json\/wp\/v2\/product\/6583","targetHints":{"allow":["GET"]}}],"collection":[{"href":"https:\/\/www.hml-fetish.de\/shop\/wp-json\/wp\/v2\/product"}],"about":[{"href":"https:\/\/www.hml-fetish.de\/shop\/wp-json\/wp\/v2\/types\/product"}],"replies":[{"embeddable":true,"href":"https:\/\/www.hml-fetish.de\/shop\/wp-json\/wp\/v2\/comments?post=6583"}],"version-history":[{"count":0,"href":"https:\/\/www.hml-fetish.de\/shop\/wp-json\/wp\/v2\/product\/6583\/revisions"}],"wp:featuredmedia":[{"embeddable":true,"href":"https:\/\/www.hml-fetish.de\/shop\/wp-json\/wp\/v2\/media\/25872"}],"wp:attachment":[{"href":"https:\/\/www.hml-fetish.de\/shop\/wp-json\/wp\/v2\/media?parent=6583"}],"wp:term":[{"taxonomy":"product_brand","embeddable":true,"href":"https:\/\/www.hml-fetish.de\/shop\/wp-json\/wp\/v2\/product_brand?post=6583"},{"taxonomy":"product_cat","embeddable":true,"href":"https:\/\/www.hml-fetish.de\/shop\/wp-json\/wp\/v2\/product_cat?post=6583"},{"taxonomy":"product_tag","embeddable":true,"href":"https:\/\/www.hml-fetish.de\/shop\/wp-json\/wp\/v2\/product_tag?post=6583"}],"curies":[{"name":"wp","href":"https:\/\/api.w.org\/{rel}","templated":true}]}}