{"id":6582,"date":"2022-01-23T22:46:34","date_gmt":"2022-01-23T21:46:34","guid":{"rendered":"https:\/\/www.hml-fetish.de\/shop\/?post_type=product&#038;p=6582"},"modified":"2022-05-31T15:35:28","modified_gmt":"2022-05-31T13:35:28","slug":"butt-plug-55-mm","status":"publish","type":"product","link":"https:\/\/www.hml-fetish.de\/shop\/butt-plug-55-mm\/","title":{"rendered":"Butt-Plug 55 mm"},"content":{"rendered":"<p><P>Ein konisch geformter Plug mit 55 mm Durchmesser und einer flachen gerundeten Spitze. Solides Vinylmaterial. Gegossen und per Hand endbearbeitet, so da\u00df er sch\u00f6n glatt ist. Die Gesamt-L\u00e4nge: 140 mm.<\/P><\/p>\n","protected":false},"excerpt":{"rendered":"<h4>Butt-Plug 55 mm<\/h4>\n<p><P>Ein konisch geformter Plug mit 55 mm Durchmesser und einer flachen gerundeten Spitze. Solides Vinylmaterial. Gegossen und per Hand endbearbeitet, so da\u00df er sch\u00f6n glatt ist. Die Gesamt-L\u00e4nge: 140 mm.<\/P><\/p>\n","protected":false},"featured_media":25888,"comment_status":"open","ping_status":"closed","template":"","meta":[],"product_brand":[],"product_cat":[139],"product_tag":[],"class_list":{"0":"post-6582","1":"product","2":"type-product","3":"status-publish","4":"has-post-thumbnail","6":"product_cat-plugs","7":"product_shipping_class-paket","9":"first","10":"instock","11":"taxable","12":"shipping-taxable","13":"purchasable","14":"product-type-simple"},"_links":{"self":[{"href":"https:\/\/www.hml-fetish.de\/shop\/wp-json\/wp\/v2\/product\/6582","targetHints":{"allow":["GET"]}}],"collection":[{"href":"https:\/\/www.hml-fetish.de\/shop\/wp-json\/wp\/v2\/product"}],"about":[{"href":"https:\/\/www.hml-fetish.de\/shop\/wp-json\/wp\/v2\/types\/product"}],"replies":[{"embeddable":true,"href":"https:\/\/www.hml-fetish.de\/shop\/wp-json\/wp\/v2\/comments?post=6582"}],"version-history":[{"count":0,"href":"https:\/\/www.hml-fetish.de\/shop\/wp-json\/wp\/v2\/product\/6582\/revisions"}],"wp:featuredmedia":[{"embeddable":true,"href":"https:\/\/www.hml-fetish.de\/shop\/wp-json\/wp\/v2\/media\/25888"}],"wp:attachment":[{"href":"https:\/\/www.hml-fetish.de\/shop\/wp-json\/wp\/v2\/media?parent=6582"}],"wp:term":[{"taxonomy":"product_brand","embeddable":true,"href":"https:\/\/www.hml-fetish.de\/shop\/wp-json\/wp\/v2\/product_brand?post=6582"},{"taxonomy":"product_cat","embeddable":true,"href":"https:\/\/www.hml-fetish.de\/shop\/wp-json\/wp\/v2\/product_cat?post=6582"},{"taxonomy":"product_tag","embeddable":true,"href":"https:\/\/www.hml-fetish.de\/shop\/wp-json\/wp\/v2\/product_tag?post=6582"}],"curies":[{"name":"wp","href":"https:\/\/api.w.org\/{rel}","templated":true}]}}