{"id":6580,"date":"2022-01-23T22:46:33","date_gmt":"2022-01-23T21:46:33","guid":{"rendered":"https:\/\/www.hml-fetish.de\/shop\/?post_type=product&#038;p=6580"},"modified":"2022-05-31T16:50:46","modified_gmt":"2022-05-31T14:50:46","slug":"gummi-dildo-55-mm","status":"publish","type":"product","link":"https:\/\/www.hml-fetish.de\/shop\/gummi-dildo-55-mm\/","title":{"rendered":"Gummi Dildo 55 mm"},"content":{"rendered":"<p><P>Ein pr\u00e4chtig gro\u00dfer Latex-Dildo mit 55 mm Durchmesser. Er ist insgesamt etwa 285 mm lang, nat\u00fcrlich schwarz und handwerklich nachbearbeitet, also ohne Gie\u00df-Grate sondern sch\u00f6n glatt.<\/P><\/p>\n","protected":false},"excerpt":{"rendered":"<h4>Gummi Dildo 55 mm<\/h4>\n<p><P>Ein pr\u00e4chtig gro\u00dfer Latex-Dildo mit 55 mm Durchmesser. Er ist insgesamt etwa 285 mm lang, nat\u00fcrlich schwarz und handwerklich nachbearbeitet, also ohne Gie\u00df-Grate sondern sch\u00f6n glatt.<\/P><\/p>\n","protected":false},"featured_media":25916,"comment_status":"open","ping_status":"closed","template":"","meta":[],"product_brand":[],"product_cat":[131,108],"product_tag":[],"class_list":{"0":"post-6580","1":"product","2":"type-product","3":"status-publish","4":"has-post-thumbnail","6":"product_cat-dildos","7":"product_cat-restposten-einzelstuecke","8":"product_shipping_class-paket","10":"first","11":"instock","12":"sale","13":"taxable","14":"shipping-taxable","15":"purchasable","16":"product-type-simple"},"_links":{"self":[{"href":"https:\/\/www.hml-fetish.de\/shop\/wp-json\/wp\/v2\/product\/6580","targetHints":{"allow":["GET"]}}],"collection":[{"href":"https:\/\/www.hml-fetish.de\/shop\/wp-json\/wp\/v2\/product"}],"about":[{"href":"https:\/\/www.hml-fetish.de\/shop\/wp-json\/wp\/v2\/types\/product"}],"replies":[{"embeddable":true,"href":"https:\/\/www.hml-fetish.de\/shop\/wp-json\/wp\/v2\/comments?post=6580"}],"version-history":[{"count":0,"href":"https:\/\/www.hml-fetish.de\/shop\/wp-json\/wp\/v2\/product\/6580\/revisions"}],"wp:featuredmedia":[{"embeddable":true,"href":"https:\/\/www.hml-fetish.de\/shop\/wp-json\/wp\/v2\/media\/25916"}],"wp:attachment":[{"href":"https:\/\/www.hml-fetish.de\/shop\/wp-json\/wp\/v2\/media?parent=6580"}],"wp:term":[{"taxonomy":"product_brand","embeddable":true,"href":"https:\/\/www.hml-fetish.de\/shop\/wp-json\/wp\/v2\/product_brand?post=6580"},{"taxonomy":"product_cat","embeddable":true,"href":"https:\/\/www.hml-fetish.de\/shop\/wp-json\/wp\/v2\/product_cat?post=6580"},{"taxonomy":"product_tag","embeddable":true,"href":"https:\/\/www.hml-fetish.de\/shop\/wp-json\/wp\/v2\/product_tag?post=6580"}],"curies":[{"name":"wp","href":"https:\/\/api.w.org\/{rel}","templated":true}]}}