{"id":6577,"date":"2022-01-23T22:46:33","date_gmt":"2022-01-23T21:46:33","guid":{"rendered":"https:\/\/www.hml-fetish.de\/shop\/?post_type=product&#038;p=6577"},"modified":"2024-01-07T10:54:33","modified_gmt":"2024-01-07T09:54:33","slug":"police-insignien-aermelwinkel","status":"publish","type":"product","link":"https:\/\/www.hml-fetish.de\/shop\/police-insignien-aermelwinkel\/","title":{"rendered":"Police-Insignien \u00c4rmelwinkel"},"content":{"rendered":"<p>Rangabzeichen f\u00fcr die \u00c4rmel Deines Policehemdes. Etwa. 9 cm breite, gestickte Aufn\u00e4her. Aus den USA importiert. Jeweils 1 Paar. Mit zwei Winkeln f\u00fcr den Corporal (bzw. Officer III beim LAPD) oder drei Winkel f\u00fcr den Sergeant (LAPD Sgt. I). In drei Farbstellungen: Goldgelb (f\u00fcr SFPD), Blau mit gelbem Rand (f\u00fcr CHP) und Silbergrau (LAPD).<\/p>\n<p><b>Auch, wenn es sich nicht um Originale handelt, darf dieser Artikel nicht in der \u00d6ffentlichkeit getragen werden! Es handelt sich lediglich um Sammlerst\u00fccke.<\/b><\/p>\n","protected":false},"excerpt":{"rendered":"<h4>Police-Insignien \u00c4rmelwinkel<\/h4>\n<p>Rang-Abzeichen f\u00fcr die \u00c4rmel Deines Policehemdes. Etwa. 9 cm breite, gestickte Aufn\u00e4her. Aus den USA importiert. Jeweils 1 Paar. Mit zwei Winkeln f\u00fcr den Corporal (bzw. Officer III beim LAPD) oder drei Winkel f\u00fcr den Sergeant (LAPD Sgt. I).<\/p>\n","protected":false},"featured_media":25949,"comment_status":"open","ping_status":"closed","template":"","meta":[],"product_brand":[],"product_cat":[149],"product_tag":[],"class_list":{"0":"post-6577","1":"product","2":"type-product","3":"status-publish","4":"has-post-thumbnail","6":"product_cat-insignia","7":"product_shipping_class-brief","9":"first","10":"instock","11":"taxable","12":"shipping-taxable","13":"purchasable","14":"product-type-variable"},"_links":{"self":[{"href":"https:\/\/www.hml-fetish.de\/shop\/wp-json\/wp\/v2\/product\/6577","targetHints":{"allow":["GET"]}}],"collection":[{"href":"https:\/\/www.hml-fetish.de\/shop\/wp-json\/wp\/v2\/product"}],"about":[{"href":"https:\/\/www.hml-fetish.de\/shop\/wp-json\/wp\/v2\/types\/product"}],"replies":[{"embeddable":true,"href":"https:\/\/www.hml-fetish.de\/shop\/wp-json\/wp\/v2\/comments?post=6577"}],"version-history":[{"count":0,"href":"https:\/\/www.hml-fetish.de\/shop\/wp-json\/wp\/v2\/product\/6577\/revisions"}],"wp:featuredmedia":[{"embeddable":true,"href":"https:\/\/www.hml-fetish.de\/shop\/wp-json\/wp\/v2\/media\/25949"}],"wp:attachment":[{"href":"https:\/\/www.hml-fetish.de\/shop\/wp-json\/wp\/v2\/media?parent=6577"}],"wp:term":[{"taxonomy":"product_brand","embeddable":true,"href":"https:\/\/www.hml-fetish.de\/shop\/wp-json\/wp\/v2\/product_brand?post=6577"},{"taxonomy":"product_cat","embeddable":true,"href":"https:\/\/www.hml-fetish.de\/shop\/wp-json\/wp\/v2\/product_cat?post=6577"},{"taxonomy":"product_tag","embeddable":true,"href":"https:\/\/www.hml-fetish.de\/shop\/wp-json\/wp\/v2\/product_tag?post=6577"}],"curies":[{"name":"wp","href":"https:\/\/api.w.org\/{rel}","templated":true}]}}