{"id":6573,"date":"2022-01-23T22:46:32","date_gmt":"2022-01-23T21:46:32","guid":{"rendered":"https:\/\/www.hml-fetish.de\/shop\/?post_type=product&#038;p=6573"},"modified":"2023-02-17T08:57:30","modified_gmt":"2023-02-17T07:57:30","slug":"klappkarte-le-banlieusard","status":"publish","type":"product","link":"https:\/\/www.hml-fetish.de\/shop\/klappkarte-le-banlieusard\/","title":{"rendered":"Klappkarte Le Banlieusard"},"content":{"rendered":"<p><P>Klappkarte mit Umschlag, Gr\u00f6\u00dfe 105 x 150 mm, gezeichnet in Farbe, Edition Raspaut 1996. Diese Geschenk-Karte ist ein Sammlerst\u00fcck, das Du anderswo kaum mehr bekommst.<\/P><\/p>\n","protected":false},"excerpt":{"rendered":"<h4>Klappkarte Le Banlieusard<\/h4>\n<p><P>Klappkarte mit Umschlag, Gr\u00f6\u00dfe 105 x 150 mm, gezeichnet in Farbe, Edition Raspaut 1996. Diese Geschenk-Karte ist ein Sammlerst\u00fcck, das Du anderswo kaum mehr bekommst.<\/P><\/p>\n","protected":false},"featured_media":26028,"comment_status":"open","ping_status":"closed","template":"","meta":[],"product_brand":[],"product_cat":[126,123],"product_tag":[],"class_list":{"0":"post-6573","1":"product","2":"type-product","3":"status-publish","5":"product_cat-grusskarten","6":"product_cat-adult","7":"product_shipping_class-erwachsen","9":"first","10":"instock","11":"taxable","12":"shipping-taxable","13":"purchasable","14":"product-type-simple"},"_links":{"self":[{"href":"https:\/\/www.hml-fetish.de\/shop\/wp-json\/wp\/v2\/product\/6573","targetHints":{"allow":["GET"]}}],"collection":[{"href":"https:\/\/www.hml-fetish.de\/shop\/wp-json\/wp\/v2\/product"}],"about":[{"href":"https:\/\/www.hml-fetish.de\/shop\/wp-json\/wp\/v2\/types\/product"}],"replies":[{"embeddable":true,"href":"https:\/\/www.hml-fetish.de\/shop\/wp-json\/wp\/v2\/comments?post=6573"}],"version-history":[{"count":0,"href":"https:\/\/www.hml-fetish.de\/shop\/wp-json\/wp\/v2\/product\/6573\/revisions"}],"wp:featuredmedia":[{"embeddable":true,"href":"https:\/\/www.hml-fetish.de\/shop\/wp-json\/wp\/v2\/media\/26028"}],"wp:attachment":[{"href":"https:\/\/www.hml-fetish.de\/shop\/wp-json\/wp\/v2\/media?parent=6573"}],"wp:term":[{"taxonomy":"product_brand","embeddable":true,"href":"https:\/\/www.hml-fetish.de\/shop\/wp-json\/wp\/v2\/product_brand?post=6573"},{"taxonomy":"product_cat","embeddable":true,"href":"https:\/\/www.hml-fetish.de\/shop\/wp-json\/wp\/v2\/product_cat?post=6573"},{"taxonomy":"product_tag","embeddable":true,"href":"https:\/\/www.hml-fetish.de\/shop\/wp-json\/wp\/v2\/product_tag?post=6573"}],"curies":[{"name":"wp","href":"https:\/\/api.w.org\/{rel}","templated":true}]}}