{"id":6566,"date":"2022-01-23T22:46:30","date_gmt":"2022-01-23T21:46:30","guid":{"rendered":"https:\/\/www.hml-fetish.de\/shop\/?post_type=product&#038;p=6566"},"modified":"2022-06-02T12:50:14","modified_gmt":"2022-06-02T10:50:14","slug":"klappkarte-red-cap","status":"publish","type":"product","link":"https:\/\/www.hml-fetish.de\/shop\/klappkarte-red-cap\/","title":{"rendered":"Klappkarte Red Cap"},"content":{"rendered":"<p><P>Klappkarte mit Umschlag, Gr\u00f6\u00dfe 105 x 150 mm, gezeichnet in Farbe, Edition Bastille 1987. Diese Geschenk-Karte ist ein Sammlerst\u00fcck, das Du anderswo kaum mehr bekommst.<\/P><\/p>\n","protected":false},"excerpt":{"rendered":"<h4>Klappkarte Red Cap<\/h4>\n<p><P>Klappkarte mit Umschlag, Gr\u00f6\u00dfe 105 x 150 mm, gezeichnet in Farbe, Edition Bastille 1987. Diese Geschenk-Karte ist ein Sammlerst\u00fcck, das Du anderswo kaum mehr bekommst.<\/P><\/p>\n","protected":false},"featured_media":26075,"comment_status":"open","ping_status":"closed","template":"","meta":[],"product_brand":[],"product_cat":[126,123],"product_tag":[],"class_list":{"0":"post-6566","1":"product","2":"type-product","3":"status-publish","4":"has-post-thumbnail","6":"product_cat-grusskarten","7":"product_cat-adult","8":"product_shipping_class-erwachsen","10":"first","11":"instock","12":"taxable","13":"shipping-taxable","14":"purchasable","15":"product-type-simple"},"_links":{"self":[{"href":"https:\/\/www.hml-fetish.de\/shop\/wp-json\/wp\/v2\/product\/6566","targetHints":{"allow":["GET"]}}],"collection":[{"href":"https:\/\/www.hml-fetish.de\/shop\/wp-json\/wp\/v2\/product"}],"about":[{"href":"https:\/\/www.hml-fetish.de\/shop\/wp-json\/wp\/v2\/types\/product"}],"replies":[{"embeddable":true,"href":"https:\/\/www.hml-fetish.de\/shop\/wp-json\/wp\/v2\/comments?post=6566"}],"version-history":[{"count":0,"href":"https:\/\/www.hml-fetish.de\/shop\/wp-json\/wp\/v2\/product\/6566\/revisions"}],"wp:featuredmedia":[{"embeddable":true,"href":"https:\/\/www.hml-fetish.de\/shop\/wp-json\/wp\/v2\/media\/26075"}],"wp:attachment":[{"href":"https:\/\/www.hml-fetish.de\/shop\/wp-json\/wp\/v2\/media?parent=6566"}],"wp:term":[{"taxonomy":"product_brand","embeddable":true,"href":"https:\/\/www.hml-fetish.de\/shop\/wp-json\/wp\/v2\/product_brand?post=6566"},{"taxonomy":"product_cat","embeddable":true,"href":"https:\/\/www.hml-fetish.de\/shop\/wp-json\/wp\/v2\/product_cat?post=6566"},{"taxonomy":"product_tag","embeddable":true,"href":"https:\/\/www.hml-fetish.de\/shop\/wp-json\/wp\/v2\/product_tag?post=6566"}],"curies":[{"name":"wp","href":"https:\/\/api.w.org\/{rel}","templated":true}]}}