{"id":6551,"date":"2022-01-23T22:46:17","date_gmt":"2022-01-23T21:46:17","guid":{"rendered":"https:\/\/www.hml-fetish.de\/shop\/?post_type=product&#038;p=6551"},"modified":"2022-06-26T13:47:37","modified_gmt":"2022-06-26T11:47:37","slug":"breiter-leder-fessel-guertel","status":"publish","type":"product","link":"https:\/\/www.hml-fetish.de\/shop\/breiter-leder-fessel-guertel\/","title":{"rendered":"breiter Leder-Fessel-G\u00fcrtel"},"content":{"rendered":"<p><P>Extra breit und extra stabil. Dieser Bondage Bauchgurt h\u00e4lt, was er verspricht. Der eingearbeitete, dauerhaft haltbar vern\u00e4hte, 4 cm breite Lederg\u00fcrtel mit den schweren, verschwei\u00dften D-Ringen h\u00e4lt eine Menge aus. In die 17 cm breite Version mit zwei G\u00fcrteln kannst Du Dich getrost mit Deinem K\u00f6rpergewicht fallen lassen, aber auch die schmalere, 11 cm breite Version mit einem G\u00fcrtel bietet eine ideale Verankerung f\u00fcr Fesseln aller Art. Durch sein Leder-Innenfutter ist er auch f\u00fcr Metallallergiker erste Wahl.<\/P><br \/>\n<P>Du erh\u00e4ltst diesen exklusiven G\u00fcrtel in mehreren Gr\u00f6\u00dfen, die sich in etwas weiterem Rahmen (ca. 15 cm) verstellen lassen. Neu jetzt auch in extra gro\u00dfen Gr\u00f6\u00dfen!<br \/>\n<BR><img decoding=\"async\" src=\"\/GIF\/size_belt.gif\" alt=\"Gr\u00f6\u00dfentabelle\" title=\"Gr\u00f6\u00dfentabelle\" border=\"0\" height=\"196\" width=\"135\"><\/P><\/p>\n","protected":false},"excerpt":{"rendered":"<h4>breiter Leder-Fessel-G\u00fcrtel<\/h4>\n<p><P>Extra breit und extra stabil. Dieser Bondage Bauchgurt h\u00e4lt, was er verspricht. Der eingearbeitete, dauerhaft haltbar vern\u00e4hte, 4 cm breite Lederg\u00fcrtel mit den schweren, verschwei\u00dften D-Ringen h\u00e4lt eine Menge aus. In die 17 cm breite Version mit zwei G\u00fcrteln kannst Du Dich getrost mit Deinem K\u00f6rpergewicht fallen lassen, aber auch die schmalere, 11 cm breite Version mit einem G\u00fcrtel bietet eine ideale Verankerung f\u00fcr Fesseln aller Art. Durch sein Leder-Innenfutter ist er auch f\u00fcr Metallallergiker erste Wahl.<\/P><\/p>\n","protected":false},"featured_media":26260,"comment_status":"open","ping_status":"closed","template":"","meta":[],"product_brand":[],"product_cat":[163,132,155],"product_tag":[4398],"class_list":{"0":"post-6551","1":"product","2":"type-product","3":"status-publish","4":"has-post-thumbnail","6":"product_cat-lederfesseln","7":"product_cat-dungeon","8":"product_cat-guertel-gurte-2","9":"product_tag-hml-fetish-original","10":"product_shipping_class-paket","12":"first","13":"instock","14":"taxable","15":"shipping-taxable","16":"purchasable","17":"product-type-variable"},"_links":{"self":[{"href":"https:\/\/www.hml-fetish.de\/shop\/wp-json\/wp\/v2\/product\/6551","targetHints":{"allow":["GET"]}}],"collection":[{"href":"https:\/\/www.hml-fetish.de\/shop\/wp-json\/wp\/v2\/product"}],"about":[{"href":"https:\/\/www.hml-fetish.de\/shop\/wp-json\/wp\/v2\/types\/product"}],"replies":[{"embeddable":true,"href":"https:\/\/www.hml-fetish.de\/shop\/wp-json\/wp\/v2\/comments?post=6551"}],"version-history":[{"count":0,"href":"https:\/\/www.hml-fetish.de\/shop\/wp-json\/wp\/v2\/product\/6551\/revisions"}],"wp:featuredmedia":[{"embeddable":true,"href":"https:\/\/www.hml-fetish.de\/shop\/wp-json\/wp\/v2\/media\/26260"}],"wp:attachment":[{"href":"https:\/\/www.hml-fetish.de\/shop\/wp-json\/wp\/v2\/media?parent=6551"}],"wp:term":[{"taxonomy":"product_brand","embeddable":true,"href":"https:\/\/www.hml-fetish.de\/shop\/wp-json\/wp\/v2\/product_brand?post=6551"},{"taxonomy":"product_cat","embeddable":true,"href":"https:\/\/www.hml-fetish.de\/shop\/wp-json\/wp\/v2\/product_cat?post=6551"},{"taxonomy":"product_tag","embeddable":true,"href":"https:\/\/www.hml-fetish.de\/shop\/wp-json\/wp\/v2\/product_tag?post=6551"}],"curies":[{"name":"wp","href":"https:\/\/api.w.org\/{rel}","templated":true}]}}