{"id":6548,"date":"2022-01-23T22:46:17","date_gmt":"2022-01-23T21:46:17","guid":{"rendered":"https:\/\/www.hml-fetish.de\/shop\/?post_type=product&#038;p=6548"},"modified":"2022-10-27T18:14:25","modified_gmt":"2022-10-27T16:14:25","slug":"ketten-wuerger","status":"publish","type":"product","link":"https:\/\/www.hml-fetish.de\/shop\/ketten-wuerger\/","title":{"rendered":"Ketten-W\u00fcrger"},"content":{"rendered":"<p><P>Normalerweise tragen Hunde diesen W\u00fcrger, damit sie nicht \u00fcber die Str\u00e4nge schlagen. Nun: diese Ausf\u00fchrung ist f\u00fcr besonders gro\u00dfe Hunde, die noch keine Anleitung in Breath Control erhalten haben. Das Halsband ist verstellbar (Glieder k\u00f6nnen herausgenommen werden).<\/P><\/p>\n","protected":false},"excerpt":{"rendered":"<h4>Ketten-W\u00fcrger<\/h4>\n<p><P>Normalerweise tragen Hunde diesen W\u00fcrger, damit sie nicht \u00fcber die Str\u00e4nge schlagen. Nun: diese Ausf\u00fchrung ist f\u00fcr besonders gro\u00dfe Hunde, die noch keine Anleitung in Breath Control erhalten haben. Das Halsband ist verstellbar (Glieder k\u00f6nnen herausgenommen werden).<\/P><\/p>\n","protected":false},"featured_media":26363,"comment_status":"open","ping_status":"closed","template":"","meta":[],"product_brand":[],"product_cat":[145,143],"product_tag":[],"class_list":{"0":"post-6548","1":"product","2":"type-product","3":"status-publish","4":"has-post-thumbnail","6":"product_cat-halsbaender","7":"product_cat-petplay","8":"product_shipping_class-brief","10":"first","11":"instock","12":"taxable","13":"shipping-taxable","14":"purchasable","15":"product-type-simple"},"_links":{"self":[{"href":"https:\/\/www.hml-fetish.de\/shop\/wp-json\/wp\/v2\/product\/6548","targetHints":{"allow":["GET"]}}],"collection":[{"href":"https:\/\/www.hml-fetish.de\/shop\/wp-json\/wp\/v2\/product"}],"about":[{"href":"https:\/\/www.hml-fetish.de\/shop\/wp-json\/wp\/v2\/types\/product"}],"replies":[{"embeddable":true,"href":"https:\/\/www.hml-fetish.de\/shop\/wp-json\/wp\/v2\/comments?post=6548"}],"version-history":[{"count":0,"href":"https:\/\/www.hml-fetish.de\/shop\/wp-json\/wp\/v2\/product\/6548\/revisions"}],"wp:featuredmedia":[{"embeddable":true,"href":"https:\/\/www.hml-fetish.de\/shop\/wp-json\/wp\/v2\/media\/26363"}],"wp:attachment":[{"href":"https:\/\/www.hml-fetish.de\/shop\/wp-json\/wp\/v2\/media?parent=6548"}],"wp:term":[{"taxonomy":"product_brand","embeddable":true,"href":"https:\/\/www.hml-fetish.de\/shop\/wp-json\/wp\/v2\/product_brand?post=6548"},{"taxonomy":"product_cat","embeddable":true,"href":"https:\/\/www.hml-fetish.de\/shop\/wp-json\/wp\/v2\/product_cat?post=6548"},{"taxonomy":"product_tag","embeddable":true,"href":"https:\/\/www.hml-fetish.de\/shop\/wp-json\/wp\/v2\/product_tag?post=6548"}],"curies":[{"name":"wp","href":"https:\/\/api.w.org\/{rel}","templated":true}]}}