{"id":6544,"date":"2022-01-23T22:46:16","date_gmt":"2022-01-23T21:46:16","guid":{"rendered":"https:\/\/www.hml-fetish.de\/shop\/?post_type=product&#038;p=6544"},"modified":"2022-06-04T13:28:50","modified_gmt":"2022-06-04T11:28:50","slug":"notizbuch-beach-boy","status":"publish","type":"product","link":"https:\/\/www.hml-fetish.de\/shop\/notizbuch-beach-boy\/","title":{"rendered":"Notizbuch Beach Boy"},"content":{"rendered":"<p><P>Perfekt f\u00fcr Notizen, Deine erste Kurzgeschichte oder auch f\u00fcr dein ganz pers\u00f6nliches Tage-Buch: Dieses Blankbook mit dezent punktierten Seiten ist gedruckt auf festem und hochwertigem Papier. Du solltest es immer bei dir tragen. Schreiben, nicht tippen, also: Schreib was Sch\u00f6nes!<br \/>\n<BR>Format: 15 x 21 cm<br \/>\n<BR>224 Seiten; Hardcover<br \/>\n<BR>Bruno Gm\u00fcnder Verlag<\/P><\/p>\n","protected":false},"excerpt":{"rendered":"<h4>Notizbuch Beach Boy<\/h4>\n<p><P>Perfekt f\u00fcr Notizen, Deine erste Kurzgeschichte oder auch f\u00fcr dein ganz pers\u00f6nliches Tagebuch: Dieses Blankbook mit dezent punktierten Seiten ist gedruckt auf festem und hochwertigem Papier. Du solltest es immer bei dir tragen. Schreiben, nicht tippen, also: Schreib was Sch\u00f6nes!<\/P><\/p>\n","protected":false},"featured_media":26409,"comment_status":"open","ping_status":"closed","template":"","meta":[],"product_brand":[],"product_cat":[125,109,124],"product_tag":[],"class_list":{"0":"post-6544","1":"product","2":"type-product","3":"status-publish","4":"has-post-thumbnail","6":"product_cat-gay-pride","7":"product_cat-autorenecke-mike-gorden","8":"product_cat-buecher-kalender","9":"product_shipping_class-brief","11":"first","12":"instock","13":"taxable","14":"shipping-taxable","15":"purchasable","16":"product-type-simple"},"_links":{"self":[{"href":"https:\/\/www.hml-fetish.de\/shop\/wp-json\/wp\/v2\/product\/6544","targetHints":{"allow":["GET"]}}],"collection":[{"href":"https:\/\/www.hml-fetish.de\/shop\/wp-json\/wp\/v2\/product"}],"about":[{"href":"https:\/\/www.hml-fetish.de\/shop\/wp-json\/wp\/v2\/types\/product"}],"replies":[{"embeddable":true,"href":"https:\/\/www.hml-fetish.de\/shop\/wp-json\/wp\/v2\/comments?post=6544"}],"version-history":[{"count":0,"href":"https:\/\/www.hml-fetish.de\/shop\/wp-json\/wp\/v2\/product\/6544\/revisions"}],"wp:featuredmedia":[{"embeddable":true,"href":"https:\/\/www.hml-fetish.de\/shop\/wp-json\/wp\/v2\/media\/26409"}],"wp:attachment":[{"href":"https:\/\/www.hml-fetish.de\/shop\/wp-json\/wp\/v2\/media?parent=6544"}],"wp:term":[{"taxonomy":"product_brand","embeddable":true,"href":"https:\/\/www.hml-fetish.de\/shop\/wp-json\/wp\/v2\/product_brand?post=6544"},{"taxonomy":"product_cat","embeddable":true,"href":"https:\/\/www.hml-fetish.de\/shop\/wp-json\/wp\/v2\/product_cat?post=6544"},{"taxonomy":"product_tag","embeddable":true,"href":"https:\/\/www.hml-fetish.de\/shop\/wp-json\/wp\/v2\/product_tag?post=6544"}],"curies":[{"name":"wp","href":"https:\/\/api.w.org\/{rel}","templated":true}]}}