{"id":6540,"date":"2022-01-23T22:46:14","date_gmt":"2022-01-23T21:46:14","guid":{"rendered":"https:\/\/www.hml-fetish.de\/shop\/?post_type=product&#038;p=6540"},"modified":"2023-08-16T07:19:34","modified_gmt":"2023-08-16T05:19:34","slug":"lapd-muetzenanstecker","status":"publish","type":"product","link":"https:\/\/www.hml-fetish.de\/shop\/lapd-muetzenanstecker\/","title":{"rendered":"LAPD M\u00fctzenanstecker"},"content":{"rendered":"<p><P>Ein klassischer M\u00fctzenanstecker des Los Angeles Police Department mit ca. 65 x 60 mm Gr\u00f6\u00dfe. Eine besonders schwere Ausf\u00fchrung mit Emaillesiegel \u00bbCity of Los Angeles founded 1781\u00ab und der blauen Aufschrift \u00bbPolice\u00ab unter dem Siegel. Die Befestigung erfolgt hinten einfach mit einer quer verlaufenden Nadel.<br \/>\n<BR>Diesen Anstecker verkaufen wir nicht in die USA.<br \/>\n<BR><B>Auch, wenn es sich nicht um Originale handelt, darf dieser Artikel nicht in der \u00d6ffentlichkeit getragen werden! Es handelt sich lediglich um Sammlerst\u00fccke.<\/B><\/P><\/p>\n","protected":false},"excerpt":{"rendered":"<h4>LAPD M\u00fctzenanstecker<\/h4>\n<p><P>Ein klassischer M\u00fctzenanstecker des Los Angeles Police-Department mit ca. 65 x 60 mm Gr\u00f6\u00dfe. Eine besonders schwere Ausf\u00fchrung mit Emaillesiegel \u00bbCity of Los Angeles founded 1781\u00ab und der blauen Aufschrift \u00bbPolice\u00ab unter dem Siegel. Die Befestigung erfolgt hinten einfach mit einer quer verlaufenden Nadel.<\/P><\/p>\n","protected":false},"featured_media":26449,"comment_status":"open","ping_status":"closed","template":"","meta":[],"product_brand":[],"product_cat":[149],"product_tag":[4382],"class_list":{"0":"post-6540","1":"product","2":"type-product","3":"status-publish","4":"has-post-thumbnail","6":"product_cat-insignia","7":"product_tag-bestseller-police","8":"product_shipping_class-brief","10":"first","11":"instock","12":"taxable","13":"shipping-taxable","14":"purchasable","15":"product-type-simple"},"_links":{"self":[{"href":"https:\/\/www.hml-fetish.de\/shop\/wp-json\/wp\/v2\/product\/6540","targetHints":{"allow":["GET"]}}],"collection":[{"href":"https:\/\/www.hml-fetish.de\/shop\/wp-json\/wp\/v2\/product"}],"about":[{"href":"https:\/\/www.hml-fetish.de\/shop\/wp-json\/wp\/v2\/types\/product"}],"replies":[{"embeddable":true,"href":"https:\/\/www.hml-fetish.de\/shop\/wp-json\/wp\/v2\/comments?post=6540"}],"version-history":[{"count":0,"href":"https:\/\/www.hml-fetish.de\/shop\/wp-json\/wp\/v2\/product\/6540\/revisions"}],"wp:featuredmedia":[{"embeddable":true,"href":"https:\/\/www.hml-fetish.de\/shop\/wp-json\/wp\/v2\/media\/26449"}],"wp:attachment":[{"href":"https:\/\/www.hml-fetish.de\/shop\/wp-json\/wp\/v2\/media?parent=6540"}],"wp:term":[{"taxonomy":"product_brand","embeddable":true,"href":"https:\/\/www.hml-fetish.de\/shop\/wp-json\/wp\/v2\/product_brand?post=6540"},{"taxonomy":"product_cat","embeddable":true,"href":"https:\/\/www.hml-fetish.de\/shop\/wp-json\/wp\/v2\/product_cat?post=6540"},{"taxonomy":"product_tag","embeddable":true,"href":"https:\/\/www.hml-fetish.de\/shop\/wp-json\/wp\/v2\/product_tag?post=6540"}],"curies":[{"name":"wp","href":"https:\/\/api.w.org\/{rel}","templated":true}]}}