{"id":6534,"date":"2022-01-23T22:46:13","date_gmt":"2022-01-23T21:46:13","guid":{"rendered":"https:\/\/www.hml-fetish.de\/shop\/?post_type=product&#038;p=6534"},"modified":"2026-02-17T13:12:17","modified_gmt":"2026-02-17T12:12:17","slug":"u-wear-a-shirt-basic","status":"publish","type":"product","link":"https:\/\/www.hml-fetish.de\/shop\/u-wear-a-shirt-basic\/","title":{"rendered":"U-Wear A-Shirt basic"},"content":{"rendered":"<p><P>u-wear erfindet das Unterhemd neu: ein Tank Top in hauteng konturierter Pa\u00dfform und mit schicken, gesteppten Ziern\u00e4hten, die Deine pers\u00f6nliche K\u00f6rperform betonen. Das Material dieses Tr\u00e4gerhemdes ist richtig hochwertige und formstabile Baumwolle mit 5% Elasthan. Welche Unterw\u00e4sche kannst Du schon bedenkenlos bei 60 Grad waschen?!<br \/>\n<BR><img decoding=\"async\" src=\"\/GIF\/size_unisex_sp.gif\" alt=\"Gr\u00f6\u00dfentabelle\" title=\"Gr\u00f6\u00dfentabelle\" border=\"0\" height=\"194\" width=\"114\"><\/P><\/p>\n","protected":false},"excerpt":{"rendered":"<h4>U-Wear A-Shirt basic<\/h4>\n<p><P>u-wear erfindet das Unterhemd neu: ein Tank Top in hauteng konturierter Pa\u00dfform und mit schicken, gesteppten Ziern\u00e4hten, die Deine pers\u00f6nliche K\u00f6rperform betonen. Das Material dieses Tr\u00e4gerhemdes ist richtig hochwertige und formstabile Baumwolle mit 5% Elasthan.<\/P><\/p>\n","protected":false},"featured_media":26650,"comment_status":"open","ping_status":"closed","template":"","meta":[],"product_brand":[],"product_cat":[116,108],"product_tag":[],"class_list":{"0":"post-6534","1":"product","2":"type-product","3":"status-publish","4":"has-post-thumbnail","6":"product_cat-shirts-tops","7":"product_cat-restposten-einzelstuecke","8":"product_shipping_class-brief","10":"first","11":"instock","12":"sale","13":"taxable","14":"shipping-taxable","15":"purchasable","16":"product-type-variable"},"_links":{"self":[{"href":"https:\/\/www.hml-fetish.de\/shop\/wp-json\/wp\/v2\/product\/6534","targetHints":{"allow":["GET"]}}],"collection":[{"href":"https:\/\/www.hml-fetish.de\/shop\/wp-json\/wp\/v2\/product"}],"about":[{"href":"https:\/\/www.hml-fetish.de\/shop\/wp-json\/wp\/v2\/types\/product"}],"replies":[{"embeddable":true,"href":"https:\/\/www.hml-fetish.de\/shop\/wp-json\/wp\/v2\/comments?post=6534"}],"version-history":[{"count":0,"href":"https:\/\/www.hml-fetish.de\/shop\/wp-json\/wp\/v2\/product\/6534\/revisions"}],"wp:featuredmedia":[{"embeddable":true,"href":"https:\/\/www.hml-fetish.de\/shop\/wp-json\/wp\/v2\/media\/26650"}],"wp:attachment":[{"href":"https:\/\/www.hml-fetish.de\/shop\/wp-json\/wp\/v2\/media?parent=6534"}],"wp:term":[{"taxonomy":"product_brand","embeddable":true,"href":"https:\/\/www.hml-fetish.de\/shop\/wp-json\/wp\/v2\/product_brand?post=6534"},{"taxonomy":"product_cat","embeddable":true,"href":"https:\/\/www.hml-fetish.de\/shop\/wp-json\/wp\/v2\/product_cat?post=6534"},{"taxonomy":"product_tag","embeddable":true,"href":"https:\/\/www.hml-fetish.de\/shop\/wp-json\/wp\/v2\/product_tag?post=6534"}],"curies":[{"name":"wp","href":"https:\/\/api.w.org\/{rel}","templated":true}]}}