{"id":6530,"date":"2022-01-23T22:46:12","date_gmt":"2022-01-23T21:46:12","guid":{"rendered":"https:\/\/www.hml-fetish.de\/shop\/?post_type=product&#038;p=6530"},"modified":"2026-04-10T16:38:31","modified_gmt":"2026-04-10T14:38:31","slug":"nypd-csi-aermelaufnaeher","status":"publish","type":"product","link":"https:\/\/www.hml-fetish.de\/shop\/nypd-csi-aermelaufnaeher\/","title":{"rendered":"NYPD CSI \u00c4rmelaufn\u00e4her"},"content":{"rendered":"<p><P>\u00c4rmelaufn\u00e4her der Crime-Scene Investigation (CSI) des New-York Police Departments (NYPD) als Sammlerst\u00fcck. Etwa 10 cm x 12 cm gro\u00df. <B>Auch, wenn es sich nicht um Originale handelt, darf dieser Artikel nicht in der \u00d6ffentlichkeit getragen werden! Es handelt sich lediglich um Sammlerst\u00fccke.<\/B><\/P><\/p>\n","protected":false},"excerpt":{"rendered":"<h4>NYPD CSI \u00c4rmelaufn\u00e4her<\/h4>\n<p><P>\u00c4rmelaufn\u00e4her der Crime-Scene Investigation (CSI) des New-York Police Departments (NYPD) als Sammlerst\u00fcck. Etwa 10 cm x 12 cm gro\u00df. <B>Auch, wenn es sich nicht um Originale handelt, darf dieser Artikel nicht in der \u00d6ffentlichkeit getragen werden! Es handelt sich lediglich um Sammlerst\u00fccke.<\/B><\/P><\/p>\n","protected":false},"featured_media":26701,"comment_status":"open","ping_status":"closed","template":"","meta":[],"product_brand":[],"product_cat":[149],"product_tag":[],"class_list":{"0":"post-6530","1":"product","2":"type-product","3":"status-publish","4":"has-post-thumbnail","6":"product_cat-insignia","7":"product_shipping_class-brief","9":"first","10":"instock","11":"taxable","12":"shipping-taxable","13":"purchasable","14":"product-type-simple"},"_links":{"self":[{"href":"https:\/\/www.hml-fetish.de\/shop\/wp-json\/wp\/v2\/product\/6530","targetHints":{"allow":["GET"]}}],"collection":[{"href":"https:\/\/www.hml-fetish.de\/shop\/wp-json\/wp\/v2\/product"}],"about":[{"href":"https:\/\/www.hml-fetish.de\/shop\/wp-json\/wp\/v2\/types\/product"}],"replies":[{"embeddable":true,"href":"https:\/\/www.hml-fetish.de\/shop\/wp-json\/wp\/v2\/comments?post=6530"}],"version-history":[{"count":0,"href":"https:\/\/www.hml-fetish.de\/shop\/wp-json\/wp\/v2\/product\/6530\/revisions"}],"wp:featuredmedia":[{"embeddable":true,"href":"https:\/\/www.hml-fetish.de\/shop\/wp-json\/wp\/v2\/media\/26701"}],"wp:attachment":[{"href":"https:\/\/www.hml-fetish.de\/shop\/wp-json\/wp\/v2\/media?parent=6530"}],"wp:term":[{"taxonomy":"product_brand","embeddable":true,"href":"https:\/\/www.hml-fetish.de\/shop\/wp-json\/wp\/v2\/product_brand?post=6530"},{"taxonomy":"product_cat","embeddable":true,"href":"https:\/\/www.hml-fetish.de\/shop\/wp-json\/wp\/v2\/product_cat?post=6530"},{"taxonomy":"product_tag","embeddable":true,"href":"https:\/\/www.hml-fetish.de\/shop\/wp-json\/wp\/v2\/product_tag?post=6530"}],"curies":[{"name":"wp","href":"https:\/\/api.w.org\/{rel}","templated":true}]}}