{"id":6529,"date":"2022-01-23T22:45:53","date_gmt":"2022-01-23T21:45:53","guid":{"rendered":"https:\/\/www.hml-fetish.de\/shop\/?post_type=product&#038;p=6529"},"modified":"2026-04-10T16:38:31","modified_gmt":"2026-04-10T14:38:31","slug":"fdny-aufnaeher","status":"publish","type":"product","link":"https:\/\/www.hml-fetish.de\/shop\/fdny-aufnaeher\/","title":{"rendered":"FDNY Aufn\u00e4her"},"content":{"rendered":"<p><P>Ein \u00c4rmel-Aufn\u00e4her des Fire-Departments City of New York (FDNY) als Sammlerst\u00fcck. 10 cm breit und 12 cm hoch. <B>Auch, wenn es sich nicht um Originale handelt, darf dieser Artikel nicht in der \u00d6ffentlichkeit getragen werden! Es handelt sich lediglich um Sammlerst\u00fccke.<\/B><\/P><\/p>\n","protected":false},"excerpt":{"rendered":"<h4>FDNY Aufn\u00e4her<\/h4>\n<p><P>Ein \u00c4rmel-Aufn\u00e4her des Fire-Departments City of New York (FDNY) als Sammlerst\u00fcck. 10 cm breit und 12 cm hoch. <B>Auch, wenn es sich nicht um Originale handelt, darf dieser Artikel nicht in der \u00d6ffentlichkeit getragen werden! Es handelt sich lediglich um Sammlerst\u00fccke.<\/B><\/P><\/p>\n","protected":false},"featured_media":26712,"comment_status":"open","ping_status":"closed","template":"","meta":[],"product_brand":[],"product_cat":[149],"product_tag":[],"class_list":{"0":"post-6529","1":"product","2":"type-product","3":"status-publish","4":"has-post-thumbnail","6":"product_cat-insignia","7":"product_shipping_class-brief","9":"first","10":"instock","11":"taxable","12":"shipping-taxable","13":"purchasable","14":"product-type-simple"},"_links":{"self":[{"href":"https:\/\/www.hml-fetish.de\/shop\/wp-json\/wp\/v2\/product\/6529","targetHints":{"allow":["GET"]}}],"collection":[{"href":"https:\/\/www.hml-fetish.de\/shop\/wp-json\/wp\/v2\/product"}],"about":[{"href":"https:\/\/www.hml-fetish.de\/shop\/wp-json\/wp\/v2\/types\/product"}],"replies":[{"embeddable":true,"href":"https:\/\/www.hml-fetish.de\/shop\/wp-json\/wp\/v2\/comments?post=6529"}],"version-history":[{"count":0,"href":"https:\/\/www.hml-fetish.de\/shop\/wp-json\/wp\/v2\/product\/6529\/revisions"}],"wp:featuredmedia":[{"embeddable":true,"href":"https:\/\/www.hml-fetish.de\/shop\/wp-json\/wp\/v2\/media\/26712"}],"wp:attachment":[{"href":"https:\/\/www.hml-fetish.de\/shop\/wp-json\/wp\/v2\/media?parent=6529"}],"wp:term":[{"taxonomy":"product_brand","embeddable":true,"href":"https:\/\/www.hml-fetish.de\/shop\/wp-json\/wp\/v2\/product_brand?post=6529"},{"taxonomy":"product_cat","embeddable":true,"href":"https:\/\/www.hml-fetish.de\/shop\/wp-json\/wp\/v2\/product_cat?post=6529"},{"taxonomy":"product_tag","embeddable":true,"href":"https:\/\/www.hml-fetish.de\/shop\/wp-json\/wp\/v2\/product_tag?post=6529"}],"curies":[{"name":"wp","href":"https:\/\/api.w.org\/{rel}","templated":true}]}}