{"id":6528,"date":"2022-01-23T22:45:52","date_gmt":"2022-01-23T21:45:52","guid":{"rendered":"https:\/\/www.hml-fetish.de\/shop\/?post_type=product&#038;p=6528"},"modified":"2026-04-10T16:38:31","modified_gmt":"2026-04-10T14:38:31","slug":"loss-prevention-officer-aufnaeher","status":"publish","type":"product","link":"https:\/\/www.hml-fetish.de\/shop\/loss-prevention-officer-aufnaeher\/","title":{"rendered":"Loss Prevention Officer Aufn\u00e4her"},"content":{"rendered":"<p><P>Der Brust-Dienstmarken-Aufn\u00e4her wie er typisch von Beratern der Kripo in den USA getragen wird. Gr\u00f6sse etwa 6,5 cm x 8,5 cm. Ein Uniform-Outfit mit diesem Patch kannst du auch in der \u00d6ffentlichkeit tragen, da er nicht eine spezielle Beh\u00f6rde repr\u00e4sentiert.<\/P><\/p>\n","protected":false},"excerpt":{"rendered":"<h4>Loss Prevention Officer Aufn\u00e4her<\/h4>\n<p><P>Der Brust-Dienstmarken-Aufn\u00e4her wie er typisch von Beratern der Kripo in den USA getragen wird. Gr\u00f6sse etwa 6,5 cm x 8,5 cm. Ein Uniform-Outfit mit diesem Patch kannst du auch in der \u00d6ffentlichkeit tragen, da er nicht eine spezielle Beh\u00f6rde repr\u00e4sentiert.<\/P><\/p>\n","protected":false},"featured_media":26718,"comment_status":"open","ping_status":"closed","template":"","meta":[],"product_brand":[],"product_cat":[149],"product_tag":[],"class_list":{"0":"post-6528","1":"product","2":"type-product","3":"status-publish","4":"has-post-thumbnail","6":"product_cat-insignia","7":"product_shipping_class-brief","9":"first","10":"instock","11":"taxable","12":"shipping-taxable","13":"purchasable","14":"product-type-simple"},"_links":{"self":[{"href":"https:\/\/www.hml-fetish.de\/shop\/wp-json\/wp\/v2\/product\/6528","targetHints":{"allow":["GET"]}}],"collection":[{"href":"https:\/\/www.hml-fetish.de\/shop\/wp-json\/wp\/v2\/product"}],"about":[{"href":"https:\/\/www.hml-fetish.de\/shop\/wp-json\/wp\/v2\/types\/product"}],"replies":[{"embeddable":true,"href":"https:\/\/www.hml-fetish.de\/shop\/wp-json\/wp\/v2\/comments?post=6528"}],"version-history":[{"count":0,"href":"https:\/\/www.hml-fetish.de\/shop\/wp-json\/wp\/v2\/product\/6528\/revisions"}],"wp:featuredmedia":[{"embeddable":true,"href":"https:\/\/www.hml-fetish.de\/shop\/wp-json\/wp\/v2\/media\/26718"}],"wp:attachment":[{"href":"https:\/\/www.hml-fetish.de\/shop\/wp-json\/wp\/v2\/media?parent=6528"}],"wp:term":[{"taxonomy":"product_brand","embeddable":true,"href":"https:\/\/www.hml-fetish.de\/shop\/wp-json\/wp\/v2\/product_brand?post=6528"},{"taxonomy":"product_cat","embeddable":true,"href":"https:\/\/www.hml-fetish.de\/shop\/wp-json\/wp\/v2\/product_cat?post=6528"},{"taxonomy":"product_tag","embeddable":true,"href":"https:\/\/www.hml-fetish.de\/shop\/wp-json\/wp\/v2\/product_tag?post=6528"}],"curies":[{"name":"wp","href":"https:\/\/api.w.org\/{rel}","templated":true}]}}