{"id":6527,"date":"2022-01-23T22:45:52","date_gmt":"2022-01-23T21:45:52","guid":{"rendered":"https:\/\/www.hml-fetish.de\/shop\/?post_type=product&#038;p=6527"},"modified":"2026-02-10T17:12:04","modified_gmt":"2026-02-10T16:12:04","slug":"aufnaeher-gay-pride","status":"publish","type":"product","link":"https:\/\/www.hml-fetish.de\/shop\/aufnaeher-gay-pride\/","title":{"rendered":"Aufn\u00e4her Gay-Pride"},"content":{"rendered":"<p><P>Ein Aufn\u00e4her in 3 cm x 5 cm Gr\u00f6\u00dfe. Macht sich gut auf dem \u00c4rmel Deiner Jacke \u2013 da wo die Bundis das Landeswappen tragen. Ach ja: Rot ist immer oben.<\/P><\/p>\n","protected":false},"excerpt":{"rendered":"<h4>Aufn\u00e4her Gay-Pride<\/h4>\n<p><P>Ein Aufn\u00e4her in 3 cm x 5 cm Gr\u00f6\u00dfe. Macht sich gut auf dem \u00c4rmel Deiner Jacke \u2013 da wo die Bundis das Landeswappen tragen.<\/P><\/p>\n","protected":false},"featured_media":26726,"comment_status":"open","ping_status":"closed","template":"","meta":[],"product_brand":[],"product_cat":[125],"product_tag":[],"class_list":{"0":"post-6527","1":"product","2":"type-product","3":"status-publish","4":"has-post-thumbnail","6":"product_cat-gay-pride","7":"product_shipping_class-brief","9":"first","10":"instock","11":"taxable","12":"shipping-taxable","13":"purchasable","14":"product-type-simple"},"_links":{"self":[{"href":"https:\/\/www.hml-fetish.de\/shop\/wp-json\/wp\/v2\/product\/6527","targetHints":{"allow":["GET"]}}],"collection":[{"href":"https:\/\/www.hml-fetish.de\/shop\/wp-json\/wp\/v2\/product"}],"about":[{"href":"https:\/\/www.hml-fetish.de\/shop\/wp-json\/wp\/v2\/types\/product"}],"replies":[{"embeddable":true,"href":"https:\/\/www.hml-fetish.de\/shop\/wp-json\/wp\/v2\/comments?post=6527"}],"version-history":[{"count":0,"href":"https:\/\/www.hml-fetish.de\/shop\/wp-json\/wp\/v2\/product\/6527\/revisions"}],"wp:featuredmedia":[{"embeddable":true,"href":"https:\/\/www.hml-fetish.de\/shop\/wp-json\/wp\/v2\/media\/26726"}],"wp:attachment":[{"href":"https:\/\/www.hml-fetish.de\/shop\/wp-json\/wp\/v2\/media?parent=6527"}],"wp:term":[{"taxonomy":"product_brand","embeddable":true,"href":"https:\/\/www.hml-fetish.de\/shop\/wp-json\/wp\/v2\/product_brand?post=6527"},{"taxonomy":"product_cat","embeddable":true,"href":"https:\/\/www.hml-fetish.de\/shop\/wp-json\/wp\/v2\/product_cat?post=6527"},{"taxonomy":"product_tag","embeddable":true,"href":"https:\/\/www.hml-fetish.de\/shop\/wp-json\/wp\/v2\/product_tag?post=6527"}],"curies":[{"name":"wp","href":"https:\/\/api.w.org\/{rel}","templated":true}]}}